{"id":1241,"date":"2013-04-19T19:43:50","date_gmt":"2013-04-19T19:43:50","guid":{"rendered":"http:\/\/www.fyysika.ee\/vorgustik\/?page_id=1241"},"modified":"2013-06-28T13:14:05","modified_gmt":"2013-06-28T13:14:05","slug":"koolifuusika-list","status":"publish","type":"page","link":"http:\/\/www.fyysika.ee\/vorgustik\/?page_id=1241","title":{"rendered":"Koolif\u00fc\u00fcsika list"},"content":{"rendered":"<h3><span style=\"color: #008000;\">Mis on koolif\u00fc\u00fcsika list?<\/span> <a title=\"KoFy\" href=\"http:\/\/lists.ut.ee:8888\/wws\/info\/kool.fyysika\">http:\/\/lists.ut.ee:8888\/wws\/info\/kool.fyysika<\/a><\/h3>\n<p>F\u00fc\u00fcsika\u00f5petajate koost\u00f6\u00f6 ja informeerituse huvides tuleks pidada normaalseks, et k\u00f5ik meie f\u00fc\u00fcsika\u00f5petajad kuuluvad koolif\u00fc\u00fcsika listi. F\u00fc\u00fcsika\u00f5petajateks, on siin peetud k\u00f5iki, kes mingis kooliastmes f\u00fc\u00fcsikat ja 7. klassis loodus\u00f5petust \u00f5petavad ja sellega seonduvast huvitatud on. F\u00fc\u00fcsika\u00f5petajate organiseerumisega (EFS \u00f5petajate osakonnaga, v\u00f5rgustikuga, ainesektsioonidega jm) on olnud <a title=\"Lugu\" href=\"http:\/\/www.fyysika.ee\/vorgustik\/?page_id=14\">teada-tuntud lugu<\/a> l\u00e4bi aastak\u00fcmnete ja \u00fcldjoontes on lugu selline ka praegu. Seega on koolif\u00fc\u00fcsika list k\u00f5igile f\u00fc\u00fcsikaga seotuile vajalik, kuigi mitte kohustuslik.<\/p>\n<h3><span style=\"color: #008000;\">Kuidas listi liikmeks saada?<\/span><\/h3>\n<p>Kui saata aadressile <a href=\"mailto:sympa@lists.ut.ee\">sympa@lists.ut.ee<\/a> kiri, mille p\u00e4ises on rida:<br \/>\nsubscribe kool.fyysika \u201eoma nimi\u201d,<br \/>\nl\u00e4heb liitumisavaldus listihaldurile. Sedasama saab teha ka <a title=\"Listi leht\" href=\"http:\/\/lists.ut.ee:8888\/wws\/info\/kool.fyysika\">listi kodulehel<\/a> nupuga &lt;Liitu listiga&gt;. Kui listihaldur veendub, et soovija t\u00f5esti on koolif\u00fc\u00fcsikaga seotud, siis saabki listi liikmeks. Soovitav on kasutada meiliaadressi, kus p\u00e4risnimi ja seos koolif\u00fc\u00fcsikaga on v\u00e4ljaloetav, l\u00e4heb libedamalt.<\/p>\n<h3><span style=\"color: #008000;\">Kui meiliaadress muutub&#8230;<\/span><\/h3>\n<p>T\u00f6\u00f6koha vahetamisel v\u00f5i kooli nime muutumisel muutub tihti ka meiliaadress. Listi j\u00e4\u00e4b ikka vana ja listirobot Sympa saadab haldurile veateateid olematu aadressi teemal. Seep\u00e4rast tasub olla hoolas, uus aadress registreerida ja vana maha v\u00f5tta.<\/p>\n","protected":false},"excerpt":{"rendered":"<p>Mis on koolif\u00fc\u00fcsika list? http:\/\/lists.ut.ee:8888\/wws\/info\/kool.fyysika F\u00fc\u00fcsika\u00f5petajate koost\u00f6\u00f6 ja informeerituse huvides tuleks pidada normaalseks, et k\u00f5ik meie f\u00fc\u00fcsika\u00f5petajad kuuluvad koolif\u00fc\u00fcsika listi. F\u00fc\u00fcsika\u00f5petajateks, on siin peetud k\u00f5iki, kes mingis kooliastmes f\u00fc\u00fcsikat ja 7. klassis loodus\u00f5petust \u00f5petavad ja sellega seonduvast huvitatud on. F\u00fc\u00fcsika\u00f5petajate organiseerumisega (EFS \u00f5petajate osakonnaga, v\u00f5rgustikuga, ainesektsioonidega jm) on olnud teada-tuntud lugu l\u00e4bi aastak\u00fcmnete ja \u00fcldjoontes &hellip; <\/p>\n<p class=\"link-more\"><a href=\"http:\/\/www.fyysika.ee\/vorgustik\/?page_id=1241\" class=\"more-link\">Loe edasi<span class=\"screen-reader-text\"> &#8220;Koolif\u00fc\u00fcsika list&#8221;<\/span><\/a><\/p>\n","protected":false},"author":2,"featured_media":0,"parent":2,"menu_order":0,"comment_status":"open","ping_status":"open","template":"","meta":[],"_links":{"self":[{"href":"http:\/\/www.fyysika.ee\/vorgustik\/index.php?rest_route=\/wp\/v2\/pages\/1241"}],"collection":[{"href":"http:\/\/www.fyysika.ee\/vorgustik\/index.php?rest_route=\/wp\/v2\/pages"}],"about":[{"href":"http:\/\/www.fyysika.ee\/vorgustik\/index.php?rest_route=\/wp\/v2\/types\/page"}],"author":[{"embeddable":true,"href":"http:\/\/www.fyysika.ee\/vorgustik\/index.php?rest_route=\/wp\/v2\/users\/2"}],"replies":[{"embeddable":true,"href":"http:\/\/www.fyysika.ee\/vorgustik\/index.php?rest_route=%2Fwp%2Fv2%2Fcomments&post=1241"}],"version-history":[{"count":6,"href":"http:\/\/www.fyysika.ee\/vorgustik\/index.php?rest_route=\/wp\/v2\/pages\/1241\/revisions"}],"predecessor-version":[{"id":1262,"href":"http:\/\/www.fyysika.ee\/vorgustik\/index.php?rest_route=\/wp\/v2\/pages\/1241\/revisions\/1262"}],"up":[{"embeddable":true,"href":"http:\/\/www.fyysika.ee\/vorgustik\/index.php?rest_route=\/wp\/v2\/pages\/2"}],"wp:attachment":[{"href":"http:\/\/www.fyysika.ee\/vorgustik\/index.php?rest_route=%2Fwp%2Fv2%2Fmedia&parent=1241"}],"curies":[{"name":"wp","href":"https:\/\/api.w.org\/{rel}","templated":true}]}}