{"id":1389,"date":"2018-08-08T20:21:03","date_gmt":"2018-08-08T20:21:03","guid":{"rendered":"http:\/\/www.fyysika.ee\/vorgustik\/?page_id=1389"},"modified":"2018-09-13T20:34:31","modified_gmt":"2018-09-13T20:34:31","slug":"seminarid-ja-koolitused-2018-2019","status":"publish","type":"page","link":"http:\/\/www.fyysika.ee\/vorgustik\/?page_id=1389","title":{"rendered":"Seminarid ja koolitused 2018\/2019"},"content":{"rendered":"<p><strong>F\u00fc\u00fcsika \u00f5pikojad Eesti koolides<\/strong><\/p>\n<p>\u00d5pikodade programmi raames toimuvad koolides eksperimentidel ja praktilistel t\u00f6\u00f6del p\u00f5hinevad\u00a0<span style=\"font-size: 1rem;\">f\u00fc\u00fcsika (samuti keemia ja bioloogia)<\/span><span style=\"font-size: 1rem;\">\u00a0tunnid<\/span><span style=\"font-size: 1rem;\">. Iga selline tund on valmis hea meelega vastu v\u00f5tma ka f\u00fc\u00fcsika\u00f5petajaid, kes saavad tundi vaadelda v\u00f5i seda ka kaasa teha. Toimuvad p\u00f5hikooli ja g\u00fcmnaasiumi \u00f5pikojad.\u00a0 \u00d5pikojad k\u00e4ivituvad oktoobri alguses. Info nende toimumise kohta ilmub <a href=\"http:\/\/www.fyysika.ee\/vorgustik\/?page_id=1365\">kalendris<\/a>.\u00a0<\/span><\/p>\n<p><strong>Teemap\u00e4evad T\u00dc f\u00fc\u00fcsika instituudis<\/strong><\/p>\n<p>Demokatsed on f\u00fc\u00fcsika \u00f5ppimisel olulised, samas on neid tihti keeruline ette valmistada ja l\u00e4bi viia.\u00a0 Korraldame 2018\/2019 Tartus f\u00fc\u00fcsika instituudis neli teemap\u00e4eva &#8211; valguse p\u00e4ev, mehaanika p\u00e4ev, elektri p\u00e4ev ja soojuse p\u00e4ev. Teemap\u00e4evadel pakume v\u00f5imalust kohased demokatsed \u00e4ra vaadata. Lisaks sellele saab teada &#8220;milleks seda k\u00f5ike vaja on&#8221;, st toimuvad loengud, kus r\u00e4\u00e4gitakse konkreetse teemaga seotud p\u00f5nevamatest rakendustest. Oodatud on nii \u00f5pilased kui ka \u00f5petajad.<\/p>\n<p><span style=\"font-size: 1rem;\">2018. aasta novembri teises pooles toimuvad valguse ja mehaanika p\u00e4evad. Elektri ja soojuse p\u00e4evad tulevad kevadel. Info teemap\u00e4evade toimumise kohta ilmub Mesilases ja\u00a0<a href=\"http:\/\/www.fyysika.ee\/vorgustik\/?page_id=1365\">kalendris<\/a>. Vajalik etteregistreerumine.\u00a0<\/span><\/p>\n<p><strong>Piirkondlikud f\u00fc\u00fcsika\u00f5petajate koolitused<\/strong><\/p>\n<p>T\u00dc koolif\u00fc\u00fcsika keskus viib l\u00e4bi \u00fchep\u00e4evaseid koolitusi kohtadel. Piirkonna f\u00fc\u00fcsika\u00f5petajad peaksid organiseeruma, m\u00f5tlema v\u00e4lja koolituse teema ning oma soovist siis teada andma.<\/p>\n<p>L\u00e4hin\u00e4dalatel formuleerime ka omalt poolt m\u00f5ned teemad. Info ilmub siin lehel ja Mesilases.<\/p>\n<p><strong>Mikro- ja nanokursused n\u00e4dalakirjas Mesilane<\/strong><\/p>\n<p>Lisaks ajalikule infole hakkavad <a href=\"http:\/\/www.fyysika.ee\/vorgustik\/?page_id=1412\">Mesilases<\/a> ilmuma ka l\u00fchikesed e-kursused, kus k\u00e4iakse l\u00e4bi m\u00f5ni h\u00e4sti piiritletud teema v\u00f5i k\u00fcsimus.<\/p>\n<p>K\u00f5ikide k\u00fcsimustega saab p\u00f6\u00f6rduda aadressil vorgustik@fyysika.ee.<\/p>\n","protected":false},"excerpt":{"rendered":"<p>F\u00fc\u00fcsika \u00f5pikojad Eesti koolides \u00d5pikodade programmi raames toimuvad koolides eksperimentidel ja praktilistel t\u00f6\u00f6del p\u00f5hinevad\u00a0f\u00fc\u00fcsika (samuti keemia ja bioloogia)\u00a0tunnid. Iga selline tund on valmis hea meelega vastu v\u00f5tma ka f\u00fc\u00fcsika\u00f5petajaid, kes saavad tundi vaadelda v\u00f5i seda ka kaasa teha. Toimuvad p\u00f5hikooli ja g\u00fcmnaasiumi \u00f5pikojad.\u00a0 \u00d5pikojad k\u00e4ivituvad oktoobri alguses. Info nende toimumise kohta ilmub kalendris.\u00a0 Teemap\u00e4evad T\u00dc &hellip; <\/p>\n<p class=\"link-more\"><a href=\"http:\/\/www.fyysika.ee\/vorgustik\/?page_id=1389\" class=\"more-link\">Loe edasi<span class=\"screen-reader-text\"> &#8220;Seminarid ja koolitused 2018\/2019&#8221;<\/span><\/a><\/p>\n","protected":false},"author":1,"featured_media":0,"parent":0,"menu_order":0,"comment_status":"closed","ping_status":"closed","template":"","meta":[],"_links":{"self":[{"href":"http:\/\/www.fyysika.ee\/vorgustik\/index.php?rest_route=\/wp\/v2\/pages\/1389"}],"collection":[{"href":"http:\/\/www.fyysika.ee\/vorgustik\/index.php?rest_route=\/wp\/v2\/pages"}],"about":[{"href":"http:\/\/www.fyysika.ee\/vorgustik\/index.php?rest_route=\/wp\/v2\/types\/page"}],"author":[{"embeddable":true,"href":"http:\/\/www.fyysika.ee\/vorgustik\/index.php?rest_route=\/wp\/v2\/users\/1"}],"replies":[{"embeddable":true,"href":"http:\/\/www.fyysika.ee\/vorgustik\/index.php?rest_route=%2Fwp%2Fv2%2Fcomments&post=1389"}],"version-history":[{"count":7,"href":"http:\/\/www.fyysika.ee\/vorgustik\/index.php?rest_route=\/wp\/v2\/pages\/1389\/revisions"}],"predecessor-version":[{"id":1523,"href":"http:\/\/www.fyysika.ee\/vorgustik\/index.php?rest_route=\/wp\/v2\/pages\/1389\/revisions\/1523"}],"wp:attachment":[{"href":"http:\/\/www.fyysika.ee\/vorgustik\/index.php?rest_route=%2Fwp%2Fv2%2Fmedia&parent=1389"}],"curies":[{"name":"wp","href":"https:\/\/api.w.org\/{rel}","templated":true}]}}