{"id":1412,"date":"2018-08-10T06:27:24","date_gmt":"2018-08-10T06:27:24","guid":{"rendered":"http:\/\/www.fyysika.ee\/vorgustik\/?page_id=1412"},"modified":"2018-08-10T06:43:29","modified_gmt":"2018-08-10T06:43:29","slug":"nadalakiri-mesilane","status":"publish","type":"page","link":"http:\/\/www.fyysika.ee\/vorgustik\/?page_id=1412","title":{"rendered":"N\u00e4dalakiri Mesilane"},"content":{"rendered":"<p>N\u00e4dalakiri Mesilane on regulaarselt ilmuv ja e-kirjana leviv uudiskiri, kus k\u00e4sitletakse asju, mis tunduvad koolif\u00fc\u00fcsika kontekstis p\u00f5nevad ja vajalikud. Suhtume ka v\u00e4ga positiivselt ainetevahelisse l\u00f5imingusse ja igap\u00e4evaelu ning looduskeskkonda puudutavatesse teemadesse. Samuti teaduse ja tehnoloogia vallas toimuvasse.<\/p>\n<p>Mesilase arhiiv on <a href=\"https:\/\/opik.fyysika.ee\/index.php\/book\/view\/49\">f\u00fc\u00fcsika e-\u00f5pikus<\/a>. Liitumiseks saatke palun e-kiri aadressile mesilane@fyysika.ee<\/p>\n","protected":false},"excerpt":{"rendered":"<p>N\u00e4dalakiri Mesilane on regulaarselt ilmuv ja e-kirjana leviv uudiskiri, kus k\u00e4sitletakse asju, mis tunduvad koolif\u00fc\u00fcsika kontekstis p\u00f5nevad ja vajalikud. Suhtume ka v\u00e4ga positiivselt ainetevahelisse l\u00f5imingusse ja igap\u00e4evaelu ning looduskeskkonda puudutavatesse teemadesse. Samuti teaduse ja tehnoloogia vallas toimuvasse. Mesilase arhiiv on f\u00fc\u00fcsika e-\u00f5pikus. Liitumiseks saatke palun e-kiri aadressile mesilane@fyysika.ee<\/p>\n","protected":false},"author":1,"featured_media":0,"parent":0,"menu_order":0,"comment_status":"closed","ping_status":"closed","template":"","meta":[],"_links":{"self":[{"href":"http:\/\/www.fyysika.ee\/vorgustik\/index.php?rest_route=\/wp\/v2\/pages\/1412"}],"collection":[{"href":"http:\/\/www.fyysika.ee\/vorgustik\/index.php?rest_route=\/wp\/v2\/pages"}],"about":[{"href":"http:\/\/www.fyysika.ee\/vorgustik\/index.php?rest_route=\/wp\/v2\/types\/page"}],"author":[{"embeddable":true,"href":"http:\/\/www.fyysika.ee\/vorgustik\/index.php?rest_route=\/wp\/v2\/users\/1"}],"replies":[{"embeddable":true,"href":"http:\/\/www.fyysika.ee\/vorgustik\/index.php?rest_route=%2Fwp%2Fv2%2Fcomments&post=1412"}],"version-history":[{"count":4,"href":"http:\/\/www.fyysika.ee\/vorgustik\/index.php?rest_route=\/wp\/v2\/pages\/1412\/revisions"}],"predecessor-version":[{"id":1417,"href":"http:\/\/www.fyysika.ee\/vorgustik\/index.php?rest_route=\/wp\/v2\/pages\/1412\/revisions\/1417"}],"wp:attachment":[{"href":"http:\/\/www.fyysika.ee\/vorgustik\/index.php?rest_route=%2Fwp%2Fv2%2Fmedia&parent=1412"}],"curies":[{"name":"wp","href":"https:\/\/api.w.org\/{rel}","templated":true}]}}