{"id":1544,"date":"2019-04-07T11:03:40","date_gmt":"2019-04-07T08:03:40","guid":{"rendered":"http:\/\/www.fyysika.ee\/vorgustik\/?page_id=1544"},"modified":"2019-04-25T14:58:35","modified_gmt":"2019-04-25T11:58:35","slug":"xxxxi-fuusikaopetajate-paevad","status":"publish","type":"page","link":"http:\/\/www.fyysika.ee\/vorgustik\/?page_id=1544","title":{"rendered":"XLI f\u00fc\u00fcsika\u00f5petajate p\u00e4evad"},"content":{"rendered":"<p>XLIX Eesti f\u00fc\u00fcsikap\u00e4evad ja XLI f\u00fc\u00fcsika\u00f5petajate p\u00e4evad toimuvad 26.-27. aprillil Tartus, T\u00dc F\u00fc\u00fcsikumis ja Tallinnas, Eesti Teaduste Akadeemia hoones.<\/p>\n<p><strong>Reede, 26. aprill on f\u00fc\u00fcsika\u00f5petajate p\u00e4ev, mis toimub Tartus, T\u00dc F\u00fc\u00fcsikumis, W. Ostwaldi tn 1, Tartu.\u00a0<\/strong><\/p>\n<p><strong>Laup\u00e4eva, 27.04 kava leiate <a href=\"http:\/\/www.fyysika.ee\/?page_id=719296\" target=\"_blank\" rel=\"noopener\">f\u00fc\u00fcsikaportaalist<\/a>.<\/strong><\/p>\n<p>Registreerimine on selleks korraks suletud. Huvi korral v\u00f5tke kontakti Kaido Reivelt (kaido@fyysika.ee, 5143349).<\/p>\n<p><strong>F\u00fc\u00fcsika\u00f5petajate p\u00e4eva KAVA, reede 26.04.<\/strong><\/p>\n<p>K\u00f5ik suure vooru loengud toimuvad auditooriumis <strong>A106<\/strong>.<\/p>\n<table width=\"752\">\n<tbody valign=\"top\">\n<tr>\n<td width=\"88\">10.30<\/td>\n<td width=\"665\">Kohv, kogunemine<\/td>\n<\/tr>\n<tr>\n<td width=\"88\">11.00<\/td>\n<td width=\"665\">Avas\u00f5nad<\/td>\n<\/tr>\n<tr>\n<td width=\"88\">11.15<\/td>\n<td width=\"665\">Laurits Puust (T\u00dc FI) aimeloengus<\/p>\n<p><strong>Teadus ja arendus<\/strong><\/p>\n<p>Miks teadus alati rakenduseni ei j\u00f5ua? V\u00f5i oleme me alles rakenduste poole teel? Kust tulevad efektiivsemad valgusallikad, painduvad p\u00e4ikesepatareid,\u00a0 biomarkerid, nanotermomeetrid, efektiivne v\u00e4hiravi, helenduvad luminofoorid v\u00f5i optilised transistorid?<\/td>\n<\/tr>\n<tr>\n<td width=\"88\">12.00<\/td>\n<td width=\"665\">T\u00f6\u00f6tubade sessioon. Jagunetakse kolme r\u00fchma.<\/p>\n<p><strong>1. Kukkumine (p\u00f5hikool ja g\u00fcmnaasium)<br \/>\n<\/strong>Kaido Reivelt (T\u00dc)<br \/>\nToimub ruumis A105.<\/p>\n<p>Liikumine Maa gravitatsiooniv\u00e4ljas, mehaanilise energia j\u00e4\u00e4vuse seadus.<\/p>\n<p>Kuidas uurida andmekoguja v\u00f5i mobiiltelefoniga kehade vaba langemise seadusp\u00e4rasusi ning veenduda mehaanilise energia j\u00e4\u00e4vuse seaduse kehtivuses.<\/p>\n<p><strong>2.\u00a0Kuidas t\u00e4pselt m\u00f5\u00f5ta? (g\u00fcmnaasium)<br \/>\n<\/strong>\u00dclle Kikas, Janno J\u00f5geva (T\u00dc)<br \/>\nToimub f\u00fc\u00fcsikumi arvutiklassis, ruum A204.<\/p>\n<p><span style=\"font-weight: 400;\">Tutvustame arvutip\u00f5hise statistika programmi ja sellega seotud lihtsaid m\u00f5\u00f5tmisi. P\u00e4rast \u00f5ppematerjalidega tutvumist teab \u00f5pilane:<\/span><\/p>\n<p><span style=\"font-weight: 400;\">Mis on m\u00f5\u00f5tmine?<br \/>\n<\/span><span style=\"font-family: inherit; font-size: inherit;\">Kust tulevad m\u00f5\u00f5t\u00fchikud?<br \/>\n<\/span>Mis on m\u00f5\u00f5tem\u00e4\u00e4ramatus ja selle tekkep\u00f5hjused?<br \/>\nMilline m\u00f5\u00f5testrateegia valida?<br \/>\n<span style=\"font-weight: 400;\">Mis on lineaarne regressioon ja kuidas graafiliselt sobitada sirgjoont m\u00f5\u00f5tmistulemustega?<\/span><\/p>\n<p><strong>3.\u00a0 Kuidas jahutada k\u00f5ige kiiremini (p\u00f5hikool)<\/strong><br \/>\nRiina Murulaid (MHG)<\/p>\n<p>Olgu meil tass teed.\u00a0 Ja tee on liiga kuum. Kuidas see v\u00f5imalikult kiiresti maha jahutada?<\/p>\n<p><strong>4. T\u00dc F\u00fc\u00fcsika Instituudi laborite k\u00fclastus<\/strong><\/td>\n<\/tr>\n<tr>\n<td width=\"88\">13.00<\/td>\n<td width=\"665\">Peeter Tenjes (T\u00dcTO) aimeloengus<\/p>\n<p><strong>Mida ja kuidas me mustadest aukudest n\u00e4ha saame?<\/strong><\/p>\n<p>V\u00f5ttes pealkirja s\u00f5na-s\u00f5nalt, on vastus lihtne ja l\u00fchike &#8211; mitte midagi. Ettekandes me sellega aga ei lepi ja r\u00e4\u00e4gime milliseid musti auke v\u00f5iks olemas olla, k\u00fcsime, kuidas ja mis m\u00f5ttes me neid siiski n\u00e4ha saaksime ning mille n\u00e4gemisest siis 10. aprillil teatati. Pisut meenutame ka gravitatsioonilaineid.<\/td>\n<\/tr>\n<tr>\n<td width=\"88\">13.45<\/td>\n<td width=\"665\">L\u00f5una, lobisemine, <strong>minimess<\/strong><\/td>\n<\/tr>\n<tr>\n<td width=\"88\">14.30<\/td>\n<td width=\"665\">Inese Dudareva\u00a0 (University of Latvia)<\/p>\n<p><strong>How is this going on in Latvia?<\/strong><\/p>\n<p>Physics in Schools \u2013 education system, curriculum, exams, &#8230; new reform.<br \/>\n<span style=\"font-family: inherit; font-size: inherit;\">Physics teachers in Latvia &#8211; current situation in schools, professional association activities.<br \/>\n<\/span><span style=\"font-family: inherit; font-size: inherit;\">Physics Olympiad \u2013 from school to international level.<\/span><\/td>\n<\/tr>\n<tr>\n<td width=\"88\">15.00<\/td>\n<td width=\"665\"><strong>F\u00fc\u00fcsika\u00f5petajate v\u00f5rgustiku aasta<\/strong><\/p>\n<p>R\u00e4\u00e4gime ja arutame:<\/p>\n<ul>\n<li>\u00a0Mis on saanud eelmisel aastal Lepaninal arutatust?<\/li>\n<li>\u00a0Mis v\u00f5iks j\u00e4rgmise aasta jooksul ilusat juhtuda?<\/li>\n<\/ul>\n<\/td>\n<\/tr>\n<tr>\n<td width=\"88\">15.30<\/td>\n<td width=\"665\"><strong>Arutelu: \u00f5ppekava<\/strong><\/p>\n<p>V\u00f5tame arutada f\u00fc\u00fcsika riikliku \u00f5ppekava. Ja mitte ainult.<\/p>\n<p>S\u00f5na saavad Jaan Paaver (HTG) ja HTMi algatatud \u00f5ppekava arenduse t\u00f6\u00f6r\u00fchma f\u00fc\u00fcsikutest liikmed Riina Murulaid (MHG), Toomas Reimann (Reaalkool), Kaido Reivelt (T\u00dc) ja Erkki Soika (GAG).<\/p>\n<p>J\u00e4rgneb arutelu.<\/p>\n<p>Alus: <a href=\"https:\/\/goo.gl\/Ad2P6J\">https:\/\/goo.gl\/Ad2P6J<\/a>.<\/p>\n<p>K\u00fcsime:<\/p>\n<ul>\n<li>Miks on vaja koolis f\u00fc\u00fcsikat \u00f5petada?<\/li>\n<li>Kas me oleme t\u00e4na kehtiva \u00f5ppekavaga rahul?<\/li>\n<li>Miks on uue \u00f5ppekava projekt just selline nagu ta on?<\/li>\n<\/ul>\n<\/td>\n<\/tr>\n<tr>\n<td width=\"88\">16.30<\/td>\n<td width=\"665\">Kohv<\/td>\n<\/tr>\n<tr>\n<td width=\"88\">16.45<\/td>\n<td width=\"665\"><strong>Arutelu: f\u00fc\u00fcsikaol\u00fcmpiaadid<\/strong><\/p>\n<p>Osalevad ja s\u00f5na saavad f\u00fc\u00fcsika\u00f5petajad ja f\u00fc\u00fcsikaol\u00fcmpiaadi \u017e\u00fcrii liikmed. \u017d\u00fcrii poolt saavad s\u00f5na Kristian Kuppart (T\u00dc) ja Jaan Kalda (TalTech). \u00d5petaja vaate annab Ingrid R\u00f5igas (Viimsi Kool\/Viimsi G\u00fcmnaasium). J\u00e4rgneb arutelu.<\/p>\n<p>K\u00fcsime:<\/p>\n<ul>\n<li>\u00a0Milline on f\u00fc\u00fcsikaol\u00fcmpiaadide roll Eesti haridusmaastikul \u017e\u00fcrii ja f\u00fc\u00fcsika\u00f5petajate vaates?<\/li>\n<li>Milliseid \u00f5pilasi silmas pidades koostatakse ol\u00fcmpiaadide \u00fclesanded?<\/li>\n<li>Milliseid \u00f5pilasi \u00f5petajad v\u00f5iks f\u00fc\u00fcsikaol\u00fcmpiaadidele saata?<\/li>\n<\/ul>\n<\/td>\n<\/tr>\n<tr>\n<td width=\"88\">17.45<\/td>\n<td width=\"665\"><strong>F\u00fc\u00fcsika\u00f5petajate osakonna \u00fcldkogu<\/strong><\/p>\n<p>R\u00e4\u00e4gime ja arutame:<\/p>\n<ul>\n<li>F\u00fc\u00fcsika\u00f5petajate osakonna areng.<\/li>\n<li>F\u00fc\u00fcsika\u00f5petajate osakonna juhatuse valimised.<\/li>\n<\/ul>\n<\/td>\n<\/tr>\n<tr>\n<td width=\"88\">18.15<\/td>\n<td width=\"665\">Seltsi\u00f5htu I<\/td>\n<\/tr>\n<\/tbody>\n<\/table>\n","protected":false},"excerpt":{"rendered":"<p>XLIX Eesti f\u00fc\u00fcsikap\u00e4evad ja XLI f\u00fc\u00fcsika\u00f5petajate p\u00e4evad toimuvad 26.-27. aprillil Tartus, T\u00dc F\u00fc\u00fcsikumis ja Tallinnas, Eesti Teaduste Akadeemia hoones. Reede, 26. aprill on f\u00fc\u00fcsika\u00f5petajate p\u00e4ev, mis toimub Tartus, T\u00dc F\u00fc\u00fcsikumis, W. Ostwaldi tn 1, Tartu.\u00a0 Laup\u00e4eva, 27.04 kava leiate f\u00fc\u00fcsikaportaalist. Registreerimine on selleks korraks suletud. Huvi korral v\u00f5tke kontakti Kaido Reivelt (kaido@fyysika.ee, 5143349). F\u00fc\u00fcsika\u00f5petajate p\u00e4eva &hellip; <\/p>\n<p class=\"link-more\"><a href=\"http:\/\/www.fyysika.ee\/vorgustik\/?page_id=1544\" class=\"more-link\">Loe edasi<span class=\"screen-reader-text\"> &#8220;XLI f\u00fc\u00fcsika\u00f5petajate p\u00e4evad&#8221;<\/span><\/a><\/p>\n","protected":false},"author":1,"featured_media":0,"parent":0,"menu_order":0,"comment_status":"closed","ping_status":"closed","template":"","meta":[],"_links":{"self":[{"href":"http:\/\/www.fyysika.ee\/vorgustik\/index.php?rest_route=\/wp\/v2\/pages\/1544"}],"collection":[{"href":"http:\/\/www.fyysika.ee\/vorgustik\/index.php?rest_route=\/wp\/v2\/pages"}],"about":[{"href":"http:\/\/www.fyysika.ee\/vorgustik\/index.php?rest_route=\/wp\/v2\/types\/page"}],"author":[{"embeddable":true,"href":"http:\/\/www.fyysika.ee\/vorgustik\/index.php?rest_route=\/wp\/v2\/users\/1"}],"replies":[{"embeddable":true,"href":"http:\/\/www.fyysika.ee\/vorgustik\/index.php?rest_route=%2Fwp%2Fv2%2Fcomments&post=1544"}],"version-history":[{"count":31,"href":"http:\/\/www.fyysika.ee\/vorgustik\/index.php?rest_route=\/wp\/v2\/pages\/1544\/revisions"}],"predecessor-version":[{"id":1586,"href":"http:\/\/www.fyysika.ee\/vorgustik\/index.php?rest_route=\/wp\/v2\/pages\/1544\/revisions\/1586"}],"wp:attachment":[{"href":"http:\/\/www.fyysika.ee\/vorgustik\/index.php?rest_route=%2Fwp%2Fv2%2Fmedia&parent=1544"}],"curies":[{"name":"wp","href":"https:\/\/api.w.org\/{rel}","templated":true}]}}