{"id":122695,"date":"2010-04-03T11:21:39","date_gmt":"2010-04-03T08:21:39","guid":{"rendered":""},"modified":"2017-10-08T21:13:12","modified_gmt":"2017-10-08T18:13:12","slug":"fyysika-ee7","status":"publish","type":"page","link":"https:\/\/www.fyysika.ee\/?page_id=122695","title":{"rendered":"EFS T\u00e4ppisteaduste Suve- ja S\u00fcgiskoolid"},"content":{"rendered":"<p>EFS T\u00e4ppisteaduste Suve ja S\u00fcgiskoolid on kolmep\u00e4evased seminarid, mille\u00a0eesm\u00e4rgiks on avardada osalejate silmaringi. Kokku saavad nii noored teadushuvilised, tudengid, \u00f5petajad kui ka teadlased. Suve- ja s\u00fcgiskoolides on alati t\u00e4htsal kohal ka sotsiaalne k\u00fclg.<\/p>\n<p>Suve ja s\u00fcgiskoolid on toimunud alates 1999. aastast.<\/p>\n<p><strong>Korraldajaid l\u00e4bi aegade<\/strong><\/p>\n<p dir=\"ltr\">Andi Hektor, Margus Saal, Ahto Kuusk, Maarja Grossberg, Aigar Vaigu, Agnes Vask, Sandhra-Mirella Valdma, Ketlin Piir, Karl Reinkubjas,\u00a0Merit M\u00fc\u00fcr, Moorits Mihkel Muru.<\/p>\n<p>&nbsp;<\/p>\n","protected":false},"excerpt":{"rendered":"<p>EFS T\u00e4ppisteaduste Suve ja S\u00fcgiskoolid on kolmep\u00e4evased seminarid, mille\u00a0eesm\u00e4rgiks on avardada osalejate silmaringi. Kokku saavad nii noored teadushuvilised, tudengid, \u00f5petajad kui ka teadlased. Suve- ja s\u00fcgiskoolides on alati t\u00e4htsal kohal ka sotsiaalne k\u00fclg. Suve ja s\u00fcgiskoolid on toimunud alates 1999. aastast. Korraldajaid l\u00e4bi aegade Andi Hektor, Margus Saal, Ahto Kuusk, Maarja Grossberg, Aigar Vaigu, Agnes [&hellip;]<\/p>\n","protected":false},"author":28,"featured_media":133199,"parent":0,"menu_order":0,"comment_status":"open","ping_status":"closed","template":"","meta":{"_genesis_hide_title":false,"_genesis_hide_breadcrumbs":false,"_genesis_hide_singular_image":false,"_genesis_hide_footer_widgets":false,"_genesis_custom_body_class":"","_genesis_custom_post_class":"","_genesis_layout":"","footnotes":""},"class_list":{"0":"post-122695","1":"page","2":"type-page","3":"status-publish","4":"has-post-thumbnail","6":"entry"},"_links":{"self":[{"href":"https:\/\/www.fyysika.ee\/index.php?rest_route=\/wp\/v2\/pages\/122695","targetHints":{"allow":["GET"]}}],"collection":[{"href":"https:\/\/www.fyysika.ee\/index.php?rest_route=\/wp\/v2\/pages"}],"about":[{"href":"https:\/\/www.fyysika.ee\/index.php?rest_route=\/wp\/v2\/types\/page"}],"author":[{"embeddable":true,"href":"https:\/\/www.fyysika.ee\/index.php?rest_route=\/wp\/v2\/users\/28"}],"replies":[{"embeddable":true,"href":"https:\/\/www.fyysika.ee\/index.php?rest_route=%2Fwp%2Fv2%2Fcomments&post=122695"}],"version-history":[{"count":6,"href":"https:\/\/www.fyysika.ee\/index.php?rest_route=\/wp\/v2\/pages\/122695\/revisions"}],"predecessor-version":[{"id":556345,"href":"https:\/\/www.fyysika.ee\/index.php?rest_route=\/wp\/v2\/pages\/122695\/revisions\/556345"}],"wp:featuredmedia":[{"embeddable":true,"href":"https:\/\/www.fyysika.ee\/index.php?rest_route=\/wp\/v2\/media\/133199"}],"wp:attachment":[{"href":"https:\/\/www.fyysika.ee\/index.php?rest_route=%2Fwp%2Fv2%2Fmedia&parent=122695"}],"curies":[{"name":"wp","href":"https:\/\/api.w.org\/{rel}","templated":true}]}}