{"id":122711,"date":"2010-04-03T11:21:39","date_gmt":"2010-04-03T08:21:39","guid":{"rendered":""},"modified":"2015-09-14T22:13:02","modified_gmt":"2015-09-14T19:13:02","slug":"fyysika-ee6","status":"publish","type":"page","link":"https:\/\/www.fyysika.ee\/?page_id=122711","title":{"rendered":"EFS aastaraamatud"},"content":{"rendered":"<p>Eesti F\u00fc\u00fcsika Selts annnab v\u00e4lja oma aastaraamatuid, mis v\u00f5tavad kokku Eesti f\u00fc\u00fcsikas toimuva. Hetkel on pdf-dena k\u00e4ttesaadavad j\u00e4rgmised aastak\u00e4igud:<\/p>\n<ul>\n<li><a href=\"http:\/\/www.fyysika.ee\/doc\/aastaraamat2002.pdf\">EFS aastaraamat 2002<\/a><\/li>\n<li><a href=\"http:\/\/www.fyysika.ee\/doc\/aastaraamat2003.pdf\">EFS aastaraamat 2003<\/a><\/li>\n<li><a href=\"http:\/\/www.fyysika.ee\/doc\/aastaraamat2004.pdf\">EFS aastaraamat 2004<\/a><\/li>\n<li><a href=\"http:\/\/www.fyysika.ee\/doc\/aastaraamat2005.pdf\">EFS aastaraamat 2005<\/a><\/li>\n<li><a href=\"http:\/\/www.fyysika.ee\/doc\/aastaraamat2006.pdf\">EFS aastaraamat 2006<\/a><\/li>\n<li><a href=\"http:\/\/www.fyysika.ee\/doc\/aastaraamat2007.pdf\">EFS aastaraamat 2007<\/a><\/li>\n<li><a href=\"http:\/\/www.fyysika.ee\/doc\/aastaraamat2008.pdf\">EFS aastaraamat 2008<\/a><\/li>\n<li><a href=\"http:\/\/www.fyysika.ee\/doc\/aastaraamat2009.pdf\">EFS aastaraamat 2009<\/a><\/li>\n<li><a href=\"http:\/\/www.fyysika.ee\/doc\/aastaraamat2010.pdf\">EFS aastaraamat 2010<\/a><\/li>\n<li><a href=\"http:\/\/www.fyysika.ee\/doc\/aastaraamat2011.pdf\">EFS aastaraamat 2011<\/a><\/li>\n<li><a href=\"http:\/\/www.fyysika.ee\/doc\/aastaraamat2012.pdf\">EFS aastaraamat 2012<\/a><\/li>\n<\/ul>\n<p>Alates 2013.a. anname aastaraamatuid v\u00e4lja e-raamatuna aadressil\u00a0<a href=\"http:\/\/xn--pik-nna.xn--fsika-kvaa.ee\/index.php\/book\/view\/27\">http:\/\/opik.fyysika.ee\/index.php\/book\/view\/27<\/a>.<\/p>\n<p>Tulevikus on plaan digitaliseerida ka\u00a0varasemad f\u00fc\u00fcsikakroonikad.<\/p>\n","protected":false},"excerpt":{"rendered":"<p>Eesti F\u00fc\u00fcsika Selts annnab v\u00e4lja oma aastaraamatuid, mis v\u00f5tavad kokku Eesti f\u00fc\u00fcsikas toimuva. Hetkel on pdf-dena k\u00e4ttesaadavad j\u00e4rgmised aastak\u00e4igud: EFS aastaraamat 2002 EFS aastaraamat 2003 EFS aastaraamat 2004 EFS aastaraamat 2005 EFS aastaraamat 2006 EFS aastaraamat 2007 EFS aastaraamat 2008 EFS aastaraamat 2009 EFS aastaraamat 2010 EFS aastaraamat 2011 EFS aastaraamat 2012 Alates 2013.a. anname [&hellip;]<\/p>\n","protected":false},"author":28,"featured_media":0,"parent":0,"menu_order":0,"comment_status":"open","ping_status":"closed","template":"","meta":{"_genesis_hide_title":false,"_genesis_hide_breadcrumbs":false,"_genesis_hide_singular_image":false,"_genesis_hide_footer_widgets":false,"_genesis_custom_body_class":"","_genesis_custom_post_class":"","_genesis_layout":"","footnotes":""},"class_list":{"0":"post-122711","1":"page","2":"type-page","3":"status-publish","5":"entry"},"_links":{"self":[{"href":"https:\/\/www.fyysika.ee\/index.php?rest_route=\/wp\/v2\/pages\/122711","targetHints":{"allow":["GET"]}}],"collection":[{"href":"https:\/\/www.fyysika.ee\/index.php?rest_route=\/wp\/v2\/pages"}],"about":[{"href":"https:\/\/www.fyysika.ee\/index.php?rest_route=\/wp\/v2\/types\/page"}],"author":[{"embeddable":true,"href":"https:\/\/www.fyysika.ee\/index.php?rest_route=\/wp\/v2\/users\/28"}],"replies":[{"embeddable":true,"href":"https:\/\/www.fyysika.ee\/index.php?rest_route=%2Fwp%2Fv2%2Fcomments&post=122711"}],"version-history":[{"count":0,"href":"https:\/\/www.fyysika.ee\/index.php?rest_route=\/wp\/v2\/pages\/122711\/revisions"}],"wp:attachment":[{"href":"https:\/\/www.fyysika.ee\/index.php?rest_route=%2Fwp%2Fv2%2Fmedia&parent=122711"}],"curies":[{"name":"wp","href":"https:\/\/api.w.org\/{rel}","templated":true}]}}