{"id":122715,"date":"2010-04-03T11:21:39","date_gmt":"2010-04-03T08:21:39","guid":{"rendered":""},"modified":"2014-04-09T10:52:54","modified_gmt":"2014-04-09T07:52:54","slug":"fyysika.ee4002","status":"publish","type":"page","link":"https:\/\/www.fyysika.ee\/?page_id=122715","title":{"rendered":"2008.a. s\u00fcgiskool"},"content":{"rendered":"<h2>EFS T\u00e4ppisteaduste X S\u00fcgiskool 2008<br \/>\n<\/h2>\n<p><strong>EFS T\u00e4ppisteaduste S\u00fcgiskool 2008<\/strong> toimus 31. oktoobril &#8211; 2. novembril  <a rel=\"nofollow\" href=\"http:\/\/www.kaariku.com\/\">K\u00e4\u00e4rikul<\/a>.<\/p>\n<h3>Kava<br \/><\/h3>\n<table cellspacing=\"0\" cellpadding=\"0\" border=\"0\">\n<tbody>\n<tr>\n<td width=\"4\">\n<p>.<\/p>\n<\/td>\n<td width=\"89\"><strong>Kuup\u00e4ev\/kell<\/strong><\/td>\n<td width=\"145\"><strong>Esineja<\/strong><\/td>\n<td width=\"119\"><strong>P\u00e4ritolu<\/strong><\/td>\n<td width=\"302\"><strong>Teema<\/strong><\/td>\n<td width=\"60\"><strong>Koht<\/strong><\/td>\n<\/tr>\n<tr>\n<td>\n<p>.<\/p>\n<\/td>\n<td colspan=\"5\" bgcolor=\"#FFFF00\"><strong>Reede, 31. okt <\/strong><\/td>\n<\/tr>\n<tr>\n<td>\n<p>.<\/p>\n<\/td>\n<td>&nbsp;<\/td>\n<td><\/td>\n<td><\/td>\n<td>Saabumine<\/td>\n<td><\/td>\n<\/tr>\n<tr>\n<td>\n<p>.<\/p>\n<\/td>\n<td>13:00<\/td>\n<td><\/td>\n<td><\/td>\n<td>L\u00f5unas\u00f6\u00f6k<\/td>\n<td>S\u00f6\u00f6gisaal<\/td>\n<\/tr>\n<tr>\n<td>\n<p>.<\/p>\n<\/td>\n<td>14:00<\/td>\n<td><strong>Korraldajad<\/strong><\/td>\n<td><\/td>\n<td>Avas\u00f5nad<\/td>\n<td>Saal<\/td>\n<\/tr>\n<tr>\n<td>\n<p>.<\/p>\n<\/td>\n<td bgcolor=\"#FFFF99\">14:15<\/td>\n<td bgcolor=\"#FFFF99\"><strong>Mait M\u00fcntel<\/strong><\/td>\n<td bgcolor=\"#FFFF99\"><em>CERN \/ KBFI<\/em><\/td>\n<td bgcolor=\"#FFFF99\">LHC <\/td>\n<td bgcolor=\"#FFFF99\">Saal<\/td>\n<\/tr>\n<tr>\n<td>\n<p>.<\/p>\n<\/td>\n<td bgcolor=\"#FFFF99\">15:00<\/td>\n<td bgcolor=\"#FFFF99\"><strong>Siim Pikker<\/strong><\/td>\n<td bgcolor=\"#FFFF99\"><em>T\u00dc FI<\/em><\/td>\n<td bgcolor=\"#FFFF99\">Kuld<\/td>\n<td bgcolor=\"#FFFF99\"><\/td>\n<\/tr>\n<tr>\n<td>\n<p>.<\/p>\n<\/td>\n<td>15:45<\/td>\n<td><\/td>\n<td><\/td>\n<td>Kohvipaus<\/td>\n<td><\/td>\n<\/tr>\n<tr>\n<td>\n<p>.<\/p>\n<\/td>\n<td bgcolor=\"#FFFF99\">16:15<\/td>\n<td bgcolor=\"#FFFF99\"><strong>Mihkel Kree<\/strong><\/td>\n<td bgcolor=\"#FFFF99\"><em>T\u00dc FI<\/em><\/td>\n<td bgcolor=\"#FFFF99\">Kvantkr\u00fcptograafia praktilised v\u00f5imalused<\/td>\n<td bgcolor=\"#FFFF99\">Saal<\/td>\n<\/tr>\n<tr>\n<td>\n<p>.<\/p>\n<\/td>\n<td>17:00<\/td>\n<td><\/td>\n<td><\/td>\n<td>Paus<\/td>\n<td><\/td>\n<\/tr>\n<tr>\n<td>\n<p>.<\/p>\n<\/td>\n<td bgcolor=\"#FFFF99\">17:15<\/td>\n<td bgcolor=\"#FFFF99\"><strong>Kaido Reivelt<\/strong><\/td>\n<td bgcolor=\"#FFFF99\"><em>EFS<\/em><\/td>\n<td bgcolor=\"#FFFF99\">fyysika.ee &#8211; Kuhu edasi?<\/td>\n<td bgcolor=\"#FFFF99\">Saal<\/td>\n<\/tr>\n<tr>\n<td>\n<p>.<\/p>\n<\/td>\n<td>19:00<\/td>\n<td><\/td>\n<td><\/td>\n<td>\u00d5htus\u00f6\u00f6k<\/td>\n<td>S\u00f6\u00f6gisaal<\/td>\n<\/tr>\n<tr>\n<td>\n<p>.<\/p>\n<\/td>\n<td>20:30<\/td>\n<td><\/td>\n<td><\/td>\n<td>Saun &amp; T\u00e4hevaatlus &amp; Kino<\/td>\n<td><\/td>\n<\/tr>\n<tr>\n<td>\n<p>.<\/p>\n<\/td>\n<td>23:59<\/td>\n<td><\/td>\n<td><\/td>\n<td>\u00d6\u00f6rahu<\/td>\n<td><\/td>\n<\/tr>\n<tr>\n<td>\n<p>.<\/p>\n<\/td>\n<td colspan=\"5\" bgcolor=\"#FFFF00\"><strong>Laup\u00e4ev, 1. nov<\/strong><\/td>\n<\/tr>\n<tr>\n<td>\n<p>.<\/p>\n<\/td>\n<td><\/td>\n<td><\/td>\n<td><\/td>\n<td><\/td>\n<td><\/td>\n<\/tr>\n<tr>\n<td>\n<p>.<\/p>\n<\/td>\n<td>9:00<\/td>\n<td><\/td>\n<td><\/td>\n<td>\u00c4ratus ja V\u00f5imlemine<\/td>\n<td>Vaba \u00f5hk<\/td>\n<\/tr>\n<tr>\n<td>\n<p>.<\/p>\n<\/td>\n<td>9:30<\/td>\n<td><\/td>\n<td><\/td>\n<td>Hommikus\u00f6\u00f6k<\/td>\n<td>S\u00f6\u00f6gisaal<\/td>\n<\/tr>\n<tr>\n<td>\n<p>.<\/p>\n<\/td>\n<td bgcolor=\"#FFFF99\">10:30<\/td>\n<td bgcolor=\"#FFFF99\"><strong>Enn Realo<\/strong><\/td>\n<td bgcolor=\"#FFFF99\"><em>T\u00dc<\/em><\/td>\n<td bgcolor=\"#FFFF99\">Tuumaenergia taass\u00fcnd: probleemid ja v\u00e4ljakutsed<\/td>\n<td bgcolor=\"#FFFF99\"><\/td>\n<\/tr>\n<tr>\n<td>\n<p>.<\/p>\n<\/td>\n<td>12:00<\/td>\n<td><\/td>\n<td><\/td>\n<td>L\u00f5unas\u00f6\u00f6k<\/td>\n<td>S\u00f6\u00f6gisaal<\/td>\n<\/tr>\n<tr>\n<td>&nbsp;<\/td>\n<td bgcolor=\"#FFFF99\">13:00<\/td>\n<td bgcolor=\"#FFFF99\"><strong>Kristjan Otsmann<\/strong><\/td>\n<td bgcolor=\"#FFFF99\"><em>Vain ja Partnerid<\/em><\/td>\n<td bgcolor=\"#FFFF99\">M\u00f5tetest tegudeni<\/td>\n<td bgcolor=\"#FFFF99\">Saal<\/td>\n<\/tr>\n<tr>\n<td>&nbsp;<\/td>\n<td>16:00<\/td>\n<td><\/td>\n<td><\/td>\n<td>Kohvipaus<\/td>\n<td><\/td>\n<\/tr>\n<tr>\n<td>&nbsp;<\/td>\n<td bgcolor=\"#FFFF99\">16:30<\/td>\n<td bgcolor=\"#FFFF99\"><strong>Mirt Gramann<\/strong><\/td>\n<td bgcolor=\"#FFFF99\"><em>Tartu Obs<\/em><\/td>\n<td bgcolor=\"#FFFF99\">Kosmoloogia ja selle viimased arengud<\/td>\n<td bgcolor=\"#FFFF99\"><\/td>\n<\/tr>\n<tr>\n<td>&nbsp;<\/td>\n<td>17:40<\/td>\n<td><\/td>\n<td><\/td>\n<td>Paus<\/td>\n<td><\/td>\n<\/tr>\n<tr>\n<td>&nbsp;<\/td>\n<td bgcolor=\"#FFFF99\">18:00<\/td>\n<td bgcolor=\"#FFFF99\"><\/td>\n<td bgcolor=\"#FFFF99\"><\/td>\n<td bgcolor=\"#FFFF99\"><strong>Tudengite l\u00fchiloengud &amp; postrite tutvustused<\/strong><\/td>\n<td bgcolor=\"#FFFF99\"><\/td>\n<\/tr>\n<tr>\n<td>&nbsp;<\/td>\n<td>19:00<\/td>\n<td><\/td>\n<td><\/td>\n<td>\u00d5htus\u00f6\u00f6k<\/td>\n<td>S\u00f6\u00f6gisaal<\/td>\n<\/tr>\n<tr>\n<td>&nbsp;<\/td>\n<td>20:00<\/td>\n<td><\/td>\n<td><\/td>\n<td>Viktoriin ja sauna\u00f5htu<\/td>\n<td><\/td>\n<\/tr>\n<tr>\n<td>&nbsp;<\/td>\n<td>23:59<\/td>\n<td><\/td>\n<td><\/td>\n<td>\u00d6\u00f6rahu<\/td>\n<td><\/td>\n<\/tr>\n<tr>\n<td>&nbsp;<\/td>\n<td>16:30-19:00<\/td>\n<td><\/td>\n<td><\/td>\n<td>Tudengisateliidi avatud koosolek<\/td>\n<td><\/td>\n<\/tr>\n<tr>\n<td>&nbsp;<\/td>\n<td><\/td>\n<td><\/td>\n<td><\/td>\n<td><\/td>\n<td><\/td>\n<\/tr>\n<tr>\n<td>&nbsp;<\/td>\n<td colspan=\"5\" bgcolor=\"#FFFF00\"><strong>P\u00fchap\u00e4ev, 2. nov<\/strong><\/td>\n<\/tr>\n<tr>\n<td>&nbsp;<\/td>\n<td>9:00<\/td>\n<td><\/td>\n<td><\/td>\n<td>Hommikus\u00f6\u00f6k<\/td>\n<td>S\u00f6\u00f6gisaal<\/td>\n<\/tr>\n<tr>\n<td>&nbsp;<\/td>\n<td bgcolor=\"#FFFF99\">10:00<\/td>\n<td bgcolor=\"#FFFF99\"><strong>Marco Kirm<\/strong><\/td>\n<td bgcolor=\"#FFFF99\"><em>T\u00dc FI<\/em><\/td>\n<td bgcolor=\"#FFFF99\">Valgustahkiste saladusi paljastamas<\/td>\n<td bgcolor=\"#FFFF99\">Saal<\/td>\n<\/tr>\n<tr>\n<td>&nbsp;<\/td>\n<td>11:30<\/td>\n<td><\/td>\n<td><\/td>\n<td>Kohvipaus<\/td>\n<td><\/td>\n<\/tr>\n<tr>\n<td>&nbsp;<\/td>\n<td bgcolor=\"#FFFF99\">11:45<\/td>\n<td bgcolor=\"#FFFF99\"><strong>Jouni Envall<\/strong><\/td>\n<td bgcolor=\"#FFFF99\"><em>Tartu Obs<\/em><\/td>\n<td bgcolor=\"#FFFF99\">The electric solar wind sail<\/td>\n<td bgcolor=\"#FFFF99\">Saal<\/td>\n<\/tr>\n<tr>\n<td>&nbsp;<\/td>\n<td>12:30<\/td>\n<td><\/td>\n<td><\/td>\n<td>\u00dchispildi tegemine<\/td>\n<td>Vaba \u00f5hk<\/td>\n<\/tr>\n<tr>\n<td>&nbsp;<\/td>\n<td>12:45<\/td>\n<td><strong>Korraldajad<\/strong><\/td>\n<td><\/td>\n<td>L\u00f5unas\u00f6\u00f6k &amp; kokkuv\u00f5te &amp; auhindade jagamine<\/td>\n<td>S\u00f6\u00f6gisaal<\/td>\n<\/tr>\n<tr>\n<td>&nbsp;<\/td>\n<td>13:45<\/td>\n<td><\/td>\n<td><\/td>\n<td>\u00c4ras\u00f5it<\/td>\n<td>&nbsp;<\/td>\n<\/tr>\n<tr>\n<td>&nbsp;<\/td>\n<td>&nbsp;<\/td>\n<td><\/td>\n<td><\/td>\n<td>&nbsp;<\/td>\n<td>&nbsp;<\/td>\n<\/tr>\n<\/tbody>\n<\/table>\n","protected":false},"excerpt":{"rendered":"<p>EFS T\u00e4ppisteaduste X S\u00fcgiskool 2008 EFS T\u00e4ppisteaduste S\u00fcgiskool 2008 toimus 31. oktoobril &#8211; 2. novembril K\u00e4\u00e4rikul. Kava . Kuup\u00e4ev\/kell Esineja P\u00e4ritolu Teema Koht . Reede, 31. okt . &nbsp; Saabumine . 13:00 L\u00f5unas\u00f6\u00f6k S\u00f6\u00f6gisaal . 14:00 Korraldajad Avas\u00f5nad Saal . 14:15 Mait M\u00fcntel CERN \/ KBFI LHC Saal . 15:00 Siim Pikker T\u00dc FI Kuld [&hellip;]<\/p>\n","protected":false},"author":28,"featured_media":0,"parent":0,"menu_order":0,"comment_status":"open","ping_status":"closed","template":"","meta":{"_genesis_hide_title":false,"_genesis_hide_breadcrumbs":false,"_genesis_hide_singular_image":false,"_genesis_hide_footer_widgets":false,"_genesis_custom_body_class":"","_genesis_custom_post_class":"","_genesis_layout":"","footnotes":""},"class_list":{"0":"post-122715","1":"page","2":"type-page","3":"status-publish","5":"entry"},"_links":{"self":[{"href":"https:\/\/www.fyysika.ee\/index.php?rest_route=\/wp\/v2\/pages\/122715","targetHints":{"allow":["GET"]}}],"collection":[{"href":"https:\/\/www.fyysika.ee\/index.php?rest_route=\/wp\/v2\/pages"}],"about":[{"href":"https:\/\/www.fyysika.ee\/index.php?rest_route=\/wp\/v2\/types\/page"}],"author":[{"embeddable":true,"href":"https:\/\/www.fyysika.ee\/index.php?rest_route=\/wp\/v2\/users\/28"}],"replies":[{"embeddable":true,"href":"https:\/\/www.fyysika.ee\/index.php?rest_route=%2Fwp%2Fv2%2Fcomments&post=122715"}],"version-history":[{"count":0,"href":"https:\/\/www.fyysika.ee\/index.php?rest_route=\/wp\/v2\/pages\/122715\/revisions"}],"wp:attachment":[{"href":"https:\/\/www.fyysika.ee\/index.php?rest_route=%2Fwp%2Fv2%2Fmedia&parent=122715"}],"curies":[{"name":"wp","href":"https:\/\/api.w.org\/{rel}","templated":true}]}}