{"id":122716,"date":"2010-04-03T11:21:39","date_gmt":"2010-04-03T08:21:39","guid":{"rendered":""},"modified":"2016-11-21T12:10:21","modified_gmt":"2016-11-21T09:10:21","slug":"fyysika-ee12206","status":"publish","type":"page","link":"https:\/\/www.fyysika.ee\/?page_id=122716","title":{"rendered":"2008.a. suvekool"},"content":{"rendered":"<h2>Suvekooli 2008 kava<\/h2>\n<table border=\"0\" width=\"90%\" cellspacing=\"1\" cellpadding=\"1\">\n<tbody>\n<tr>\n<td colspan=\"2\" align=\"left\"><strong>Reede, 20. juuni<\/strong><\/td>\n<\/tr>\n<tr>\n<td align=\"left\">11.00-12.00<\/td>\n<td align=\"left\">Saabumine<\/td>\n<\/tr>\n<tr>\n<td align=\"left\">12.00-13.00<\/td>\n<td align=\"left\">L\u00f5unas\u00f6\u00f6k<\/td>\n<\/tr>\n<tr>\n<td align=\"left\">13.00-13.15<\/td>\n<td align=\"left\">Avas\u00f5na korraldajatelt<\/td>\n<\/tr>\n<tr>\n<td align=\"left\">13.15-14.00<\/td>\n<td align=\"left\">Heli Lukner (T\u00dc): <em>Valguskuulidest lineaarsetes ja mittelineaarsetes keskkondades<\/em><\/td>\n<\/tr>\n<tr>\n<td align=\"left\">14.00-15.00<\/td>\n<td align=\"left\">Aigar Vaigu (T\u00dc): <em>Mida me nimetame footoniks?<\/em><\/td>\n<\/tr>\n<tr>\n<td align=\"left\">15.00-15.30<\/td>\n<td align=\"left\">Kohvipaus<\/td>\n<\/tr>\n<tr>\n<td align=\"left\">15.30-16.00<\/td>\n<td align=\"left\">Ivo Heinmaa (KBFI): <em>Tuumaresonants &#8212; mis see on ja kuidas kasutatakse tahke aine uurimiseks<\/em><\/td>\n<\/tr>\n<tr>\n<td align=\"left\">16.00-16.45<\/td>\n<td align=\"left\">Andi Hektor (KBFI): <em>Suure paugu ootuses: CERN LHC 2008<\/em><\/td>\n<\/tr>\n<tr>\n<td align=\"left\">17.15-17.45<\/td>\n<td align=\"left\">Kaupo Voormansik (T\u00dc): <em>Eesti tudengisatelliit!?<\/em><\/td>\n<\/tr>\n<tr>\n<td align=\"left\">17.45-19.00<\/td>\n<td align=\"left\">Seminar: <em>V\u00f5imalikud \u00fchendusl\u00fclid noorf\u00fc\u00fcsikute vahel<\/em><\/td>\n<\/tr>\n<tr>\n<td align=\"left\">19.00-20.00<\/td>\n<td align=\"left\">\u00d5htus\u00f6\u00f6k<\/td>\n<\/tr>\n<tr>\n<td align=\"left\">20.00- 2.00<\/td>\n<td>Meelelahutusprogramm (\u00f5htujuht T\u00f5nu Einasto (R\u00f5\u00f5muLabor O\u00dc) ja DJ Raigo Brauer)<\/td>\n<\/tr>\n<\/tbody>\n<\/table>\n<table border=\"0\" width=\"90%\" cellspacing=\"1\" cellpadding=\"1\">\n<tbody>\n<tr>\n<td colspan=\"2\" align=\"left\"><strong>Laup\u00e4ev, 21. juuni<\/strong><\/td>\n<\/tr>\n<tr>\n<td align=\"left\">9.00-10.00<\/td>\n<td align=\"left\">Hommikus\u00f6\u00f6k<\/td>\n<\/tr>\n<tr>\n<td align=\"left\">10.00-13.00<\/td>\n<td align=\"left\"><em>Sportlikud \u00fcritused: vabavisete v\u00f5istlus, m\u00f6lkky, rannavolle<\/em> (vanemkohtunik Ahto Kuusk)<\/td>\n<\/tr>\n<tr>\n<td align=\"left\">13.00-14.00<\/td>\n<td align=\"left\">L\u00f5unas\u00f6\u00f6k<\/td>\n<\/tr>\n<tr>\n<td align=\"left\">14.00-15.30<\/td>\n<td align=\"left\">Marko Vendelin (TT\u00dc): <em>S\u00fcdame t\u00f6\u00f6 matemaatilisest modelleerimisest<\/em><\/td>\n<\/tr>\n<tr>\n<td align=\"left\">15.30-16.45<\/td>\n<td align=\"left\">Aleksander Rebane (Montana State University\/KBFI) <em>Mittelineaarse optika rakendusi biof\u00fc\u00fcsikas<\/em><\/td>\n<\/tr>\n<tr>\n<td align=\"left\">16.45-17.00<\/td>\n<td align=\"left\">Kohvipaus<\/td>\n<\/tr>\n<tr>\n<td align=\"left\">17.00-18.15<\/td>\n<td align=\"left\">Meelis Merilo (Keskkonnaministeerium): <em>Milleks elektriauto?<\/em><\/td>\n<\/tr>\n<tr>\n<td align=\"left\">18.15-19.00<\/td>\n<td align=\"left\">Kristi Valdmets (T\u00dc), Krista Allikas (T\u00dc): <em>Kosmosetehnoloogia rakendused 71% Maa pinna seireks<\/em><\/td>\n<\/tr>\n<tr>\n<td align=\"left\">19.00-20.00<\/td>\n<td align=\"left\">\u00d5htus\u00f6\u00f6k<\/td>\n<\/tr>\n<tr>\n<td align=\"left\">20.00-24.00<\/td>\n<td align=\"left\">Sauna\u00f5htu<\/td>\n<\/tr>\n<\/tbody>\n<\/table>\n<table border=\"0\" width=\"90%\" cellspacing=\"1\" cellpadding=\"1\">\n<tbody>\n<tr>\n<td colspan=\"2\" align=\"left\"><strong>P\u00fchap\u00e4ev, 22. juuni<\/strong><\/td>\n<\/tr>\n<tr>\n<td align=\"left\">9.00-10.00<\/td>\n<td align=\"left\">Hommikus\u00f6\u00f6k<\/td>\n<\/tr>\n<tr>\n<td align=\"left\">10.00-11.30<\/td>\n<td align=\"left\"><em>Tudengite l\u00fchiloengud &amp; postrite tutvustused<\/em><\/td>\n<\/tr>\n<tr>\n<td align=\"left\">11.30-13.00<\/td>\n<td align=\"left\">Peeter Piksarv (T\u00dc) ja Kaido Reivelt (T\u00dc): <em>Mis on saanud holograafiast?<\/em><\/td>\n<\/tr>\n<tr>\n<td align=\"left\">13.00-13.15<\/td>\n<td align=\"left\">\u00dchispildi tegemine<\/td>\n<\/tr>\n<tr>\n<td align=\"left\">13.15-14.00<\/td>\n<td align=\"left\">L\u00f5unas\u00f6\u00f6k<\/td>\n<\/tr>\n<tr>\n<td align=\"left\">14.00-15.00<\/td>\n<td align=\"left\">Kohv ja kokkuv\u00f5te, auhindade jagamine ja s\u00e4rgi oksjon<\/td>\n<\/tr>\n<\/tbody>\n<\/table>\n<p>[lg_folder folder=&#8221;Suvekool2008\/&#8221;   paging=&#8221;false&#8221;]<\/p>\n","protected":false},"excerpt":{"rendered":"<p>Suvekooli 2008 kava Reede, 20. juuni 11.00-12.00 Saabumine 12.00-13.00 L\u00f5unas\u00f6\u00f6k 13.00-13.15 Avas\u00f5na korraldajatelt 13.15-14.00 Heli Lukner (T\u00dc): Valguskuulidest lineaarsetes ja mittelineaarsetes keskkondades 14.00-15.00 Aigar Vaigu (T\u00dc): Mida me nimetame footoniks? 15.00-15.30 Kohvipaus 15.30-16.00 Ivo Heinmaa (KBFI): Tuumaresonants &#8212; mis see on ja kuidas kasutatakse tahke aine uurimiseks 16.00-16.45 Andi Hektor (KBFI): Suure paugu ootuses: CERN [&hellip;]<\/p>\n","protected":false},"author":28,"featured_media":0,"parent":0,"menu_order":0,"comment_status":"open","ping_status":"closed","template":"","meta":{"_genesis_hide_title":false,"_genesis_hide_breadcrumbs":false,"_genesis_hide_singular_image":false,"_genesis_hide_footer_widgets":false,"_genesis_custom_body_class":"","_genesis_custom_post_class":"","_genesis_layout":"","footnotes":""},"class_list":{"0":"post-122716","1":"page","2":"type-page","3":"status-publish","5":"entry"},"_links":{"self":[{"href":"https:\/\/www.fyysika.ee\/index.php?rest_route=\/wp\/v2\/pages\/122716","targetHints":{"allow":["GET"]}}],"collection":[{"href":"https:\/\/www.fyysika.ee\/index.php?rest_route=\/wp\/v2\/pages"}],"about":[{"href":"https:\/\/www.fyysika.ee\/index.php?rest_route=\/wp\/v2\/types\/page"}],"author":[{"embeddable":true,"href":"https:\/\/www.fyysika.ee\/index.php?rest_route=\/wp\/v2\/users\/28"}],"replies":[{"embeddable":true,"href":"https:\/\/www.fyysika.ee\/index.php?rest_route=%2Fwp%2Fv2%2Fcomments&post=122716"}],"version-history":[{"count":0,"href":"https:\/\/www.fyysika.ee\/index.php?rest_route=\/wp\/v2\/pages\/122716\/revisions"}],"wp:attachment":[{"href":"https:\/\/www.fyysika.ee\/index.php?rest_route=%2Fwp%2Fv2%2Fmedia&parent=122716"}],"curies":[{"name":"wp","href":"https:\/\/api.w.org\/{rel}","templated":true}]}}