{"id":122725,"date":"2010-04-03T11:21:39","date_gmt":"2010-04-03T08:21:39","guid":{"rendered":""},"modified":"2014-04-09T10:52:54","modified_gmt":"2014-04-09T07:52:54","slug":"fyysika.ee12212","status":"publish","type":"page","link":"https:\/\/www.fyysika.ee\/?page_id=122725","title":{"rendered":"2004.a. s\u00fcgiskool"},"content":{"rendered":"<h1>EFS S\u00fcgiskool 2004<\/h1>\n<p><strong>K\u00e4\u00e4rikul, 08.-10.10.2004 <\/strong><\/p>\n<p><strong>Korraldajad:<\/strong><br \/>\nAndi Hektor <br \/>\nMargus Saal<\/p>\n<h1>Kava<\/h1>\n<col width=\"35*\" \/>\n<col width=\"221*\" \/>\n<table cellspacing=\"0\" cellpadding=\"2\" border=\"0\" width=\"90%\">\n<tbody>\n<tr>&nbsp;<\/tr>\n<tr>\n<td colspan=\"2\" width=\"100%\">\n<p align=\"left\"><strong>Reede, 8.oktoober<\/strong><\/p>\n<\/td>\n<\/tr>\n<tr>\n<td width=\"20%\">\n<p align=\"left\">alates 10.00<\/p>\n<\/td>\n<td width=\"89%\">\n<p align=\"left\">Saabumine<\/p>\n<\/td>\n<\/tr>\n<tr>\n<td align=\"left\">13.15-14.15<\/td>\n<td align=\"left\">L\u00f5unas\u00f6\u00f6k<\/td>\n<\/tr>\n<tr>\n<td align=\"left\">14.15-14.30<\/td>\n<td align=\"left\">Avas\u00f5na korraldajatelt<\/td>\n<\/tr>\n<tr>\n<td align=\"left\">14.30-15.15<\/td>\n<td align=\"left\">Andres Marandi (T\u00dc Tehnoloogiainstituut): <em>Teadus, tehnoloogia ja ettev\u00f5tlus<\/em><\/td>\n<\/tr>\n<tr>\n<td align=\"left\">15.15-15.30<\/td>\n<td align=\"left\">Paus<\/td>\n<\/tr>\n<tr>\n<td align=\"left\">15.30-16.45<\/td>\n<td align=\"left\">Arvo Kikas (T\u00dc F\u00fc\u00fcsika Instituut): <em>S\u00fcnkrotronkiirgus. Mis? Kuidas? Milleks?<\/em><\/td>\n<\/tr>\n<tr>\n<td align=\"left\">16.45-17.15<\/td>\n<td align=\"left\">Kohvipaus<\/td>\n<\/tr>\n<tr>\n<td align=\"left\">17.15-18.45<\/td>\n<td align=\"left\">Vaba aeg<\/td>\n<\/tr>\n<tr>\n<td align=\"left\">19.00-20.00<\/td>\n<td align=\"left\">\u00d5htus\u00f6\u00f6k<\/td>\n<\/tr>\n<tr>\n<td align=\"left\">21.00-24.00<\/td>\n<td align=\"left\">Saun<\/td>\n<\/tr>\n<tr>\n<td colspan=\"2\" width=\"100%\">\n<p align=\"left\" colspan=\"2\"><strong>Laup\u00e4ev, 9.oktoober<\/strong><\/p>\n<\/td>\n<\/tr>\n<tr>\n<td width=\"11%\">\n<p align=\"left\">08.00-09.00<\/p>\n<\/td>\n<td width=\"89%\">\n<p align=\"left\">Hommikus\u00f6\u00f6k<\/p>\n<\/td>\n<\/tr>\n<tr>\n<td align=\"left\">09.00-13.00<\/td>\n<td align=\"left\">Sportlikud \u00fcritused<\/td>\n<\/tr>\n<tr>\n<td align=\"left\">13.00-14.00<\/td>\n<td align=\"left\">L\u00f5unas\u00f6\u00f6k<\/td>\n<\/tr>\n<tr>\n<td align=\"left\">14.00-15.30<\/td>\n<td align=\"left\">Marco Patriarca(Helsingi Tehnika\u00fclikool): <em>Introduction to molecular dynamics I<\/em><\/td>\n<\/tr>\n<tr>\n<td align=\"left\">15.30-16.00<\/td>\n<td align=\"left\">Kohvipaus<\/td>\n<\/tr>\n<tr>\n<td align=\"left\">16.00-17.30<\/td>\n<td align=\"left\">Marco Patriarca(Helsingi Tehnika\u00fclikool): <em>Introduction to molecular dynamics II<\/em><\/td>\n<\/tr>\n<tr>\n<td align=\"left\">17.30-17.45<\/td>\n<td align=\"left\">Paus<\/td>\n<\/tr>\n<tr>\n<td align=\"left\">17.45-19.00<\/td>\n<td align=\"left\"><em>Postersessioon<\/em><\/td>\n<\/tr>\n<tr>\n<td align=\"left\">19.00-20.00<\/td>\n<td align=\"left\">\u00d5htus\u00f6\u00f6k<\/td>\n<\/tr>\n<tr>\n<td align=\"left\">22.00-24.00<\/td>\n<td align=\"left\">Saun<\/td>\n<\/tr>\n<tr>\n<td colspan=\"2\" width=\"100\">\n<strong>P\u00fchap\u00e4ev, 10.oktoober<\/strong>\n<\/td>\n<\/tr>\n<tr>\n<td width=\"11%\">\n<p align=\"left\">08.00-09.00<\/p>\n<\/td>\n<td width=\"89%\">\n<p align=\"left\">Hommikus\u00f6\u00f6k<\/p>\n<\/td>\n<\/tr>\n<tr>\n<td align=\"left\">09.00-10.30<\/td>\n<td align=\"left\">Marco Kim (T\u00dc F\u00fc\u00fcsika Instituut): <em>Keskkonnas\u00f5bralikud valgusallikad ja vaakumultraviolett piirkonna spektroskoopia<\/em><\/td>\n<\/tr>\n<tr>\n<td align=\"left\">10.30-10.45<\/td>\n<td align=\"left\">Paus<\/td>\n<\/tr>\n<tr>\n<td align=\"left\">10.45-12.15<\/td>\n<td align=\"left\">Andi Hektor (KBFI): <em>Osakeste- ja kiirkusf\u00fc\u00fcsika ning -detektorid<\/em><\/td>\n<\/tr>\n<tr>\n<td align=\"left\">12.15-12.45<\/td>\n<td align=\"left\">Paus<\/td>\n<\/tr>\n<tr>\n<td align=\"left\">12.45-14.00<\/td>\n<td align=\"left\">Ilmar Ots ja Hannes Liivat (T\u00dc F\u00fc\u00fcsika Instituut): <em>Nobeli preemia f\u00fc\u00fcsikas sellel aastal<\/em><\/td>\n<\/tr>\n<tr>\n<td align=\"left\">14.00-14.45<\/td>\n<td align=\"left\">Kohv ja kokkuv\u00f5te<\/td>\n<\/tr>\n<tr>\n<td align=\"left\">14.45-<\/td>\n<td align=\"left\">\u00c4ras\u00f5it<\/td>\n<\/tr>\n<\/tbody>\n<\/table>\n","protected":false},"excerpt":{"rendered":"<p>EFS S\u00fcgiskool 2004 K\u00e4\u00e4rikul, 08.-10.10.2004 Korraldajad: Andi Hektor Margus Saal Kava &nbsp; Reede, 8.oktoober alates 10.00 Saabumine 13.15-14.15 L\u00f5unas\u00f6\u00f6k 14.15-14.30 Avas\u00f5na korraldajatelt 14.30-15.15 Andres Marandi (T\u00dc Tehnoloogiainstituut): Teadus, tehnoloogia ja ettev\u00f5tlus 15.15-15.30 Paus 15.30-16.45 Arvo Kikas (T\u00dc F\u00fc\u00fcsika Instituut): S\u00fcnkrotronkiirgus. Mis? Kuidas? Milleks? 16.45-17.15 Kohvipaus 17.15-18.45 Vaba aeg 19.00-20.00 \u00d5htus\u00f6\u00f6k 21.00-24.00 Saun Laup\u00e4ev, 9.oktoober 08.00-09.00 [&hellip;]<\/p>\n","protected":false},"author":28,"featured_media":0,"parent":0,"menu_order":0,"comment_status":"open","ping_status":"closed","template":"","meta":{"_genesis_hide_title":false,"_genesis_hide_breadcrumbs":false,"_genesis_hide_singular_image":false,"_genesis_hide_footer_widgets":false,"_genesis_custom_body_class":"","_genesis_custom_post_class":"","_genesis_layout":"","footnotes":""},"class_list":{"0":"post-122725","1":"page","2":"type-page","3":"status-publish","5":"entry"},"_links":{"self":[{"href":"https:\/\/www.fyysika.ee\/index.php?rest_route=\/wp\/v2\/pages\/122725","targetHints":{"allow":["GET"]}}],"collection":[{"href":"https:\/\/www.fyysika.ee\/index.php?rest_route=\/wp\/v2\/pages"}],"about":[{"href":"https:\/\/www.fyysika.ee\/index.php?rest_route=\/wp\/v2\/types\/page"}],"author":[{"embeddable":true,"href":"https:\/\/www.fyysika.ee\/index.php?rest_route=\/wp\/v2\/users\/28"}],"replies":[{"embeddable":true,"href":"https:\/\/www.fyysika.ee\/index.php?rest_route=%2Fwp%2Fv2%2Fcomments&post=122725"}],"version-history":[{"count":0,"href":"https:\/\/www.fyysika.ee\/index.php?rest_route=\/wp\/v2\/pages\/122725\/revisions"}],"wp:attachment":[{"href":"https:\/\/www.fyysika.ee\/index.php?rest_route=%2Fwp%2Fv2%2Fmedia&parent=122725"}],"curies":[{"name":"wp","href":"https:\/\/api.w.org\/{rel}","templated":true}]}}