{"id":122728,"date":"2010-04-03T11:21:39","date_gmt":"2010-04-03T08:21:39","guid":{"rendered":""},"modified":"2016-11-19T00:28:16","modified_gmt":"2016-11-18T21:28:16","slug":"fyysika-ee12213","status":"publish","type":"page","link":"https:\/\/www.fyysika.ee\/?page_id=122728","title":{"rendered":"2005.a. s\u00fcgiskool"},"content":{"rendered":"<p>EFS S\u00fcgiskool 2005 toim<strong>us K\u00e4\u00e4rikul, 28.-30.10.2005 <\/strong><\/p>\n<p><strong>Korraldajad:<br \/>\n<\/strong>Andi Hektor<br \/>\nAhto Kuusk<br \/>\nMait M\u00fcntel<br \/>\nKaido Reivelt<br \/>\nMargus Saal<\/p>\n<p>Kava<\/p>\n<table border=\"0\" width=\"90%\" cellspacing=\"0\" cellpadding=\"2\">\n<tbody>\n<tr>\n<td colspan=\"2\" width=\"100%\">\n<p align=\"left\"><strong>Reede, 28.oktoober<\/strong><\/p>\n<\/td>\n<\/tr>\n<tr>\n<td width=\"20%\">\n<p align=\"left\">alates 10.00<\/p>\n<\/td>\n<td width=\"80%\">\n<p align=\"left\">Saabumine<\/p>\n<\/td>\n<\/tr>\n<tr>\n<td align=\"left\">13.00-14.05<\/td>\n<td align=\"left\">L\u00f5unas\u00f6\u00f6k<\/td>\n<\/tr>\n<tr>\n<td align=\"left\">14.05-14.15<\/td>\n<td align=\"left\">Avas\u00f5na korraldajatelt<\/td>\n<\/tr>\n<tr>\n<td align=\"left\">14.15-16.00<\/td>\n<td align=\"left\">Martti Raidal (KBFI):<em>Osakestef\u00fc\u00fcsikast<\/em><\/td>\n<\/tr>\n<tr>\n<td align=\"left\">16.00-16.15<\/td>\n<td align=\"left\">Kohvipaus<\/td>\n<\/tr>\n<tr>\n<td align=\"left\">16.15-17.00<\/td>\n<td align=\"left\">Ergo N\u00f5mmiste(T\u00dc, FI): <em>Mikroprotsessorite arengutrendidest nanotehnoloogia taustal I<\/em><\/td>\n<\/tr>\n<tr>\n<td align=\"left\">17.15-19.00<\/td>\n<td align=\"left\">Kaupo Kukli (T\u00dc, FO): <em>Eksperimentaalne f\u00fc\u00fcsika ja tehnoloogia: seoseid pooljuhttehnoloogia ja nanoelektroonikaga<\/em><\/td>\n<\/tr>\n<tr>\n<td align=\"left\">19.00-20.00<\/td>\n<td align=\"left\">\u00d5htus\u00f6\u00f6k<\/td>\n<\/tr>\n<tr>\n<td align=\"left\">22.00-02.00<\/td>\n<td align=\"left\">Saun<\/td>\n<\/tr>\n<tr>\n<td colspan=\"2\" width=\"100%\">\n<p align=\"left\"><strong>Laup\u00e4ev, 29.oktoober<\/strong><\/p>\n<\/td>\n<\/tr>\n<tr>\n<td width=\"11%\">\n<p align=\"left\">08.00-09.00<\/p>\n<\/td>\n<td width=\"89%\">\n<p align=\"left\">Hommikus\u00f6\u00f6k<\/p>\n<\/td>\n<\/tr>\n<tr>\n<td align=\"left\">09.00-12.00<\/td>\n<td align=\"left\">Sportlikud \u00fcritused<\/td>\n<\/tr>\n<tr>\n<td align=\"left\">12.00-13.00<\/td>\n<td align=\"left\">L\u00f5unas\u00f6\u00f6k<\/td>\n<\/tr>\n<tr>\n<td align=\"left\">13.00-13.45<\/td>\n<td align=\"left\">Ergo N\u00f5mmiste (T\u00dc, FI): <em>\u00dclevaade T\u00dc F\u00fc\u00fcsika Instituudist<\/em><\/td>\n<\/tr>\n<tr>\n<td align=\"left\">14.00-14.45<\/td>\n<td align=\"left\">Ergo N\u00f5mmiste (T\u00dc, FI): <em>Mikroprotsessoorite arengutrendidest nanotehnoloogiate taustal II<\/em><\/td>\n<\/tr>\n<tr>\n<td align=\"left\">14.45-15.15<\/td>\n<td align=\"left\">Kohvipaus<\/td>\n<\/tr>\n<tr>\n<td align=\"left\">15.15-17.00<\/td>\n<td align=\"left\">Piret Kuusk (T\u00dc, FI): <em>Einsteini ja teiste murrangulised artiklid imep\u00e4rastel aastatel 1904-1908<\/em><\/td>\n<\/tr>\n<tr>\n<td align=\"left\">17.00-17.15<\/td>\n<td align=\"left\">Kohvipaus<\/td>\n<\/tr>\n<tr>\n<td align=\"left\">17.15-19.00<\/td>\n<td align=\"left\">Kaido Reivelt &amp; Co: <em>F\u00fc\u00fcsika popiks: Teadusbuss jms<\/em><\/td>\n<\/tr>\n<tr>\n<td align=\"left\">19.00-20.00<\/td>\n<td align=\"left\">\u00d5htus\u00f6\u00f6k<\/td>\n<\/tr>\n<tr>\n<td align=\"left\">21.00-23.00<\/td>\n<td align=\"left\">Pidu kinosaalis<\/td>\n<\/tr>\n<tr>\n<td align=\"left\">23.00-02.00<\/td>\n<td align=\"left\">Saun<\/td>\n<\/tr>\n<tr>\n<td colspan=\"2\" width=\"100\">\n<p align=\"left\"><strong>P\u00fchap\u00e4ev, 30.oktoober<\/strong><\/p>\n<\/td>\n<\/tr>\n<tr>\n<td width=\"11%\">\n<p align=\"left\">08.00-09.00<\/p>\n<\/td>\n<td width=\"89%\">\n<p align=\"left\">Hommikus\u00f6\u00f6k<\/p>\n<\/td>\n<\/tr>\n<tr>\n<td align=\"left\">09.00-10.45<\/td>\n<td align=\"left\">Andrus Salupere (TT\u00dc): <em>Mittelineaarsete protsesside anal\u00fc\u00fcsi keskus &#8211; mis, kes, kus, mida&#8230;<\/em><\/td>\n<\/tr>\n<tr>\n<td align=\"left\">10.45-11.00<\/td>\n<td align=\"left\">Kohvipaus<\/td>\n<\/tr>\n<tr>\n<td align=\"left\">11.00-11.15<\/td>\n<td align=\"left\">\u00dchispildi tegemine<\/td>\n<\/tr>\n<tr>\n<td align=\"left\">11.15-12.00<\/td>\n<td align=\"left\"><em>Postersessioon<\/em><\/td>\n<\/tr>\n<tr>\n<td align=\"left\">12.00-13.00<\/td>\n<td align=\"left\">L\u00f5unas\u00f6\u00f6k<\/td>\n<\/tr>\n<tr>\n<td align=\"left\">13.00-14.45<\/td>\n<td align=\"lef\">Mait M\u00fcntel (KBFI): <em>Eksperimentaalne k\u00f5rge energia f\u00fc\u00fcsika<\/em><\/td>\n<\/tr>\n<tr>\n<td align=\"left\">14.45-15.00<\/td>\n<td align=\"left\">Kohv ja kokkuv\u00f5te<\/td>\n<\/tr>\n<tr>\n<td align=\"left\">15.00-<\/td>\n<td align=\"left\">\u00c4ras\u00f5it<\/td>\n<\/tr>\n<\/tbody>\n<\/table>\n<p>[lg_folder folder=&#8221;Sygiskool2005\/&#8221; paging=&#8221;false&#8221;]<\/p>\n","protected":false},"excerpt":{"rendered":"<p>EFS S\u00fcgiskool 2005 toimus K\u00e4\u00e4rikul, 28.-30.10.2005 Korraldajad: Andi Hektor Ahto Kuusk Mait M\u00fcntel Kaido Reivelt Margus Saal Kava Reede, 28.oktoober alates 10.00 Saabumine 13.00-14.05 L\u00f5unas\u00f6\u00f6k 14.05-14.15 Avas\u00f5na korraldajatelt 14.15-16.00 Martti Raidal (KBFI):Osakestef\u00fc\u00fcsikast 16.00-16.15 Kohvipaus 16.15-17.00 Ergo N\u00f5mmiste(T\u00dc, FI): Mikroprotsessorite arengutrendidest nanotehnoloogia taustal I 17.15-19.00 Kaupo Kukli (T\u00dc, FO): Eksperimentaalne f\u00fc\u00fcsika ja tehnoloogia: seoseid pooljuhttehnoloogia ja [&hellip;]<\/p>\n","protected":false},"author":28,"featured_media":0,"parent":0,"menu_order":0,"comment_status":"open","ping_status":"closed","template":"","meta":{"_genesis_hide_title":false,"_genesis_hide_breadcrumbs":false,"_genesis_hide_singular_image":false,"_genesis_hide_footer_widgets":false,"_genesis_custom_body_class":"","_genesis_custom_post_class":"","_genesis_layout":"","footnotes":""},"class_list":{"0":"post-122728","1":"page","2":"type-page","3":"status-publish","5":"entry"},"_links":{"self":[{"href":"https:\/\/www.fyysika.ee\/index.php?rest_route=\/wp\/v2\/pages\/122728","targetHints":{"allow":["GET"]}}],"collection":[{"href":"https:\/\/www.fyysika.ee\/index.php?rest_route=\/wp\/v2\/pages"}],"about":[{"href":"https:\/\/www.fyysika.ee\/index.php?rest_route=\/wp\/v2\/types\/page"}],"author":[{"embeddable":true,"href":"https:\/\/www.fyysika.ee\/index.php?rest_route=\/wp\/v2\/users\/28"}],"replies":[{"embeddable":true,"href":"https:\/\/www.fyysika.ee\/index.php?rest_route=%2Fwp%2Fv2%2Fcomments&post=122728"}],"version-history":[{"count":0,"href":"https:\/\/www.fyysika.ee\/index.php?rest_route=\/wp\/v2\/pages\/122728\/revisions"}],"wp:attachment":[{"href":"https:\/\/www.fyysika.ee\/index.php?rest_route=%2Fwp%2Fv2%2Fmedia&parent=122728"}],"curies":[{"name":"wp","href":"https:\/\/api.w.org\/{rel}","templated":true}]}}