{"id":122730,"date":"2010-04-03T11:21:39","date_gmt":"2010-04-03T08:21:39","guid":{"rendered":""},"modified":"2014-04-09T10:52:54","modified_gmt":"2014-04-09T07:52:54","slug":"fyysika.ee12215","status":"publish","type":"page","link":"https:\/\/www.fyysika.ee\/?page_id=122730","title":{"rendered":"2007.a. s\u00fcgiskool"},"content":{"rendered":"<h1>S\u00fcgiskooli 2007 kava<\/h1>\n<p><strong>K&auml;&auml;rikul, 19.-21.oktoobril <\/strong><\/p>\n<p><strong>Korraldajad:<\/strong><br \/>\nMaarja Grossberg <br \/>\nAndi Hektor <br \/>\nAhto Kuusk <br \/>\nR&uuml;nno L&otilde;hmus <br \/>\nSilver L&auml;tt <br \/>\nKaido Reivelt<\/p>\n<h1>Kava<\/h1>\n<table cellspacing=\"0\" cellpadding=\"2\" border=\"0\" width=\"90%\">\n<tbody>\n<tr>\n<col width=35*>\n<col width=221*>\n<tr>\n<td colspan=\"2\" width=100%\">\n<p align=left><strong>Reede, 19.oktoober<\/strong><\/p>\n<\/td>\n<\/tr>\n<tr>\n<td width=20%>\n<p align=\"left\">alates 10.00<\/p>\n<\/td>\n<td width=80%>\n<p align=\"left\">Saabumine<\/p>\n<\/td>\n<\/tr>\n<td align=\"left\">13.00-14.00<\/td>\n<td align=\"left\">L\u00f5unas\u00f6\u00f6k<\/td>\n<\/tr>\n<tr>\n<td align=\"left\">14.00-14.15<\/td>\n<td align=\"left\">Avas\u00f5na korraldajatelt<\/td>\n<\/tr>\n<tr>\n<td align=\"left\">14.15-16.00<\/td>\n<td align=\"left\">Alan Tkaczyk (T\u00dc): <em>Radioactive waste management<\/em><\/td>\n<\/tr>\n<tr>\n<td align=\"left\">16.00-16.30<\/td>\n<td align=\"left\">Kohvipaus<\/td>\n<\/tr>\n<tr>\n<td align=\"left\">16.30-17.30<\/td>\n<td align=\"left\">Andi Hektor (KBFI): <em>Midagi huvitavat f\u00fc\u00fcsikast<\/em><\/td>\n<\/tr>\n<tr>\n<td align=\"left\">17.30-17.45<\/td>\n<td align=\"left\">Paus<\/td>\n<\/tr>\n<tr>\n<td align=\"left\">17.45-19.00<\/td>\n<td align=\"left\">Teadusbussi <em>Suur Vanker<\/em> seminar<\/td>\n<\/tr>\n<tr>\n<td align=\"left\">19.00-20.00<\/td>\n<td align=\"left\">\u00d5htus\u00f6\u00f6k<\/td>\n<\/tr>\n<tr>\n<td align=\"left\">20:30-24.00<\/td>\n<td align=\"left\">Saun, t\u00e4hevaatlus ja kino\/pidu kinosaalis<\/td>\n<\/tr>\n<tr>\n<td colspan=\"2\" width=\"100%\">\n<p align=\"left\"><strong>Laup\u00e4ev, 20.oktoober<\/strong><\/p>\n<\/td>\n<\/tr>\n<tr>\n<td width=11%>\n<p align=\"left\">9.00-10.00<\/p>\n<\/td>\n<td width=89%>\n<p align=\"left\">Hommikus\u00f6\u00f6k<\/p>\n<tr>\n<td align=\"left\">10.00-12.00<\/td>\n<td align=\"left\">Sportm\u00e4ngud: kotijooks, jalgpall, korvpall, male jne<\/td>\n<\/tr>\n<tr>\n<td align=\"left\">12.00-13.00<\/td>\n<td align=\"left\">L\u00f5unas\u00f6\u00f6k<\/td>\n<\/tr>\n<tr>\n<td align=\"left\">13.00-14.30<\/td>\n<td align=\"left\">Kalju Eerme(T\u00f5ravere): <em>Atmosf\u00e4\u00e4ri osa kliimas\u00fcsteemis \u00fcldse ja Eesti kliima puhul<\/em><\/td>\n<\/tr>\n<tr>\n<td align=\"left\">14.30-14.45<\/td>\n<td align=\"left\">Paus<\/td>\n<\/tr>\n<tr>\n<td align=\"left\">14.45-16.15<\/td>\n<td align=\"left\">Arvo Mere (TT\u00dc): <em>Elektriliste kontaktide valmistamine teooria ja praktika<\/em><\/td>\n<\/tr>\n<tr>\n<td align=\"left\">14.45-16.30<\/td>\n<td align=\"left\">Paus<\/td>\n<\/tr>\n<tr>\n<td align=\"left\">16.30-17.45<\/td>\n<td align=\"left\">Andri Jagom\u00e4gi (TT\u00dc): <em>P\u00e4ikesepaneelide katsetused Eesti tingimustes<\/em><\/td>\n<\/tr>\n<tr>\n<td align=\"left\">17.45-18.00<\/td>\n<td align=\"left\">Paus<\/td>\n<\/tr>\n<tr>\n<td align=\"left\">18.00-19.00<\/td>\n<td align=\"left\"><em>Tudengite l\u00fchiloengud ja postrite tutvustused<\/em><\/td>\n<\/tr>\n<tr>\n<td align=\"left\">19.00-20.00<\/td>\n<td align=\"left\">\u00d5htus\u00f6\u00f6k<\/td>\n<\/tr>\n<tr>\n<td align=\"left\">20.00-24.00<\/td>\n<td align=\"left\">Viktoriin ja sauna\u00f5htu<\/td>\n<\/tr>\n<tr>\n<td colspan=\"2\" width=\"100%\">\n<p align=\"left\"><strong>P\u00fchap\u00e4ev, 21. oktoober<\/strong><\/p>\n<\/td>\n<\/tr>\n<tr>\n<td width=11%>\n<p align=\"left\">9.00-10.00<\/p>\n<\/td>\n<td width=89%>\n<p align=\"left\">Hommikus\u00f6\u00f6k<\/p>\n<tr>\n<td align=\"left\">10.00-11.30<\/td>\n<td align=\"left\"> Kristjan Kannike (KBFI\/T\u00dc): <em>Inflatsioon ja tume energia: Universumi minevik ja tulevik<\/em><\/td>\n<\/tr>\n<tr>\n<td align=\"left\">11.30-11.45<\/td>\n<td align=\"left\">Kohvipaus<\/td>\n<\/tr>\n<tr>\n<td align=\"left\">11.45-13.15<\/td>\n<td align=\"left\">Mart Noorma (T\u00dc): <em>Milline on ideaalne loeng?<\/em><\/td>\n<\/tr>\n<tr>\n<td align=\"left\">13.15-13.25<\/td>\n<td align=\"left\">\u00dchispildi tegemine<\/td>\n<\/tr>\n<tr>\n<td align=\"left\">13.25-14.25<\/td>\n<td align=\"left\">L\u00f5unas\u00f6\u00f6k, kokkuv\u00f5te ja auhindade jagamine<\/td>\n<\/tr>\n<tr>\n<td align=\"left\">14.25- <\/td>\n<td align=\"lef\">\u00c4ras\u00f5it<\/td>\n<\/tr>\n<\/tbody>\n<\/table>\n","protected":false},"excerpt":{"rendered":"<p>S\u00fcgiskooli 2007 kava K&auml;&auml;rikul, 19.-21.oktoobril Korraldajad: Maarja Grossberg Andi Hektor Ahto Kuusk R&uuml;nno L&otilde;hmus Silver L&auml;tt Kaido Reivelt Kava<\/p>\n","protected":false},"author":28,"featured_media":0,"parent":0,"menu_order":0,"comment_status":"open","ping_status":"closed","template":"","meta":{"_genesis_hide_title":false,"_genesis_hide_breadcrumbs":false,"_genesis_hide_singular_image":false,"_genesis_hide_footer_widgets":false,"_genesis_custom_body_class":"","_genesis_custom_post_class":"","_genesis_layout":"","footnotes":""},"class_list":{"0":"post-122730","1":"page","2":"type-page","3":"status-publish","5":"entry"},"_links":{"self":[{"href":"https:\/\/www.fyysika.ee\/index.php?rest_route=\/wp\/v2\/pages\/122730","targetHints":{"allow":["GET"]}}],"collection":[{"href":"https:\/\/www.fyysika.ee\/index.php?rest_route=\/wp\/v2\/pages"}],"about":[{"href":"https:\/\/www.fyysika.ee\/index.php?rest_route=\/wp\/v2\/types\/page"}],"author":[{"embeddable":true,"href":"https:\/\/www.fyysika.ee\/index.php?rest_route=\/wp\/v2\/users\/28"}],"replies":[{"embeddable":true,"href":"https:\/\/www.fyysika.ee\/index.php?rest_route=%2Fwp%2Fv2%2Fcomments&post=122730"}],"version-history":[{"count":0,"href":"https:\/\/www.fyysika.ee\/index.php?rest_route=\/wp\/v2\/pages\/122730\/revisions"}],"wp:attachment":[{"href":"https:\/\/www.fyysika.ee\/index.php?rest_route=%2Fwp%2Fv2%2Fmedia&parent=122730"}],"curies":[{"name":"wp","href":"https:\/\/api.w.org\/{rel}","templated":true}]}}