{"id":122731,"date":"2010-04-03T11:21:39","date_gmt":"2010-04-03T08:21:39","guid":{"rendered":""},"modified":"2014-04-09T10:52:54","modified_gmt":"2014-04-09T07:52:54","slug":"fyysika.ee40002","status":"publish","type":"page","link":"https:\/\/www.fyysika.ee\/?page_id=122731","title":{"rendered":"2010. a. suvekool"},"content":{"rendered":"<h1>T\u00e4ppisteaduste Suvekool 2010<\/h1>\n<p><strong>Aeg:<\/strong> 18.-20.juuni 2010<br \/><strong>Koht:<\/strong> P\u00e4rlselja, P\u00e4rnumaa<\/p>\n<div>\n<\/div>\n<div>\n  <\/div>\n<div>\n<p>P\u00e4rlselja puhkekeskus asub P\u00e4rnumaal Varbla vallas Matsi k\u00fclas<\/p>\n<p>  Kui tulete:\u00a0\n    <\/p>\n<ul>\n<li >Tartust\u00a0<\/b>&#8211; P\u00e4rnust tuleb s\u00f5ita l\u00e4bi T\u00f5stamaa ja enne Kullit p\u00f6\u00f6rata vasakule kuni viidad n\u00e4itavad.<\/li>\n<\/ul>\n<ul>\n<li >Tallinnast<\/b>\u00a0&#8211; Tallinnast on k\u00f5ige otsem tee Virtsu maanteed m\u00f6\u00f6da. Peale Lihula bensiinijaama teine teeots vasakule- n\u00e4itab P\u00e4rnu ja siis umbes 5 km p\u00e4rast p\u00f6\u00f6rata peremale T\u00f5stamaa peale &#8211; s\u00f5ita l\u00e4bi Varbla ning Kulli ja siis p\u00f6\u00f6rata paremale kuni viidad juhatavad.\u00a0<\/li>\n<\/ul>\n<\/div>\n<div>\n<h1><img loading=\"lazy\" decoding=\"async\" src=\"https:\/\/docs.google.com\/File?id=dg6jcnmn_10098s5dcgr_b\" width=\"352\" height=\"352\" style=\"width: 449px; min-height: 311px; \"><\/h1>\n<div>\n<div>\n<h2>\n          KAVA:<\/b><\/h2>\n<\/p><\/div>\n<\/p><\/div>\n<div>Reede 18. juuni \n    <\/div>\n<div>\n<div><\/div>\n<div> 11.00 Saabumine algab <\/div>\n<div>13:15 L\u00f5unas\u00f6\u00f6k <\/div>\n<div>14:00 Korraldajad <\/div>\n<div>14:15 Harry Alles Grafeen &#8211; vaid \u00fche aatomkihi paksune tulevikumaterjal<\/div>\n<div>15:15 Eric Tkaczyk Molecular control by tailored pulses<\/div>\n<div>16:00 Kohvipaus <\/div>\n<div>16:30 Martin Ligi Kaugseire \u00fcldised alused ja veekaugseire rakendused Eestis<\/div>\n<div>17:15 Mihkel Kree F\u00fc\u00fcsika \u00f5ppimisest (vedelike segunemiseni)<\/div>\n<div>18:15 Toomas R\u00f6mer Informaatika ja p\u00e4riselu<\/div>\n<div>19:00 \u00d5htus\u00f6\u00f6k <\/div>\n<div>20:00 Meelelahutus &#8211; film ja saun<\/p>\n<div > \u00a0 <\/div>\n<\/p><\/div>\n<div> <\/div>\n<div> <\/div>\n<div> <\/div>\n<div>Laup\u00e4ev 19. juuni <\/div>\n<div> <\/div>\n<div>08:30 Hommikus\u00f6\u00f6k <\/div>\n<div>10:00 Sport <\/div>\n<div>12:00 David Vseviov Ajalugu ja t\u00e4pisteadus<\/div>\n<div>13:15 L\u00f5unas\u00f6\u00f6k <\/div>\n<div>14:15 Margus Maantoa K\u00f5rgepingest Rootsi Kuningriigis<\/div>\n<div>15:00 Mihkel Kree (F\u00fc\u00fcsika \u00f5ppimisest) vedelike segunemiseni<\/div>\n<div>15:45 Alar Ainla Mikrofluidika bioteaduses- ja tehnoloogias 1.<\/div>\n<div>16:30 Kohvipaus <\/div>\n<div>17:00 Alar Ainla\u00a0 Mikrofluidika bioteaduses- ja tehnoloogias 2.<\/div>\n<div>18:00 Raivo Stern KBFI Magnetlabor ja teekaart<\/div>\n<div>19:00 \u00d5htus\u00f6\u00f6k <\/div>\n<div>20:00 Saun <\/div>\n<div> <\/div>\n<div> <\/div>\n<div> <\/div>\n<div> <\/div>\n<div> <\/div>\n<div>P\u00fchap\u00e4ev 20. juuni <\/div>\n<div>08:30 Hommikus\u00f6\u00f6k <\/div>\n<div>10:00 Silver L\u00e4tt European Student Moon Orbiter<\/div>\n<div> Arvi Freiberg Koherentsetest n\u00e4htustest bioloogias<\/div>\n<div>12:00 \u00dchispildi tegemine <\/div>\n<div>12:15 L\u00f5unas\u00f6\u00f6k <\/div>\n<div>13:15 Kohv ja kokkuv\u00f5te, auhindade jagamine <\/div>\n<div>\n      <\/div>\n<div><span class=\"Apple-style-span\" style=\"font-weight: normal; white-space: pre; font-size: small;\"><\/div>\n<p>                                                                                              <\/b><\/div>\n<\/div>\n<p>Suvekooli korraldustoimkond<\/p>\n<ul>\n<li >Kaido Reivelt, kaidor(att)<a style=\"COLOR: rgb(0,0,204)\" href=\"http:\/\/fi.tartu.ee\/\" target=\"_blank\">fi.tartu.ee<\/a>, tel 5143349<\/li>\n<li >Aigar Vaigu, aigar(att)<a style=\"COLOR: rgb(0,0,204)\" href=\"http:\/\/fyysika.ee\/\" target=\"_blank\">fyysika.ee<\/a> (+372) 534 27 314\n    <\/li>\n<li >Taavi Adamberg, taavi(att)<a style=\"COLOR: rgb(0,0,204)\" href=\"http:\/\/fyysika.ee\/\" target=\"_blank\">fyysika.ee<\/a><\/li>\n<\/ul>\n<p><img decoding=\"async\" border=\"0\" hspace=\"0\" align=\"baseline\" src=\"http:\/\/fyysika.ee\/fyysika\/nofy\/pildid\/sotsiaalfond_logo.JPG\" \/><\/p>\n<\/p><\/div>\n","protected":false},"excerpt":{"rendered":"<p>T\u00e4ppisteaduste Suvekool 2010 Aeg: 18.-20.juuni 2010Koht: P\u00e4rlselja, P\u00e4rnumaa P\u00e4rlselja puhkekeskus asub P\u00e4rnumaal Varbla vallas Matsi k\u00fclas Kui tulete:\u00a0 Tartust\u00a0&#8211; P\u00e4rnust tuleb s\u00f5ita l\u00e4bi T\u00f5stamaa ja enne Kullit p\u00f6\u00f6rata vasakule kuni viidad n\u00e4itavad. Tallinnast\u00a0&#8211; Tallinnast on k\u00f5ige otsem tee Virtsu maanteed m\u00f6\u00f6da. Peale Lihula bensiinijaama teine teeots vasakule- n\u00e4itab P\u00e4rnu ja siis umbes 5 km p\u00e4rast [&hellip;]<\/p>\n","protected":false},"author":28,"featured_media":0,"parent":0,"menu_order":0,"comment_status":"open","ping_status":"closed","template":"","meta":{"_genesis_hide_title":false,"_genesis_hide_breadcrumbs":false,"_genesis_hide_singular_image":false,"_genesis_hide_footer_widgets":false,"_genesis_custom_body_class":"","_genesis_custom_post_class":"","_genesis_layout":"","footnotes":""},"class_list":{"0":"post-122731","1":"page","2":"type-page","3":"status-publish","5":"entry"},"_links":{"self":[{"href":"https:\/\/www.fyysika.ee\/index.php?rest_route=\/wp\/v2\/pages\/122731","targetHints":{"allow":["GET"]}}],"collection":[{"href":"https:\/\/www.fyysika.ee\/index.php?rest_route=\/wp\/v2\/pages"}],"about":[{"href":"https:\/\/www.fyysika.ee\/index.php?rest_route=\/wp\/v2\/types\/page"}],"author":[{"embeddable":true,"href":"https:\/\/www.fyysika.ee\/index.php?rest_route=\/wp\/v2\/users\/28"}],"replies":[{"embeddable":true,"href":"https:\/\/www.fyysika.ee\/index.php?rest_route=%2Fwp%2Fv2%2Fcomments&post=122731"}],"version-history":[{"count":0,"href":"https:\/\/www.fyysika.ee\/index.php?rest_route=\/wp\/v2\/pages\/122731\/revisions"}],"wp:attachment":[{"href":"https:\/\/www.fyysika.ee\/index.php?rest_route=%2Fwp%2Fv2%2Fmedia&parent=122731"}],"curies":[{"name":"wp","href":"https:\/\/api.w.org\/{rel}","templated":true}]}}