{"id":122732,"date":"2010-04-03T11:21:39","date_gmt":"2010-04-03T08:21:39","guid":{"rendered":""},"modified":"2014-04-09T10:52:54","modified_gmt":"2014-04-09T07:52:54","slug":"fyysika.ee12216","status":"publish","type":"page","link":"https:\/\/www.fyysika.ee\/?page_id=122732","title":{"rendered":"2004.a. suvekool"},"content":{"rendered":"<h1>EFS Suvekool 2004<\/h1>\n<p><strong>T\u00fcrisalus, 18.-20.06 2004 <\/strong><\/p>\n<p><strong>Korraldajad:<\/strong><br \/>\n<br \/>\nAndi Hektor<br \/>\n<br \/>\nAhto Kuusk<\/p>\n<h1>Kava<\/h1>\n<table cellspacing=\"0\" cellpadding=\"2\" border=\"0\" width=\"90%\">\n<tbody>\n<tr>&nbsp;<\/tr>\n<\/tbody>\n<col width=\"35*\" \/>\n<col width=\"221*\" \/>\n<tbody>\n<tr>\n<td width=\"100%\" colspan=\"2\">\n<p align=\"left\"><strong>Reede, 18.juuni<\/strong><\/p>\n<\/td>\n<\/tr>\n<tr>\n<td width=\"11%\">\n<p align=\"left\">09.00-12.00<\/p>\n<\/td>\n<td width=\"89%\">\n<p align=\"left\">Saabumine<\/p>\n<\/td>\n<\/tr>\n<tr>\n<td align=\"left\">12.00-13.00<\/td>\n<td align=\"left\">L\u00f5unas\u00f6\u00f6k<\/td>\n<\/tr>\n<tr>\n<td align=\"left\">13.00-13.15<\/td>\n<td align=\"left\">Avas\u00f5na korraldajatelt<\/td>\n<\/tr>\n<tr>\n<td align=\"left\">13.15-15.00<\/td>\n<td align=\"left\">Ivo Fridolin (TT\u00dc): <em>Optiline kiirgus haigete j\u00e4lgimisel ja diagnostikas<\/em><\/td>\n<\/tr>\n<tr>\n<td align=\"left\">15.00-15.30<\/td>\n<td align=\"left\">Kohvipaus<\/td>\n<\/tr>\n<tr>\n<td align=\"left\">15.30-17.15<\/td>\n<td align=\"left\">Andi Hektor (KBFI): <em>Grid ja teadusarvutused I<\/em><\/td>\n<\/tr>\n<tr>\n<td align=\"left\">17.15-17.45<\/td>\n<td align=\"left\">Kohvipaus<\/td>\n<\/tr>\n<tr>\n<td align=\"left\">17.45-19.30<\/td>\n<td align=\"left\"><em>F\u00fc\u00fcsikauudised ja Rahvusvaheline F\u00fc\u00fcsika Aasta 2005<\/em><\/td>\n<\/tr>\n<tr>\n<td align=\"left\">19.30-20.30<\/td>\n<td align=\"left\">\u00d5htus\u00f6\u00f6k<\/td>\n<\/tr>\n<tr>\n<td align=\"left\">21.00-24.00<\/td>\n<td align=\"left\">Saun<\/td>\n<\/tr>\n<tr>&nbsp;<\/tr>\n<\/tbody>\n<col width=\"35*\" \/>\n<col width=\"221*\" \/>\n<tbody>\n<tr>\n<td width=\"100%\" colspan=\"2\">\n<p align=\"left\" colspan=\"2\"><strong>Laup\u00e4ev, 19.juuni<\/strong><\/p>\n<\/td>\n<\/tr>\n<tr>\n<td width=\"11%\">\n<p align=\"left\">09.00-10.00<\/p>\n<\/td>\n<td width=\"89%\">\n<p align=\"left\">Hommikus\u00f6\u00f6k<\/p>\n<\/td>\n<\/tr>\n<tr>\n<td align=\"left\">10.00-13.00<\/td>\n<td align=\"left\">Sportlikud \u00fcritused<\/td>\n<\/tr>\n<tr>\n<td align=\"left\">13.00-14.00<\/td>\n<td align=\"left\">L\u00f5unas\u00f6\u00f6k<\/td>\n<\/tr>\n<tr>\n<td align=\"left\">14.00-15.45<\/td>\n<td align=\"left\">Eero Vanikko (T\u00dc): <em>Teadusarvutused I<\/em><\/td>\n<\/tr>\n<tr>\n<td align=\"left\">15.45-16.30<\/td>\n<td align=\"left\">Kohvipaus<\/td>\n<\/tr>\n<tr>\n<td align=\"left\">16.30-18.45<\/td>\n<td align=\"left\">Aleks Rebane (Montana State University): <em>Kaasaegsest mittelineaarsest opikast<\/em><\/td>\n<\/tr>\n<tr>\n<td align=\"left\">19.00-20.00<\/td>\n<td align=\"left\">\u00d5htus\u00f6\u00f6k<\/td>\n<\/tr>\n<tr>\n<td align=\"left\">20.00-20.45<\/td>\n<td align=\"left\">Vaba mikrofon<\/td>\n<\/tr>\n<tr>\n<td align=\"left\">21.00-24.00<\/td>\n<td align=\"left\">Saun<\/td>\n<\/tr>\n<tr>&nbsp;<\/tr>\n<\/tbody>\n<col width=\"35*\" \/>\n<col width=\"221*\" \/>\n<tbody>\n<tr>\n<td width=\"100%\" colspan=\"2\">\n<p align=\"left\"><strong>P\u00fchap\u00e4ev, 20.juuni<\/strong><\/p>\n<\/td>\n<\/tr>\n<tr>\n<td width=\"11%\">\n<p align=\"left\">09.00-10.00<\/p>\n<\/td>\n<td width=\"89%\">\n<p align=\"left\">Hommikus\u00f6\u00f6k<\/p>\n<\/td>\n<\/tr>\n<tr>\n<td align=\"left\">10.00-11.30<\/td>\n<td align=\"left\">Postrite esitlused<\/td>\n<\/tr>\n<tr>\n<td align=\"left\">11.30-12.00<\/td>\n<td align=\"left\">Kohvipaus<\/td>\n<\/tr>\n<tr>\n<td align=\"left\">12.00-13.00<\/td>\n<td align=\"left\">Mario Kadastik (KBFI): <em>Grid ja teadusarvutused II<\/em><\/td>\n<\/tr>\n<tr>\n<td align=\"left\">13.00-14.00<\/td>\n<td align=\"left\">L\u00f5unas\u00f6k<\/td>\n<\/tr>\n<tr>\n<td align=\"left\">14.00<\/td>\n<td align=\"left\">\u00dchispildi tegemine<\/td>\n<\/tr>\n<tr>\n<td align=\"left\">14.00-15.45<\/td>\n<td align=\"left\">Taavi Martens (AS Sertifitseerimiskeskus): <em>Avaliku V\u00f5tme Infrastruktuur, Eesti ID-kaart ja perspektiivid<\/em><\/td>\n<\/tr>\n<tr>\n<td align=\"left\">15.45-16.30<\/td>\n<td align=\"left\">Kohv ja kokkuv\u00f5te<\/td>\n<\/tr>\n<tr>\n<td align=\"left\">16.45-<\/td>\n<td align=\"left\">\u00c4ras\u00f5it<\/td>\n<\/tr>\n<\/tbody>\n<\/table>\n","protected":false},"excerpt":{"rendered":"<p>EFS Suvekool 2004 T\u00fcrisalus, 18.-20.06 2004 Korraldajad: Andi Hektor Ahto Kuusk Kava &nbsp; Reede, 18.juuni 09.00-12.00 Saabumine 12.00-13.00 L\u00f5unas\u00f6\u00f6k 13.00-13.15 Avas\u00f5na korraldajatelt 13.15-15.00 Ivo Fridolin (TT\u00dc): Optiline kiirgus haigete j\u00e4lgimisel ja diagnostikas 15.00-15.30 Kohvipaus 15.30-17.15 Andi Hektor (KBFI): Grid ja teadusarvutused I 17.15-17.45 Kohvipaus 17.45-19.30 F\u00fc\u00fcsikauudised ja Rahvusvaheline F\u00fc\u00fcsika Aasta 2005 19.30-20.30 \u00d5htus\u00f6\u00f6k 21.00-24.00 Saun [&hellip;]<\/p>\n","protected":false},"author":28,"featured_media":0,"parent":0,"menu_order":0,"comment_status":"open","ping_status":"closed","template":"","meta":{"_genesis_hide_title":false,"_genesis_hide_breadcrumbs":false,"_genesis_hide_singular_image":false,"_genesis_hide_footer_widgets":false,"_genesis_custom_body_class":"","_genesis_custom_post_class":"","_genesis_layout":"","footnotes":""},"class_list":{"0":"post-122732","1":"page","2":"type-page","3":"status-publish","5":"entry"},"_links":{"self":[{"href":"https:\/\/www.fyysika.ee\/index.php?rest_route=\/wp\/v2\/pages\/122732","targetHints":{"allow":["GET"]}}],"collection":[{"href":"https:\/\/www.fyysika.ee\/index.php?rest_route=\/wp\/v2\/pages"}],"about":[{"href":"https:\/\/www.fyysika.ee\/index.php?rest_route=\/wp\/v2\/types\/page"}],"author":[{"embeddable":true,"href":"https:\/\/www.fyysika.ee\/index.php?rest_route=\/wp\/v2\/users\/28"}],"replies":[{"embeddable":true,"href":"https:\/\/www.fyysika.ee\/index.php?rest_route=%2Fwp%2Fv2%2Fcomments&post=122732"}],"version-history":[{"count":0,"href":"https:\/\/www.fyysika.ee\/index.php?rest_route=\/wp\/v2\/pages\/122732\/revisions"}],"wp:attachment":[{"href":"https:\/\/www.fyysika.ee\/index.php?rest_route=%2Fwp%2Fv2%2Fmedia&parent=122732"}],"curies":[{"name":"wp","href":"https:\/\/api.w.org\/{rel}","templated":true}]}}