{"id":122733,"date":"2010-04-03T11:21:39","date_gmt":"2010-04-03T08:21:39","guid":{"rendered":""},"modified":"2016-11-19T00:30:35","modified_gmt":"2016-11-18T21:30:35","slug":"fyysika-ee12217","status":"publish","type":"page","link":"https:\/\/www.fyysika.ee\/?page_id=122733","title":{"rendered":"2005.a. suvekool"},"content":{"rendered":"<p>EFS 2005.a. suvekool toimus J\u00e4neda<strong> 17.-19.06.2005<\/strong><\/p>\n<p><strong>Korraldajad:<br \/>\n<\/strong>Andi Hektor<br \/>\nAhto Kuusk<br \/>\nMait M\u00fcntel<\/p>\n<p><strong>Kava<\/strong><\/p>\n<table border=\"0\" width=\"90%\" cellspacing=\"0\" cellpadding=\"2\">\n<tbody>\n<tr>\n<td colspan=\"2\" width=\"100%\">\n<p align=\"left\"><strong>Reede, 17.juuni<\/strong><\/p>\n<\/td>\n<\/tr>\n<tr>\n<td width=\"20%\">\n<p align=\"left\">09.00-12.00<\/p>\n<\/td>\n<td width=\"80%\">\n<p align=\"left\">Saabumine<\/p>\n<\/td>\n<\/tr>\n<tr>\n<td align=\"left\">12.00-13.00<\/td>\n<td align=\"left\">L\u00f5unas\u00f6\u00f6k<\/td>\n<\/tr>\n<tr>\n<td align=\"left\">13.00-13.15<\/td>\n<td align=\"left\">Avas\u00f5na korraldajatelt<\/td>\n<\/tr>\n<tr>\n<td align=\"left\">13.15-15.00<\/td>\n<td align=\"left\">Enn Realo (T\u00dc): <em>Tuumaf\u00fc\u00fcsika mittetuuma-vahenditega ja termotuumas\u00fcntees<\/em><\/td>\n<\/tr>\n<tr>\n<td align=\"left\">15.00-15.30<\/td>\n<td align=\"left\">Kohvipaus<\/td>\n<\/tr>\n<tr>\n<td align=\"left\">15.30-17.15<\/td>\n<td align=\"left\">Mihkel Kaljurand(TT\u00dc): <em>F\u00fc\u00fcsikalt bioloogiale ja keemiale<\/em><\/td>\n<\/tr>\n<tr>\n<td align=\"left\">17.15-17.45<\/td>\n<td align=\"left\">Kohvipaus<\/td>\n<\/tr>\n<tr>\n<td align=\"left\">18.15-19.30<\/td>\n<td align=\"left\">Urmas Sisask: <em>Muusika ja t\u00e4hed<\/em><\/td>\n<\/tr>\n<tr>\n<td align=\"left\">19.30-20.30<\/td>\n<td align=\"left\">\u00d5htus\u00f6\u00f6k<\/td>\n<\/tr>\n<tr>\n<td align=\"left\">21.00-24.00<\/td>\n<td align=\"left\">Teadusbussi <em>Suur Vanker<\/em> presenteerimine, omalooming ja pidu<\/td>\n<\/tr>\n<\/tbody>\n<tbody>\n<tr>\n<td colspan=\"2\" width=\"100%\">\n<p align=\"left\"><strong>Laup\u00e4ev, 18.juuni<\/strong><\/p>\n<\/td>\n<\/tr>\n<tr>\n<td width=\"11%\">\n<p align=\"left\">09.00-10.00<\/p>\n<\/td>\n<td width=\"89%\">\n<p align=\"left\">Hommikus\u00f6\u00f6k<\/p>\n<\/td>\n<\/tr>\n<tr>\n<td align=\"left\">10.00-10.45<\/td>\n<td align=\"left\">Ago Samoson (KBFI): <em>Raadiospektroskoopiast<\/em><\/td>\n<\/tr>\n<tr>\n<td align=\"left\">10.45-11.30<\/td>\n<td align=\"left\"><em>L\u00f5pu-ja muude t\u00f6\u00f6teemade pakkumised tudengitele<\/em><\/td>\n<\/tr>\n<tr>\n<td align=\"left\">11.30-11.45<\/td>\n<td align=\"left\">Kohvipaus<\/td>\n<\/tr>\n<tr>\n<td align=\"left\">11.45-13.00<\/td>\n<td align=\"left\"><em>Tudengite l\u00fchiloengud<\/em><\/td>\n<\/tr>\n<tr>\n<td align=\"left\">13.00-14.00<\/td>\n<td align=\"left\">L\u00f5unas\u00f6\u00f6k<\/td>\n<\/tr>\n<tr>\n<td align=\"left\">14.00-15.45<\/td>\n<td align=\"left\">Raivo Vilu (TT\u00dc): <em>Isepaljunevad nanomaterjalid ja s\u00fcsteemide bioloogia<\/em><\/td>\n<\/tr>\n<tr>\n<td align=\"left\">15.45-16.15<\/td>\n<td align=\"left\">Kohvipaus<\/td>\n<\/tr>\n<tr>\n<td align=\"left\">16.15-18.00<\/td>\n<td align=\"left\">Kalev Tarkpea (T\u00dc): <em>F\u00fc\u00fcsika \u00f5petamise tulevikuplaanid T\u00dcs<\/em><\/td>\n<\/tr>\n<tr>\n<td align=\"left\">18.00-19.00<\/td>\n<td align=\"left\"><em>F\u00fc\u00fcsikauudised ja f\u00fc\u00fcsika-aasta 2005<\/em><\/td>\n<\/tr>\n<tr>\n<td align=\"left\">19.00-20.00<\/td>\n<td align=\"left\">\u00d5htus\u00f6\u00f6k<\/td>\n<\/tr>\n<tr>\n<td align=\"left\">20.00-21.00<\/td>\n<td align=\"left\"><em>Teadusbussi arutelu<\/em><\/td>\n<\/tr>\n<tr>\n<td align=\"left\">21.00-24.00<\/td>\n<td align=\"left\">Pidu ja saun<\/td>\n<\/tr>\n<\/tbody>\n<tbody>\n<tr>\n<td colspan=\"2\" width=\"100\">\n<p align=\"left\"><strong>P\u00fchap\u00e4ev,\u00a019.juuni<\/strong><\/p>\n<\/td>\n<\/tr>\n<tr>\n<td width=\"11%\">\n<p align=\"left\">09.00-10.00<\/p>\n<\/td>\n<td width=\"89%\">\n<p align=\"left\">Hommikus\u00f6\u00f6k<\/p>\n<\/td>\n<\/tr>\n<tr>\n<td align=\"left\">10.00-13.00<\/td>\n<td align=\"left\">Sportlikud \u00fcritused: jalgpall jne<\/td>\n<\/tr>\n<tr>\n<td align=\"left\">13.00-13.45<\/td>\n<td align=\"left\">L\u00f5unas\u00f6\u00f6k<\/td>\n<\/tr>\n<tr>\n<td align=\"left\">13.45-14.00<\/td>\n<td align=\"left\">\u00dchispildi tegemine<\/td>\n<\/tr>\n<tr>\n<td align=\"left\">14.00-15.45<\/td>\n<td align=\"left\"><em>L\u00f5pu-ja muude t\u00f6\u00f6teemade pakkumised tudengitele<\/em><\/td>\n<\/tr>\n<tr>\n<td align=\"left\">15.45-16.30<\/td>\n<td align=\"left\">Kohv ja kokkuv\u00f5te, postrite auhindade k\u00e4tteandmine<\/td>\n<\/tr>\n<tr>\n<td align=\"left\">16.45-<\/td>\n<td align=\"left\">Suvekooli ametliku osa l\u00f5pp ja kojus\u00f5it<\/td>\n<\/tr>\n<\/tbody>\n<\/table>\n<p>[lg_folder folder=&#8221;Suvekool2005\/&#8221;   paging=&#8221;false&#8221;]<\/p>\n","protected":false},"excerpt":{"rendered":"<p>EFS 2005.a. suvekool toimus J\u00e4neda 17.-19.06.2005 Korraldajad: Andi Hektor Ahto Kuusk Mait M\u00fcntel Kava Reede, 17.juuni 09.00-12.00 Saabumine 12.00-13.00 L\u00f5unas\u00f6\u00f6k 13.00-13.15 Avas\u00f5na korraldajatelt 13.15-15.00 Enn Realo (T\u00dc): Tuumaf\u00fc\u00fcsika mittetuuma-vahenditega ja termotuumas\u00fcntees 15.00-15.30 Kohvipaus 15.30-17.15 Mihkel Kaljurand(TT\u00dc): F\u00fc\u00fcsikalt bioloogiale ja keemiale 17.15-17.45 Kohvipaus 18.15-19.30 Urmas Sisask: Muusika ja t\u00e4hed 19.30-20.30 \u00d5htus\u00f6\u00f6k 21.00-24.00 Teadusbussi Suur Vanker presenteerimine, [&hellip;]<\/p>\n","protected":false},"author":28,"featured_media":0,"parent":0,"menu_order":0,"comment_status":"open","ping_status":"closed","template":"","meta":{"_genesis_hide_title":false,"_genesis_hide_breadcrumbs":false,"_genesis_hide_singular_image":false,"_genesis_hide_footer_widgets":false,"_genesis_custom_body_class":"","_genesis_custom_post_class":"","_genesis_layout":"","footnotes":""},"class_list":{"0":"post-122733","1":"page","2":"type-page","3":"status-publish","5":"entry"},"_links":{"self":[{"href":"https:\/\/www.fyysika.ee\/index.php?rest_route=\/wp\/v2\/pages\/122733","targetHints":{"allow":["GET"]}}],"collection":[{"href":"https:\/\/www.fyysika.ee\/index.php?rest_route=\/wp\/v2\/pages"}],"about":[{"href":"https:\/\/www.fyysika.ee\/index.php?rest_route=\/wp\/v2\/types\/page"}],"author":[{"embeddable":true,"href":"https:\/\/www.fyysika.ee\/index.php?rest_route=\/wp\/v2\/users\/28"}],"replies":[{"embeddable":true,"href":"https:\/\/www.fyysika.ee\/index.php?rest_route=%2Fwp%2Fv2%2Fcomments&post=122733"}],"version-history":[{"count":0,"href":"https:\/\/www.fyysika.ee\/index.php?rest_route=\/wp\/v2\/pages\/122733\/revisions"}],"wp:attachment":[{"href":"https:\/\/www.fyysika.ee\/index.php?rest_route=%2Fwp%2Fv2%2Fmedia&parent=122733"}],"curies":[{"name":"wp","href":"https:\/\/api.w.org\/{rel}","templated":true}]}}