{"id":122734,"date":"2010-04-03T11:21:39","date_gmt":"2010-04-03T08:21:39","guid":{"rendered":""},"modified":"2016-11-28T19:26:53","modified_gmt":"2016-11-28T16:26:53","slug":"fyysika-ee40011","status":"publish","type":"page","link":"https:\/\/www.fyysika.ee\/?page_id=122734","title":{"rendered":"2012.a. suvekool"},"content":{"rendered":"<p>T\u00e4ppisteaduste Suvekool 2012 toimus 26. \u2013 28. juuni 2012 Kopra Talus<\/p>\n<table cellspacing=\"0\" cellpadding=\"5\">\n<tbody>\n<tr>\n<td dir=\"ltr\" colspan=\"3\"><strong>Esimene p\u00e4ev, 26.06<\/strong><\/td>\n<\/tr>\n<tr>\n<td dir=\"ltr\">13:00:00<\/td>\n<td dir=\"ltr\" colspan=\"2\">Kogunemine, kohv ja suupisted<\/td>\n<\/tr>\n<tr>\n<td>14:00:00<\/td>\n<td dir=\"ltr\" colspan=\"2\">Tervitusk\u00f5ned<\/td>\n<\/tr>\n<tr>\n<td>14:15:00<\/td>\n<td dir=\"ltr\" colspan=\"2\">Roomet Jakapi, &#8220;Hinge metaf\u00fc\u00fcsikast varauusajal&#8221; (T\u00dc)<\/td>\n<\/tr>\n<tr>\n<td>15:05:00<\/td>\n<td dir=\"ltr\">Toni Laurila, &#8220;Advances in the Optical Analytics of Liquids and Gases&#8221; (MIKES)<\/td>\n<td dir=\"ltr\">\u00dclle Kikas, &#8220;Looduslike energiaressursside rakendamise tehnoloogiad&#8221;<\/td>\n<\/tr>\n<tr>\n<td>16:55:00<\/td>\n<td dir=\"ltr\" colspan=\"2\">Kohvipaus<\/td>\n<\/tr>\n<tr>\n<td>17:25:00<\/td>\n<td dir=\"ltr\" colspan=\"2\">Alan Tkaczyk &#8220;Tuumaenergeetikaga seonduvad keskkonnaaspektid&#8221; (T\u00dc)<\/td>\n<\/tr>\n<tr>\n<td>18:00:00<\/td>\n<td dir=\"ltr\" colspan=\"2\">Mihkel Pajusalu, &#8220;Bioenergeetikast, sh bioloogilised ja orgaanilised energiaallikad&#8221; (T\u00dc)<\/td>\n<\/tr>\n<tr>\n<td dir=\"ltr\">19:00:00<\/td>\n<td dir=\"ltr\" colspan=\"2\">\u00d5htus\u00f6\u00f6k<\/td>\n<\/tr>\n<tr>\n<td>20:00:00<\/td>\n<td dir=\"ltr\" colspan=\"2\">Film, \u00fchistegevused<\/td>\n<\/tr>\n<tr>\n<td dir=\"ltr\" colspan=\"3\"><strong>Teine p\u00e4ev, 27.06<\/strong><\/td>\n<\/tr>\n<tr>\n<td dir=\"ltr\">8:30:00<\/td>\n<td dir=\"ltr\" colspan=\"2\">Hommikus\u00f6\u00f6k<\/td>\n<\/tr>\n<tr>\n<td>9:30:00<\/td>\n<td dir=\"ltr\" colspan=\"2\">Andres Arrak &#8220;Elu v\u00f5imalikkusest Eestis 2050&#8221; (EEK Mainor)<\/td>\n<\/tr>\n<tr>\n<td>12:45:00<\/td>\n<td dir=\"ltr\" colspan=\"2\">L\u00f5unas\u00f6\u00f6k<\/td>\n<\/tr>\n<tr>\n<td>13:45:00<\/td>\n<td dir=\"ltr\" colspan=\"2\">Aleksei Turovski &#8220;Pterostigmast&#8221; (Tallinna loomaaed)<\/td>\n<\/tr>\n<tr>\n<td>15:25:00<\/td>\n<td dir=\"ltr\">Kaupo Voormansik (T\u00dc), Aire Olesk (T\u00dc) ja Karlis Zalite (TO), &#8220;Tehisavaradari rakendused maa all ja maa peal&#8221;<\/td>\n<td dir=\"ltr\" rowspan=\"2\">Priit Pikk, &#8220;P\u00e4ikeseenergia v\u00f5imalused jahutamiseks&#8221;<\/td>\n<\/tr>\n<tr>\n<td>15:55:00<\/td>\n<td dir=\"ltr\">Eesti F\u00fc\u00fcsika Seltsi tegemistest<\/td>\n<\/tr>\n<tr>\n<td>16:25:00<\/td>\n<td dir=\"ltr\" colspan=\"2\">Kohvipaus<\/td>\n<\/tr>\n<tr>\n<td>16:55:00<\/td>\n<td dir=\"ltr\" colspan=\"2\">Orienteerumine, jalgpall<\/td>\n<\/tr>\n<tr>\n<td dir=\"ltr\">18:30:00<\/td>\n<td dir=\"ltr\" colspan=\"2\">\u00d5htus\u00f6\u00f6k<\/td>\n<\/tr>\n<tr>\n<td>19:30:00<\/td>\n<td dir=\"ltr\" colspan=\"2\">Film, \u00fchistegevused<\/td>\n<\/tr>\n<tr>\n<td dir=\"ltr\" colspan=\"3\"><strong>Kolmas p\u00e4ev, 28.06<\/strong><\/td>\n<\/tr>\n<tr>\n<td dir=\"ltr\">9:00:00<\/td>\n<td dir=\"ltr\" colspan=\"2\">Hommikus\u00f6\u00f6k<\/td>\n<\/tr>\n<tr>\n<td>10:00:00<\/td>\n<td dir=\"ltr\" colspan=\"2\">Mihkel Kama &#8220;T\u00e4htede s\u00fcnd ja maav\u00e4lise elu otsingud&#8221; (UvA)<\/td>\n<\/tr>\n<tr>\n<td dir=\"ltr\">11:00:00<\/td>\n<td dir=\"ltr\" colspan=\"2\">Jaan Aru, &#8220;Ajuta ajuteadus&#8221; (MPI)<\/td>\n<\/tr>\n<tr>\n<td>12:00:00<\/td>\n<td dir=\"ltr\" colspan=\"2\">Juhan Aru &#8220;Gaasimaskid, magnetid, pol\u00fcmeerid ja natuke matemaatilist<br \/>\ntsementi&#8221; (University of Cambridge)<\/td>\n<\/tr>\n<tr>\n<td>13:00:00<\/td>\n<td dir=\"ltr\" colspan=\"2\">L\u00f5petamine, autasustamine, \u00fchispilt, kohv, suupisted<\/td>\n<\/tr>\n<\/tbody>\n<\/table>\n<p><strong>Korraldajad<\/strong><br \/>\nKaido Reivelt<br \/>\nKetlin Reis<\/p>\n<p>[lg_folder folder=&#8221;Suvekool2012\/&#8221; paging=&#8221;false&#8221;]<\/p>\n","protected":false},"excerpt":{"rendered":"<p>T\u00e4ppisteaduste Suvekool 2012 toimus 26. \u2013 28. juuni 2012 Kopra Talus Esimene p\u00e4ev, 26.06 13:00:00 Kogunemine, kohv ja suupisted 14:00:00 Tervitusk\u00f5ned 14:15:00 Roomet Jakapi, &#8220;Hinge metaf\u00fc\u00fcsikast varauusajal&#8221; (T\u00dc) 15:05:00 Toni Laurila, &#8220;Advances in the Optical Analytics of Liquids and Gases&#8221; (MIKES) \u00dclle Kikas, &#8220;Looduslike energiaressursside rakendamise tehnoloogiad&#8221; 16:55:00 Kohvipaus 17:25:00 Alan Tkaczyk &#8220;Tuumaenergeetikaga seonduvad keskkonnaaspektid&#8221; [&hellip;]<\/p>\n","protected":false},"author":28,"featured_media":0,"parent":0,"menu_order":0,"comment_status":"open","ping_status":"closed","template":"","meta":{"_genesis_hide_title":false,"_genesis_hide_breadcrumbs":false,"_genesis_hide_singular_image":false,"_genesis_hide_footer_widgets":false,"_genesis_custom_body_class":"","_genesis_custom_post_class":"","_genesis_layout":"","footnotes":""},"class_list":{"0":"post-122734","1":"page","2":"type-page","3":"status-publish","5":"entry"},"_links":{"self":[{"href":"https:\/\/www.fyysika.ee\/index.php?rest_route=\/wp\/v2\/pages\/122734","targetHints":{"allow":["GET"]}}],"collection":[{"href":"https:\/\/www.fyysika.ee\/index.php?rest_route=\/wp\/v2\/pages"}],"about":[{"href":"https:\/\/www.fyysika.ee\/index.php?rest_route=\/wp\/v2\/types\/page"}],"author":[{"embeddable":true,"href":"https:\/\/www.fyysika.ee\/index.php?rest_route=\/wp\/v2\/users\/28"}],"replies":[{"embeddable":true,"href":"https:\/\/www.fyysika.ee\/index.php?rest_route=%2Fwp%2Fv2%2Fcomments&post=122734"}],"version-history":[{"count":0,"href":"https:\/\/www.fyysika.ee\/index.php?rest_route=\/wp\/v2\/pages\/122734\/revisions"}],"wp:attachment":[{"href":"https:\/\/www.fyysika.ee\/index.php?rest_route=%2Fwp%2Fv2%2Fmedia&parent=122734"}],"curies":[{"name":"wp","href":"https:\/\/api.w.org\/{rel}","templated":true}]}}