{"id":122739,"date":"2010-04-03T11:21:39","date_gmt":"2010-04-03T08:21:39","guid":{"rendered":""},"modified":"2014-04-09T10:52:54","modified_gmt":"2014-04-09T07:52:54","slug":"fyysika.ee12222","status":"publish","type":"page","link":"https:\/\/www.fyysika.ee\/?page_id=122739","title":{"rendered":"2006.a. suvekool"},"content":{"rendered":"<h2>EFS Suvekool 2006<\/h2>\n<p><strong>Arbaveres, 16.-18.juunil<\/strong> <\/p>\n<p><strong>Korraldajad: <\/strong><br \/>Maarja Grossberg <br \/>Andi Hektor <br \/>Ahto Kuusk<\/p>\n<table border=\"0\" cellspacing=\"0\" cellpadding=\"2\" width=\"90%\">\n<tbody>\n<tr><\/tr>\n<\/tbody>\n<colgroup>\n<col width=\"35\" \/>\n<col width=\"221\" \/><\/colgroup>\n<tbody>\n<tr>\n<td width=\"100%\" colspan=\"2\">\n<p align=\"left\"><strong>Reede, 16.juuni<\/strong><\/p>\n<\/td>\n<\/tr>\n<tr>\n<td width=\"20%\">\n<p align=\"left\">09.00-12.00<\/p>\n<\/td>\n<td width=\"80%\">\n<p align=\"left\">Saabumine<\/p>\n<\/td>\n<\/tr>\n<tr>\n<td align=\"left\">12.00-13.00<\/td>\n<td align=\"left\">L\u00f5unas\u00f6\u00f6k<\/td>\n<\/tr>\n<tr>\n<td align=\"left\">13.00-13.15<\/td>\n<td align=\"left\">Avas\u00f5na korraldajatelt<\/td>\n<\/tr>\n<tr>\n<td align=\"left\">13.15-15.00<\/td>\n<td align=\"left\"><em>F\u00fc\u00fcsikauudised 2005\/2006<\/em><\/td>\n<\/tr>\n<tr>\n<td align=\"left\">15.00-15.30<\/td>\n<td align=\"left\">Kohvipaus<\/td>\n<\/tr>\n<tr>\n<td align=\"left\">15.30-17.15<\/td>\n<td align=\"left\">Laur J\u00e4rv (T\u00dc): <em>Stringiteooria: p\u00f5hialused ning viimased arengud<\/em><\/td>\n<\/tr>\n<tr>\n<td align=\"left\">17.15-17.45<\/td>\n<td align=\"left\">Kohvipaus<\/td>\n<\/tr>\n<tr>\n<td align=\"left\">18.15-19.30<\/td>\n<td align=\"left\">Filmi\u00f5htu: <em>Albert Einstein: Unfinished Symphony<\/em><\/td>\n<\/tr>\n<tr>\n<td align=\"left\">19.30-20.30<\/td>\n<td align=\"left\">\u00d5htus\u00f6\u00f6k<\/td>\n<\/tr>\n<tr>\n<td align=\"left\">21.00-24.00<\/td>\n<td align=\"left\">Pidu ja saun<\/td>\n<\/tr>\n<tr><\/tr>\n<\/tbody>\n<colgroup>\n<col width=\"35\" \/>\n<col width=\"221\" \/><\/colgroup>\n<tbody>\n<tr>\n<td width=\"100%\" colspan=\"2\">\n<p align=\"left\" colspan=\"2\"><strong>Laup\u00e4ev, 17.juuni<\/strong><\/p>\n<\/td>\n<\/tr>\n<tr>\n<td width=\"11%\">\n<p align=\"left\">09.00-10.00<\/p>\n<\/td>\n<td width=\"89%\">\n<p align=\"left\">Hommikus\u00f6\u00f6k<\/p>\n<\/td>\n<\/tr>\n<tr>\n<td align=\"left\">10.00-13.00<\/td>\n<td align=\"left\"><em>Sportlikud \u00fcritused:<\/em> jalgpall, male jne<\/td>\n<\/tr>\n<tr>\n<td align=\"left\">13.00-14.00<\/td>\n<td align=\"left\">L\u00f5unas\u00f6\u00f6k<\/td>\n<\/tr>\n<tr>\n<td align=\"left\">14.00-14.30<\/td>\n<td align=\"left\">Katrin Laas(TL\u00dc): <em>F\u00fc\u00fcsika \u00f5petamisest TL\u00dcs<\/em><\/td>\n<\/tr>\n<tr>\n<td align=\"left\">14.30-15.45<\/td>\n<td align=\"left\"><em>Tudengite l\u00fchiloengud ja postrite tutvustused<\/em><\/td>\n<\/tr>\n<tr>\n<td align=\"left\">15.45-16.15<\/td>\n<td align=\"left\">Kohvipaus<\/td>\n<\/tr>\n<tr>\n<td align=\"left\">16.15-17.45<\/td>\n<td align=\"left\">Tarmo Soomere (TT\u00dc): <em>Lainetav L\u00e4\u00e4nemeri<\/em><\/td>\n<\/tr>\n<tr>\n<td align=\"left\">17.45-19.15<\/td>\n<td align=\"left\">Erkki Truve (TT\u00dc): <em>Geenitehnoloogiast<\/em><\/td>\n<\/tr>\n<tr>\n<td align=\"left\">19.15-20.00<\/td>\n<td align=\"left\">\u00d5htus\u00f6\u00f6k<\/td>\n<\/tr>\n<tr>\n<td align=\"left\">20.00-24.00<\/td>\n<td align=\"left\">Pidu ja saun<\/td>\n<\/tr>\n<tr><\/tr>\n<\/tbody>\n<colgroup>\n<col width=\"35\" \/>\n<col width=\"221\" \/><\/colgroup>\n<tbody>\n<tr>\n<td width=\"100\" colspan=\"2\">\n<p align=\"left\"><strong>P\u00fchap\u00e4ev,\u00a018.juuni<\/strong><\/p>\n<\/td>\n<\/tr>\n<tr>\n<td width=\"11%\">\n<p align=\"left\">09.00-10.00<\/p>\n<\/td>\n<td width=\"89%\">\n<p align=\"left\">Hommikus\u00f6\u00f6k<\/p>\n<\/td>\n<\/tr>\n<tr>\n<td align=\"left\">10.00-11.30<\/td>\n<td align=\"left\">Rein-Karl Loide(TT\u00dc): <em>F\u00fc\u00fcsika \u00f5petamisest TT\u00dcs<\/em><\/td>\n<\/tr>\n<tr>\n<td align=\"left\">11.30-11.45<\/td>\n<td align=\"left\">Kohvipaus<\/td>\n<\/tr>\n<tr>\n<td align=\"left\">11.45-13.15<\/td>\n<td align=\"left\">Staffen Kr\u00e4mer (Stuttgard\/Grenoble) ja Raivo Stern (KBFI): <em>Modern spin materials in high magnetic fields &#8212; NMR and beyond<\/em><\/td>\n<\/tr>\n<tr>\n<td align=\"left\">13.15-13.25<\/td>\n<td align=\"left\">\u00dchispildi tegemine<\/td>\n<\/tr>\n<tr>\n<td align=\"left\">13.25-14.00<\/td>\n<td align=\"left\">L\u00f5unas\u00f6\u00f6k<\/td>\n<\/tr>\n<tr>\n<td align=\"left\">14.00-15.45<\/td>\n<td>Alvar Soesoo (TT\u00dc): <em>Geof\u00fc\u00fcsikast<\/em><\/td>\n<\/tr>\n<tr>\n<td align=\"left\">15.45-16.00<\/td>\n<td align=\"left\">Kohvipaus<\/td>\n<\/tr>\n<tr>\n<td align=\"left\">16.00-16.30<\/td>\n<td align=\"left\">F\u00fc\u00fcsikaportaali ja Teadusbussi seminar<\/td>\n<\/tr>\n<tr>\n<td align=\"left\">16.30-16.45<\/td>\n<td align=\"left\">Suvekooli l\u00f5petamine ja kojus\u00f5it<\/td>\n<\/tr>\n<\/tbody>\n<\/table>\n<h3 \/>\n","protected":false},"excerpt":{"rendered":"<p>EFS Suvekool 2006 Arbaveres, 16.-18.juunil Korraldajad: Maarja Grossberg Andi Hektor Ahto Kuusk Reede, 16.juuni 09.00-12.00 Saabumine 12.00-13.00 L\u00f5unas\u00f6\u00f6k 13.00-13.15 Avas\u00f5na korraldajatelt 13.15-15.00 F\u00fc\u00fcsikauudised 2005\/2006 15.00-15.30 Kohvipaus 15.30-17.15 Laur J\u00e4rv (T\u00dc): Stringiteooria: p\u00f5hialused ning viimased arengud 17.15-17.45 Kohvipaus 18.15-19.30 Filmi\u00f5htu: Albert Einstein: Unfinished Symphony 19.30-20.30 \u00d5htus\u00f6\u00f6k 21.00-24.00 Pidu ja saun Laup\u00e4ev, 17.juuni 09.00-10.00 Hommikus\u00f6\u00f6k 10.00-13.00 Sportlikud [&hellip;]<\/p>\n","protected":false},"author":28,"featured_media":0,"parent":0,"menu_order":0,"comment_status":"open","ping_status":"closed","template":"","meta":{"_genesis_hide_title":false,"_genesis_hide_breadcrumbs":false,"_genesis_hide_singular_image":false,"_genesis_hide_footer_widgets":false,"_genesis_custom_body_class":"","_genesis_custom_post_class":"","_genesis_layout":"","footnotes":""},"class_list":{"0":"post-122739","1":"page","2":"type-page","3":"status-publish","5":"entry"},"_links":{"self":[{"href":"https:\/\/www.fyysika.ee\/index.php?rest_route=\/wp\/v2\/pages\/122739","targetHints":{"allow":["GET"]}}],"collection":[{"href":"https:\/\/www.fyysika.ee\/index.php?rest_route=\/wp\/v2\/pages"}],"about":[{"href":"https:\/\/www.fyysika.ee\/index.php?rest_route=\/wp\/v2\/types\/page"}],"author":[{"embeddable":true,"href":"https:\/\/www.fyysika.ee\/index.php?rest_route=\/wp\/v2\/users\/28"}],"replies":[{"embeddable":true,"href":"https:\/\/www.fyysika.ee\/index.php?rest_route=%2Fwp%2Fv2%2Fcomments&post=122739"}],"version-history":[{"count":0,"href":"https:\/\/www.fyysika.ee\/index.php?rest_route=\/wp\/v2\/pages\/122739\/revisions"}],"wp:attachment":[{"href":"https:\/\/www.fyysika.ee\/index.php?rest_route=%2Fwp%2Fv2%2Fmedia&parent=122739"}],"curies":[{"name":"wp","href":"https:\/\/api.w.org\/{rel}","templated":true}]}}