{"id":122741,"date":"2010-04-03T11:21:39","date_gmt":"2010-04-03T08:21:39","guid":{"rendered":""},"modified":"2016-11-23T19:13:08","modified_gmt":"2016-11-23T16:13:08","slug":"fyysika-ee12223","status":"publish","type":"page","link":"https:\/\/www.fyysika.ee\/?page_id=122741","title":{"rendered":"2009.a. s\u00fcgiskool"},"content":{"rendered":"<h1>T\u00e4ppisteaduste S\u00fcgiskool 2009<\/h1>\n<p><strong>Teema:<\/strong> Materjalid erinevatelt m\u00e4tastelt<br \/>\n<strong>Aeg:<\/strong> 30. okt &#8211; 1. nov<br \/>\n<strong>Koht:<\/strong> Voore Puhkekeskus &#8211; <a href=\"http:\/\/www.voorekylalistemaja.ee\/\">http:\/\/www.voorekylalistemaja.ee\/<\/a><br \/>\n<strong>Pildimeenutused<\/strong>: <a href=\"fyysika\/galerii?reisid=738\">Vaata pildigaleriid!<\/a><\/p>\n<p><strong>Reede 30. okt<\/strong><br \/>\n11:00 Saabumine<br \/>\n13:00 L\u00f5unas\u00f6\u00f6k L\u00f5unas\u00f6\u00f6k<br \/>\n14:00 Korraldajad<br \/>\n14:15 Stefan Groote Saksa vaatenurk kvantmehaanika arengule (<a href=\"http:\/\/www.fyysika.ee\/doc\/sygiskool2009_Groote_Saksa.pdf\">esitluse pdf<\/a>, <a href=\"http:\/\/www.fyysika.ee\/doc\/sygiskool2009_Groote.pdf\">esitluse pdf<\/a>)<br \/>\n15:00 Indrek Saul Kuidas tehnoloogia, matemaatika ja juhtimisteadus dieedipidaja elu kergemaks teevad (<a href=\"http:\/\/www.fyysika.ee\/doc\/sygiskool2009_Saul.pdf\">esitluse pdf<\/a>)<br \/>\n16:15 Kohvipaus<br \/>\n16:45 Jaak Kikas Tahkiste mudelitest<br \/>\n18:15 Martin V\u00e4llik<br \/>\n19:00 \u00d5htus\u00f6\u00f6k<br \/>\n20:00 Meelelahutus &#8211; film ja saun Filmi\u00f5htu Disko ja Tuumas\u00f5da<\/p>\n<p><strong>Laup\u00e4ev 31. okt <\/strong><br \/>\n09:00 Hommikus\u00f6\u00f6k<br \/>\n10:00 Sport<br \/>\n12:00 L\u00f5unas\u00f6\u00f6k L\u00f5unas\u00f6\u00f6k<br \/>\n13:00 Pekka Janhunen The electric solar wind sail: a revolutionary efficient new method for moving in the solar system<br \/>\n14:30 Sini Merikallio Moving an asteroid with electric solar wind sail<br \/>\n15:00 Kaupo Voormansik Kosmosetehnoloogia materjalid (<a href=\"http:\/\/www.fyysika.ee\/doc\/sygiskool2009_Voormantsik_Materjalid.pdf\">esitluse pdf<\/a>)<br \/>\n15:45 Kohvipaus<br \/>\n16:15 Massimo Tallarida Photoemission investigations with Synchrotron light: In-situ Atomic Layer Deposition (ALD) of oxides monitored cycle by cycle.<br \/>\n17:15 Andrus Salupere \u00dcldine mittelineaarsus I (<a href=\"http:\/\/www.fyysika.ee\/doc\/sygiskool2009_Salupere.pdf\">esitluse pdf<\/a>)<br \/>\n18:00 Paus<br \/>\n18:15 Andrus Salupere \u00dcldine mittelineaarsus II ja Mittelineaarsete Protsesside Anal\u00fc\u00fcsi Keskuse ( CENS)<br \/>\n19:00 \u00d5htus\u00f6\u00f6k<br \/>\n20:00 Saun<\/p>\n<p><strong>P\u00fchap\u00e4ev 1. nov<\/strong><br \/>\n09:00 Hommikus\u00f6\u00f6k Hommikus\u00f6\u00f6k<br \/>\n10:00 Taavi Adamberg F\u00fc\u00fcsika populariseerimine<br \/>\n10:30 Kaupo Voormansik \u00f5ppimisv\u00f5imalustest Rahvusvahelises Kosmose\u00fclikoolis (<a href=\"http:\/\/www.fyysika.ee\/doc\/sygiskool2009_Voormantsik.pdf\">esitluse pdf<\/a>)<br \/>\n11:00 Peeter Piksarv Difraktsiooni uus k\u00e4sitlus (<a href=\"http:\/\/www.fyysika.ee\/doc\/sygiskool2009_Piksarv.pdf\">esitluse pdf<\/a>)<br \/>\n11:30 \u00dchispildi tegemine<br \/>\n11:45 L\u00f5unas\u00f6\u00f6k<br \/>\n12:45 Kohv ja kokkuv\u00f5te, auhindade jagamine<\/p>\n<h3>S\u00fcgiskooli korraldustoimkond<\/h3>\n<ul>\n<li>Kaido Reivelt, kaidor(att)fi.tartu.ee, tel 5143349<\/li>\n<li>Aigar Vaigu, aigar(att)fyysika.ee<\/li>\n<li>Taavi Adamberg, taavi(att)fyysika.ee<\/li>\n<\/ul>\n<p>[lg_folder folder=&#8221;Sygiskool2009\/&#8221; paging=&#8221;false&#8221;]<\/p>\n<h3>Osalejate nimekiri:<\/h3>\n<p>&nbsp;<\/p>\n<table border=\"1\" width=\"100%\">\n<tbody>\n<tr>\n<td width=\"20%\">Tanel Ainla<\/td>\n<td width=\"20%\">Kert Tamm<\/td>\n<td width=\"20%\">Taavi Vaikj\u00e4rv<\/td>\n<td width=\"20%\">Mihkel Pajusalu<\/td>\n<td width=\"20%\">Stiina Kristal<\/td>\n<\/tr>\n<tr>\n<td>Anna-Liisa Ikart<\/td>\n<td>Aigar Vaigu<\/td>\n<td>Maila Visnap<\/td>\n<td>Villu Orav<\/td>\n<td>Eerik S\u00e4re<\/td>\n<\/tr>\n<tr>\n<td>Ahti Laurisson<\/td>\n<td>Taavi Ilmj\u00e4rv<\/td>\n<td>T\u00f5nis Tiimus<\/td>\n<td>Margus Kodu<\/td>\n<td>Ramon Rantsus<\/td>\n<\/tr>\n<tr>\n<td>Erik Kulu<\/td>\n<td>Alo Peets<\/td>\n<td>Tiit Sepp<\/td>\n<td>Siim H\u00f6dermann<\/td>\n<td>Rainer P\u00e4rna<\/td>\n<\/tr>\n<tr>\n<td>Andreas Valdmann<\/td>\n<td>Kreete Roslender<\/td>\n<td>Piia Burk<\/td>\n<td>J\u00fcri Luist<\/td>\n<td>Sven-Erik M\u00e4ndmaa<\/td>\n<\/tr>\n<tr>\n<td>Kaur Leemets<\/td>\n<td>Marili Viitak<\/td>\n<td>Helen Otsep<\/td>\n<td>Liis Reisberg<\/td>\n<td>Mairi Viitak<\/td>\n<\/tr>\n<tr>\n<td>Urmas Kvell<\/td>\n<td>J\u00fcrgen Vaher<\/td>\n<td>Eero Eelma<\/td>\n<td>Indrek S\u00fcnter<\/td>\n<td>Martin Tootsi<\/td>\n<\/tr>\n<tr>\n<td>Endel Soolo<\/td>\n<td>Jaan Viru<\/td>\n<td>Martin Lints<\/td>\n<td>T\u00f5nis Eenm\u00e4e<\/td>\n<td>Johan Viirok<\/td>\n<\/tr>\n<tr>\n<td>Taavi Adamberg<\/td>\n<td>Martin J\u00e4rvek\u00fclg<\/td>\n<td>Merlin J\u00f5ulu<\/td>\n<td>Aile Tamm<\/td>\n<td>Toomas Vaher<\/td>\n<\/tr>\n<tr>\n<td>Laur Peedu<\/td>\n<td>Paul Liias<\/td>\n<td>Kristel Kosk<\/td>\n<td>Tavo Ani<\/td>\n<td>Katrin Kaur<\/td>\n<\/tr>\n<tr>\n<td>\u00dcrgo Saaliste<\/td>\n<td>Rauno Nuut<\/td>\n<td>Kaupo Kukli<\/td>\n<td>Anu Reinart<\/td>\n<td>Mart Noorma<\/td>\n<\/tr>\n<tr>\n<td>P\u00e4rt Veispak<\/td>\n<td>Indrek Pruul<\/td>\n<td>Aune Nigol<\/td>\n<td>Sander Rikka<\/td>\n<td>Meeri Lembinen<\/td>\n<\/tr>\n<tr>\n<td>Sergei Vlassov<\/td>\n<td>Meelis-Mait Sildoja<\/td>\n<td>Ilmar Ansko<\/td>\n<td>Martin Timusk<\/td>\n<td>Heino Soo<\/td>\n<\/tr>\n<tr>\n<td>Marje Prank<\/td>\n<td>Styna Randmaa<\/td>\n<td>Andres Kuura<\/td>\n<td>Kaspar Kaarlep<\/td>\n<td>Joonas Rihma<\/td>\n<\/tr>\n<tr>\n<td>Kaspar Kevvai<\/td>\n<td>Siim Pikker<\/td>\n<td>Hele-Tea Riik<\/td>\n<td>Maria Kesa<\/td>\n<td>Mart Sokk<\/td>\n<\/tr>\n<tr>\n<td><\/td>\n<td><\/td>\n<td><\/td>\n<td><\/td>\n<td><\/td>\n<\/tr>\n<\/tbody>\n<\/table>\n","protected":false},"excerpt":{"rendered":"<p>T\u00e4ppisteaduste S\u00fcgiskool 2009 Teema: Materjalid erinevatelt m\u00e4tastelt Aeg: 30. okt &#8211; 1. nov Koht: Voore Puhkekeskus &#8211; http:\/\/www.voorekylalistemaja.ee\/ Pildimeenutused: Vaata pildigaleriid! Reede 30. okt 11:00 Saabumine 13:00 L\u00f5unas\u00f6\u00f6k L\u00f5unas\u00f6\u00f6k 14:00 Korraldajad 14:15 Stefan Groote Saksa vaatenurk kvantmehaanika arengule (esitluse pdf, esitluse pdf) 15:00 Indrek Saul Kuidas tehnoloogia, matemaatika ja juhtimisteadus dieedipidaja elu kergemaks teevad (esitluse [&hellip;]<\/p>\n","protected":false},"author":28,"featured_media":0,"parent":0,"menu_order":0,"comment_status":"open","ping_status":"closed","template":"","meta":{"_genesis_hide_title":false,"_genesis_hide_breadcrumbs":false,"_genesis_hide_singular_image":false,"_genesis_hide_footer_widgets":false,"_genesis_custom_body_class":"","_genesis_custom_post_class":"","_genesis_layout":"","footnotes":""},"class_list":{"0":"post-122741","1":"page","2":"type-page","3":"status-publish","5":"entry"},"_links":{"self":[{"href":"https:\/\/www.fyysika.ee\/index.php?rest_route=\/wp\/v2\/pages\/122741","targetHints":{"allow":["GET"]}}],"collection":[{"href":"https:\/\/www.fyysika.ee\/index.php?rest_route=\/wp\/v2\/pages"}],"about":[{"href":"https:\/\/www.fyysika.ee\/index.php?rest_route=\/wp\/v2\/types\/page"}],"author":[{"embeddable":true,"href":"https:\/\/www.fyysika.ee\/index.php?rest_route=\/wp\/v2\/users\/28"}],"replies":[{"embeddable":true,"href":"https:\/\/www.fyysika.ee\/index.php?rest_route=%2Fwp%2Fv2%2Fcomments&post=122741"}],"version-history":[{"count":0,"href":"https:\/\/www.fyysika.ee\/index.php?rest_route=\/wp\/v2\/pages\/122741\/revisions"}],"wp:attachment":[{"href":"https:\/\/www.fyysika.ee\/index.php?rest_route=%2Fwp%2Fv2%2Fmedia&parent=122741"}],"curies":[{"name":"wp","href":"https:\/\/api.w.org\/{rel}","templated":true}]}}