{"id":122751,"date":"2010-04-03T11:21:39","date_gmt":"2010-04-03T08:21:39","guid":{"rendered":""},"modified":"2016-11-21T11:20:21","modified_gmt":"2016-11-21T08:20:21","slug":"fyysika-ee40010","status":"publish","type":"page","link":"https:\/\/www.fyysika.ee\/?page_id=122751","title":{"rendered":"2007. a. suvekool"},"content":{"rendered":"<p>2007.a. suvekool toimus Arbaveres 15.- 17.juunil.<\/p>\n<p>Korraldajad:<br \/>\nMaarja Grossberg<br \/>\nAndi Hektor<br \/>\nAhto Kuusk<br \/>\nMario Mars<\/p>\n<p><strong>Kava<\/strong><\/p>\n<table border=\"0\" width=\"90%\" cellspacing=\"0\" cellpadding=\"5\">\n<tbody>\n<tr>\n<td colspan=\"2\" align=\"left\"><strong>Reede, 15. juuni<\/strong><\/td>\n<\/tr>\n<tr>\n<td align=\"left\">09.00-12.00<\/td>\n<td align=\"left\">Saabumine<\/td>\n<\/tr>\n<tr>\n<td align=\"left\">12.00-13.00<\/td>\n<td align=\"left\">L\u00f5unas\u00f6\u00f6k<\/td>\n<\/tr>\n<tr>\n<td align=\"left\">13.00-13.15<\/td>\n<td align=\"left\">Avas\u00f5na korraldajatelt<\/td>\n<\/tr>\n<tr>\n<td align=\"left\">13.15-15.00<\/td>\n<td align=\"left\">Ivo Fridolin (TT\u00dc): <em>Optilise diagnostika meetodid meditsiinis<\/em><\/td>\n<\/tr>\n<tr>\n<td align=\"left\">15.00-15.30<\/td>\n<td align=\"left\">Kohvipaus<\/td>\n<\/tr>\n<tr>\n<td align=\"left\">15.30-17.15<\/td>\n<td align=\"left\">T\u00f5nu Laas (TL\u00dc): <em>K\u00f5rgetemperatuurse plasma vastastikm\u00f5ju materjalidega: aparatuus ja rakendused<\/em><\/td>\n<\/tr>\n<tr>\n<td align=\"left\">17.15-17.45<\/td>\n<td align=\"left\">Kohvipaus<\/td>\n<\/tr>\n<tr>\n<td align=\"left\">18.15-19.30<\/td>\n<td align=\"left\">Jaan Aarik (T\u00dc): <em>Nanom\u00f5\u00f5tmelised tahkisekiled, nende valmistamine ja rakendused<\/em><\/td>\n<\/tr>\n<tr>\n<td align=\"left\">19.30-20.30<\/td>\n<td align=\"left\">\u00d5htus\u00f6\u00f6k<\/td>\n<\/tr>\n<tr>\n<td align=\"left\">21.00-24.00<\/td>\n<td align=\"left\">Pidu ja l\u00f5kke\u00f5htu<\/td>\n<\/tr>\n<\/tbody>\n<\/table>\n<table border=\"0\" width=\"90%\" cellspacing=\"0\" cellpadding=\"5\">\n<tbody>\n<tr>\n<td colspan=\"2\" align=\"left\"><strong>Laup\u00e4ev, 16. juuni<\/strong><\/td>\n<\/tr>\n<tr>\n<td align=\"left\">09.00-10.00<\/td>\n<td align=\"left\">Hommikus\u00f6\u00f6k<\/td>\n<\/tr>\n<tr>\n<td align=\"left\">10.00-12.00<\/td>\n<td align=\"left\">Sportlikud \u00fcritused: jalgpall jne<\/td>\n<\/tr>\n<tr>\n<td align=\"left\">13.00-14.30<\/td>\n<td align=\"left\">Alan Tkaczyk (University of Michigan): <em> Electrowetting and Behavior of Two-Phase Flows Microsystems<\/em><\/td>\n<\/tr>\n<tr>\n<td align=\"left\">14.30-15.45<\/td>\n<td align=\"left\"><em>Tudengite l\u00fchiloengud ja postrite tutvustused<\/em><\/td>\n<\/tr>\n<tr>\n<td align=\"left\">15.45-16.15<\/td>\n<td align=\"left\">Kohvipaus<\/td>\n<\/tr>\n<tr>\n<td align=\"left\">16.15-17.45<\/td>\n<td align=\"left\">Kristjan Kannike (KBFI): <em>Kosmoloogia ja aine tekkimine Universumis<\/em><\/td>\n<\/tr>\n<tr>\n<td align=\"left\">17.45-18.20<\/td>\n<td align=\"left\">Miroslaw Derewinski (Polish Academy of Sciences): <em>Catalytic cracking<\/em><\/td>\n<\/tr>\n<tr>\n<td align=\"left\">18.20-19.00<\/td>\n<td align=\"left\">Raivo Stern (KBFI): <em>K\u00f5rged magnetv\u00e4ljad ja KBFI<\/em><\/td>\n<\/tr>\n<tr>\n<td align=\"left\">19.00-20.00<\/td>\n<td align=\"left\">\u00d5htus\u00f6\u00f6k<\/td>\n<\/tr>\n<tr>\n<td align=\"left\">20.00-21.00<\/td>\n<td align=\"left\"><em>Teadusbussi seminar<\/em><\/td>\n<\/tr>\n<tr>\n<td align=\"left\">21.00-24.00<\/td>\n<td align=\"left\">Pidu ja l\u00f5kke\u00f5htu<\/td>\n<\/tr>\n<\/tbody>\n<\/table>\n<table border=\"0\" width=\"90%\" cellspacing=\"0\" cellpadding=\"5\">\n<tbody>\n<tr>\n<td colspan=\"2\" width=\"100%\">\n<p align=\"left\"><strong>P\u00fchap\u00e4ev, 17.juuni<\/strong><\/p>\n<\/td>\n<\/tr>\n<tr>\n<td width=\"11%\">\n<p align=\"left\">09.00-10.00<\/p>\n<\/td>\n<td width=\"89%\">\n<p align=\"left\">Hommikus\u00f6\u00f6k<\/p>\n<\/td>\n<td align=\"left\">10.00-11.30<\/td>\n<td align=\"left\">T\u00f5nu Viik (T\u00f5ravere): <em>P\u00e4ikeses\u00fcsteemi h\u00e4marates tagatubades<\/em><\/td>\n<td align=\"left\">11.30-11.45<\/td>\n<td align=\"left\">Kohvipaus<\/td>\n<td align=\"left\">11.45-13.15<\/td>\n<td align=\"left\">Raivo Vilu (TT\u00dc): <em>Rakkude paljunemise f\u00fc\u00fcsikast<\/em><\/td>\n<td align=\"left\">13.15-13.25<\/td>\n<td align=\"left\">\u00dchispildi tegemine, kokkuv\u00f5te ja auhinnad<\/td>\n<td align=\"left\">13.25-14.30<\/td>\n<td align=\"left\">L\u00f5unas\u00f6\u00f6k ja kohv<\/td>\n<td align=\"left\">14:30-<\/td>\n<td align=\"left\">Suvekooli ametliku osa l\u00f5pp ja kojus\u00f5it<\/td>\n<\/tr>\n<\/tbody>\n<\/table>\n<p>[lg_folder folder=&#8221;Suvekool2007\/&#8221; paging=&#8221;false&#8221;]<\/p>\n<p>&nbsp;<\/p>\n","protected":false},"excerpt":{"rendered":"<p>2007.a. suvekool toimus Arbaveres 15.- 17.juunil. Korraldajad: Maarja Grossberg Andi Hektor Ahto Kuusk Mario Mars Kava Reede, 15. juuni 09.00-12.00 Saabumine 12.00-13.00 L\u00f5unas\u00f6\u00f6k 13.00-13.15 Avas\u00f5na korraldajatelt 13.15-15.00 Ivo Fridolin (TT\u00dc): Optilise diagnostika meetodid meditsiinis 15.00-15.30 Kohvipaus 15.30-17.15 T\u00f5nu Laas (TL\u00dc): K\u00f5rgetemperatuurse plasma vastastikm\u00f5ju materjalidega: aparatuus ja rakendused 17.15-17.45 Kohvipaus 18.15-19.30 Jaan Aarik (T\u00dc): Nanom\u00f5\u00f5tmelised tahkisekiled, [&hellip;]<\/p>\n","protected":false},"author":28,"featured_media":0,"parent":0,"menu_order":0,"comment_status":"open","ping_status":"closed","template":"","meta":{"_genesis_hide_title":false,"_genesis_hide_breadcrumbs":false,"_genesis_hide_singular_image":false,"_genesis_hide_footer_widgets":false,"_genesis_custom_body_class":"","_genesis_custom_post_class":"","_genesis_layout":"","footnotes":""},"class_list":{"0":"post-122751","1":"page","2":"type-page","3":"status-publish","5":"entry"},"_links":{"self":[{"href":"https:\/\/www.fyysika.ee\/index.php?rest_route=\/wp\/v2\/pages\/122751","targetHints":{"allow":["GET"]}}],"collection":[{"href":"https:\/\/www.fyysika.ee\/index.php?rest_route=\/wp\/v2\/pages"}],"about":[{"href":"https:\/\/www.fyysika.ee\/index.php?rest_route=\/wp\/v2\/types\/page"}],"author":[{"embeddable":true,"href":"https:\/\/www.fyysika.ee\/index.php?rest_route=\/wp\/v2\/users\/28"}],"replies":[{"embeddable":true,"href":"https:\/\/www.fyysika.ee\/index.php?rest_route=%2Fwp%2Fv2%2Fcomments&post=122751"}],"version-history":[{"count":1,"href":"https:\/\/www.fyysika.ee\/index.php?rest_route=\/wp\/v2\/pages\/122751\/revisions"}],"predecessor-version":[{"id":719393,"href":"https:\/\/www.fyysika.ee\/index.php?rest_route=\/wp\/v2\/pages\/122751\/revisions\/719393"}],"wp:attachment":[{"href":"https:\/\/www.fyysika.ee\/index.php?rest_route=%2Fwp%2Fv2%2Fmedia&parent=122751"}],"curies":[{"name":"wp","href":"https:\/\/api.w.org\/{rel}","templated":true}]}}