{"id":122791,"date":"2015-09-14T21:58:38","date_gmt":"2015-09-14T18:58:38","guid":{"rendered":"http:\/\/www.fyysika.ee\/?page_id=122791"},"modified":"2015-09-14T21:58:38","modified_gmt":"2015-09-14T18:58:38","slug":"2014-a-sugiskool","status":"publish","type":"page","link":"https:\/\/www.fyysika.ee\/?page_id=122791","title":{"rendered":"2014.a. s\u00fcgiskool"},"content":{"rendered":"<h1 align=\"center\">Eesti F\u00fc\u00fcsika Selts ja doktorikool &#8220;Funktsionaalsed materjalid ja tehnoloogiad&#8221; esitlevad:<br \/>\n<strong>T\u00e4ppisteaduste S\u00fcgiskool 2014\u00a0<\/strong><\/h1>\n<p><strong>2014.a. EFS T\u00e4ppisteaduste S\u00fcgiskool toimub 7.-9. novembril <a href=\"http:\/\/www.nelijarve.ee\">Nelij\u00e4rve Puhkekeskuses<\/a><\/strong><\/p>\n<p>S\u00fcgiskool on iga-aastane kolmep\u00e4evane seminar eesm\u00e4rgiga avardada osalejate silmaringi loodus- ja t\u00e4ppisteadustes toimuva kohta. Kokku saavad noored teadushuvilised, tudengid, \u00f5petajad ja teadlased. P\u00e4evases osas k\u00f5nelevad muhedad ja p\u00f5nevad esinejad oma uurimisvaldkondadest, \u00f5htuti saame \u00fcksteisega tuttavamaks.<\/p>\n<p><a href=\"http:\/\/fyysika.ee\/fyysika\/nofy\/nofy_reg\/\">Registreerumine.<\/a><\/p>\n<p>KAVA tekib siia varsti.<\/p>\n<p><iframe loading=\"lazy\" src=\"https:\/\/docs.google.com\/spreadsheets\/d\/1eB5Yh076reEtTGkuYSPb6_zz74Fw-48WBO7WGaJ6ESQ\/pubhtml?gid=0&amp;single=true&amp;widget=true&amp;headers=false\" width=\"550\" height=\"1300\"><\/iframe><\/p>\n","protected":false},"excerpt":{"rendered":"<p>Eesti F\u00fc\u00fcsika Selts ja doktorikool &#8220;Funktsionaalsed materjalid ja tehnoloogiad&#8221; esitlevad: T\u00e4ppisteaduste S\u00fcgiskool 2014\u00a0 2014.a. EFS T\u00e4ppisteaduste S\u00fcgiskool toimub 7.-9. novembril Nelij\u00e4rve Puhkekeskuses S\u00fcgiskool on iga-aastane kolmep\u00e4evane seminar eesm\u00e4rgiga avardada osalejate silmaringi loodus- ja t\u00e4ppisteadustes toimuva kohta. Kokku saavad noored teadushuvilised, tudengid, \u00f5petajad ja teadlased. P\u00e4evases osas k\u00f5nelevad muhedad ja p\u00f5nevad esinejad oma uurimisvaldkondadest, \u00f5htuti saame [&hellip;]<\/p>\n","protected":false},"author":1,"featured_media":0,"parent":122695,"menu_order":0,"comment_status":"closed","ping_status":"closed","template":"","meta":{"_genesis_hide_title":false,"_genesis_hide_breadcrumbs":false,"_genesis_hide_singular_image":false,"_genesis_hide_footer_widgets":false,"_genesis_custom_body_class":"","_genesis_custom_post_class":"","_genesis_layout":"","footnotes":""},"class_list":{"0":"post-122791","1":"page","2":"type-page","3":"status-publish","5":"entry"},"_links":{"self":[{"href":"https:\/\/www.fyysika.ee\/index.php?rest_route=\/wp\/v2\/pages\/122791","targetHints":{"allow":["GET"]}}],"collection":[{"href":"https:\/\/www.fyysika.ee\/index.php?rest_route=\/wp\/v2\/pages"}],"about":[{"href":"https:\/\/www.fyysika.ee\/index.php?rest_route=\/wp\/v2\/types\/page"}],"author":[{"embeddable":true,"href":"https:\/\/www.fyysika.ee\/index.php?rest_route=\/wp\/v2\/users\/1"}],"replies":[{"embeddable":true,"href":"https:\/\/www.fyysika.ee\/index.php?rest_route=%2Fwp%2Fv2%2Fcomments&post=122791"}],"version-history":[{"count":0,"href":"https:\/\/www.fyysika.ee\/index.php?rest_route=\/wp\/v2\/pages\/122791\/revisions"}],"up":[{"embeddable":true,"href":"https:\/\/www.fyysika.ee\/index.php?rest_route=\/wp\/v2\/pages\/122695"}],"wp:attachment":[{"href":"https:\/\/www.fyysika.ee\/index.php?rest_route=%2Fwp%2Fv2%2Fmedia&parent=122791"}],"curies":[{"name":"wp","href":"https:\/\/api.w.org\/{rel}","templated":true}]}}