{"id":189305,"date":"2016-03-08T09:48:51","date_gmt":"2016-03-08T06:48:51","guid":{"rendered":"http:\/\/www.fyysika.ee\/?page_id=189305"},"modified":"2016-11-26T12:38:51","modified_gmt":"2016-11-26T09:38:51","slug":"xlvi-eesti-fuusikapaevad-ja-xxxviii-fuusikaopetajate-paevad-kava","status":"publish","type":"page","link":"https:\/\/www.fyysika.ee\/?page_id=189305","title":{"rendered":"2016.a. f\u00fc\u00fcsikap\u00e4evad"},"content":{"rendered":"<p><strong>XLVI Eesti f\u00fc\u00fcsikap\u00e4evad ja XXXVIII f\u00fc\u00fcsika\u00f5petajate p\u00e4evad<\/strong> toimusid 18.-19. m\u00e4rtsil Tartus, T\u00dc f\u00fc\u00fcsikumis.<\/p>\n<table dir=\"ltr\" border=\"0\" cellspacing=\"5\" cellpadding=\"5\">\n<colgroup>\n<col width=\"75\" \/>\n<col width=\"73\" \/>\n<col width=\"210\" \/>\n<col width=\"157\" \/>\n<col width=\"174\" \/><\/colgroup>\n<tbody>\n<tr>\n<td colspan=\"2\" bgcolor=\"#D5EC82\" width=\"774\"><strong>Reede 18.03, teaduse p\u00e4ev<\/strong><\/td>\n<\/tr>\n<tr>\n<td>9:45<\/td>\n<td width=\"774\">Saabumiskohv.<\/td>\n<\/tr>\n<tr>\n<td>10:15<\/td>\n<td>Avamine, tervituss\u00f5nad<\/td>\n<\/tr>\n<tr>\n<td data-sheets-value=\"[null,3,null,0.4444444444444444]\" data-sheets-numberformat=\"[null,7,&quot;h:mm:ss&quot;,1]\" data-sheets-formula=\"=R[-1]C[0]+R[-1]C[1]\">10:40<\/td>\n<td colspan=\"3\" rowspan=\"1\" data-sheets-value=\"[null,2,&quot;Luca Marzola, Nobeli loeng&quot;]\"><strong>Veel kord gravitatsioonilainetest &#8211; millised on arengud?<\/strong><br \/>\nLaur J\u00e4rv (T\u00dc FI)<\/td>\n<\/tr>\n<tr>\n<td>11:00<\/td>\n<td colspan=\"3\" rowspan=\"1\"><strong>Nobeli loeng<br \/>\n<\/strong>Luca Marzola (T\u00dc, KBFI)<\/td>\n<\/tr>\n<tr>\n<td>11:45<\/td>\n<td colspan=\"3\" rowspan=\"1\">L\u00f5una<\/td>\n<\/tr>\n<tr>\n<td>13:00<\/td>\n<td><strong>\u00dcksikkromofoorkomplekside fotokeemia<\/strong><br \/>\nMartti P\u00e4rs (T\u00dc FI)<\/td>\n<\/tr>\n<tr>\n<td>13:20<\/td>\n<td colspan=\"3\" rowspan=\"1\"><strong>Uurimisv\u00f5imalused s\u00fcnkrotronkeskuses MAX IV<\/strong><br \/>\nRainer P\u00e4rna (T\u00dc FI)<\/td>\n<\/tr>\n<tr>\n<td>13:55<\/td>\n<td colspan=\"3\" rowspan=\"1\"><strong>T\u00dcFI materjaliteadlastelt t\u00f6\u00f6stusele<\/strong><br \/>\nV\u00e4ino Sammelselg (T\u00dc FI)<\/td>\n<\/tr>\n<tr>\n<td>14:15<\/td>\n<td colspan=\"3\" rowspan=\"1\"><strong>Leping Euroopa Kosmoseagentuuriga s\u00f5lmitud, mis edasi saab?<\/strong><br \/>\nAnu Reinart (TO)<\/td>\n<\/tr>\n<tr>\n<td>14:35<\/td>\n<td colspan=\"3\" rowspan=\"1\">Kohvipaus<\/td>\n<\/tr>\n<tr>\n<td>15:00<\/td>\n<td colspan=\"3\" rowspan=\"1\"><strong>Kas Eesti teadus-arenduss\u00fcsteem ja innovaatorid on valmis h\u00fcppeks tulevikku?<\/strong><br \/>\nMarco Kirm (T\u00dc teadusprorektor)<\/td>\n<\/tr>\n<tr>\n<td>15:35<\/td>\n<td colspan=\"3\" rowspan=\"1\"><strong>Takkaj\u00e4rgitarkusega C. S. Peirce\u2019i kosmoloogiast<\/strong><br \/>\nEnn Kasak (T\u00dc \u00f5igusteaduskonna teaduse metodoloogia dotsent)<\/td>\n<\/tr>\n<tr>\n<td>16:10<\/td>\n<td colspan=\"3\" rowspan=\"1\"><strong>Mis saab eestikeelsest f\u00fc\u00fcsika\u00f5ppest?<\/strong><br \/>\nKalev Tarkpea (T\u00dc)<\/td>\n<\/tr>\n<tr>\n<td>16:30<\/td>\n<td colspan=\"3\" rowspan=\"1\"><strong>Mida ja kuidas peaks \u00f5ppima koolif\u00fc\u00fcsikas?<\/strong><br \/>\nKaido Reivelt (T\u00dc KFK)<\/td>\n<\/tr>\n<tr>\n<td>16:50<\/td>\n<td colspan=\"3\" rowspan=\"1\">Kohvipaus<\/td>\n<\/tr>\n<tr>\n<td>17:30<\/td>\n<td colspan=\"3\" rowspan=\"1\"><strong>EFS \u00fcldkogu<\/strong><\/td>\n<\/tr>\n<tr>\n<td>19:00<\/td>\n<td colspan=\"3\" rowspan=\"1\"><strong>EFS seltsi\u00f5htu<\/strong><\/td>\n<\/tr>\n<tr>\n<td><\/td>\n<td colspan=\"3\" rowspan=\"1\"><\/td>\n<\/tr>\n<tr>\n<td colspan=\"4\" rowspan=\"1\" bgcolor=\"#D5EC82\"><strong>Laup\u00e4ev 19.03, f\u00fc\u00fcsikahariduse p\u00e4ev<\/strong><\/td>\n<\/tr>\n<tr>\n<td><\/td>\n<td colspan=\"3\" rowspan=\"1\"><\/td>\n<\/tr>\n<tr>\n<td>9:00<\/td>\n<td>Saabumiskohv.<\/td>\n<\/tr>\n<tr>\n<td>9:30<\/td>\n<td colspan=\"3\" rowspan=\"1\">Avamine, tervituss\u00f5nad<\/td>\n<\/tr>\n<tr>\n<td>9:40<\/td>\n<td colspan=\"3\" rowspan=\"1\"><b>\u00d5hupallid koolif\u00fc\u00fcsikas<br \/>\n<\/b>Kristel Uiboupin (T\u00dcFI), Paap Koemets (T\u00dc FI)<\/td>\n<\/tr>\n<tr>\n<td>10:10<\/td>\n<td colspan=\"3\" rowspan=\"1\"><strong>Mesilase aasta<\/strong><br \/>\nKaido Reivelt (T\u00dc KFK)<\/td>\n<\/tr>\n<tr>\n<td>10:40<\/td>\n<td colspan=\"3\" rowspan=\"1\"><strong>Viimase aja uuringud koolif\u00fc\u00fcsika vallas<\/strong><br \/>\nSvetlana Ganina (T\u00dc KFK)<\/td>\n<\/tr>\n<tr>\n<td>11:10<\/td>\n<td colspan=\"3\" rowspan=\"1\">Kohvipaus<\/td>\n<\/tr>\n<tr>\n<td>11:40<\/td>\n<td colspan=\"3\" rowspan=\"1\"><strong>Gravitatsioonilainete astronoomia<\/strong><br \/>\nPeeter Tenjes (T\u00dc FI)<\/td>\n<\/tr>\n<tr>\n<td>12:10<\/td>\n<td colspan=\"3\" rowspan=\"1\"><strong>Euroopa Kosmoseagentuur \u2013 \u00f5petaja v\u00f5imalused<\/strong><br \/>\n<span style=\"text-decoration: underline;\">Janet Laidla<\/span>, Kadri Tinn (Tartu T\u00e4hetorn) (<a href=\"http:\/\/www.fyysika.ee\/wp-content\/uploads\/2016\/03\/t\u00e4hetorni_esitlustaust.pptx\">esitlus<\/a>)<\/td>\n<\/tr>\n<tr>\n<td>12:40<\/td>\n<td colspan=\"3\" rowspan=\"1\"><strong>Astronoomia \u00f5ppimisest, \u00f5petamisest ja \u00f5pitu rakendamisest<\/strong><br \/>\nTiit Sepp (TO)<\/td>\n<\/tr>\n<tr>\n<td>13:10<\/td>\n<td colspan=\"3\" rowspan=\"1\">Kohvipaus<\/td>\n<\/tr>\n<tr>\n<td>13:30<\/td>\n<td colspan=\"3\" rowspan=\"1\"><strong>F\u00fc\u00fcsika\u00f5petajate t\u00e4iend\u00f5ppeprogrammid T\u00dc-s ja TL\u00dc-s<\/strong><br \/>\nKaido Reivelt (T\u00dc), Katrin Laas (TL\u00dc)<\/td>\n<\/tr>\n<tr>\n<td>14:00<\/td>\n<td colspan=\"3\" rowspan=\"1\"><strong>Rahvusvaheline loodusteaduste ol\u00fcmpiaad L\u00f5una-Koreas<\/strong><br \/>\nRiina Murulaid (Miina H\u00e4rma G\u00fcmnaasium) (<a href=\"http:\/\/www.fyysika.ee\/wp-content\/uploads\/2016\/11\/IJSO-2015_RiinaettekanneEFSkevadp\u00e4evadel2016.pptx\">esitlus<\/a>)<\/td>\n<\/tr>\n<tr>\n<td>14:30<\/td>\n<td colspan=\"3\" rowspan=\"1\"><strong>EFS f\u00fc\u00fcsika\u00f5petajate osakonna \u00fcldkoosolek<\/strong><\/td>\n<\/tr>\n<tr>\n<td>15:10<\/td>\n<td colspan=\"3\" rowspan=\"1\">L\u00f5pp<\/td>\n<\/tr>\n<\/tbody>\n<\/table>\n","protected":false},"excerpt":{"rendered":"<p>XLVI Eesti f\u00fc\u00fcsikap\u00e4evad ja XXXVIII f\u00fc\u00fcsika\u00f5petajate p\u00e4evad toimusid 18.-19. m\u00e4rtsil Tartus, T\u00dc f\u00fc\u00fcsikumis. Reede 18.03, teaduse p\u00e4ev 9:45 Saabumiskohv. 10:15 Avamine, tervituss\u00f5nad 10:40 Veel kord gravitatsioonilainetest &#8211; millised on arengud? Laur J\u00e4rv (T\u00dc FI) 11:00 Nobeli loeng Luca Marzola (T\u00dc, KBFI) 11:45 L\u00f5una 13:00 \u00dcksikkromofoorkomplekside fotokeemia Martti P\u00e4rs (T\u00dc FI) 13:20 Uurimisv\u00f5imalused s\u00fcnkrotronkeskuses MAX IV [&hellip;]<\/p>\n","protected":false},"author":1,"featured_media":0,"parent":0,"menu_order":0,"comment_status":"closed","ping_status":"closed","template":"","meta":{"_genesis_hide_title":false,"_genesis_hide_breadcrumbs":false,"_genesis_hide_singular_image":false,"_genesis_hide_footer_widgets":false,"_genesis_custom_body_class":"","_genesis_custom_post_class":"","_genesis_layout":"","footnotes":""},"class_list":{"0":"post-189305","1":"page","2":"type-page","3":"status-publish","5":"entry"},"_links":{"self":[{"href":"https:\/\/www.fyysika.ee\/index.php?rest_route=\/wp\/v2\/pages\/189305","targetHints":{"allow":["GET"]}}],"collection":[{"href":"https:\/\/www.fyysika.ee\/index.php?rest_route=\/wp\/v2\/pages"}],"about":[{"href":"https:\/\/www.fyysika.ee\/index.php?rest_route=\/wp\/v2\/types\/page"}],"author":[{"embeddable":true,"href":"https:\/\/www.fyysika.ee\/index.php?rest_route=\/wp\/v2\/users\/1"}],"replies":[{"embeddable":true,"href":"https:\/\/www.fyysika.ee\/index.php?rest_route=%2Fwp%2Fv2%2Fcomments&post=189305"}],"version-history":[{"count":0,"href":"https:\/\/www.fyysika.ee\/index.php?rest_route=\/wp\/v2\/pages\/189305\/revisions"}],"wp:attachment":[{"href":"https:\/\/www.fyysika.ee\/index.php?rest_route=%2Fwp%2Fv2%2Fmedia&parent=189305"}],"curies":[{"name":"wp","href":"https:\/\/api.w.org\/{rel}","templated":true}]}}