{"id":476713,"date":"2017-09-17T00:19:48","date_gmt":"2017-09-16T21:19:48","guid":{"rendered":"http:\/\/www.fyysika.ee\/?page_id=476713"},"modified":"2017-11-24T12:04:12","modified_gmt":"2017-11-24T09:04:12","slug":"voore-2017","status":"publish","type":"page","link":"https:\/\/www.fyysika.ee\/?page_id=476713","title":{"rendered":"Voore 2017"},"content":{"rendered":"<p><a href=\"http:\/\/www.fyysika.ee\/wp-content\/uploads\/2015\/09\/8133_tass_kohvi.jpg\"><img loading=\"lazy\" decoding=\"async\" class=\"alignleft wp-image-134465\" src=\"http:\/\/www.fyysika.ee\/wp-content\/uploads\/2015\/09\/8133_tass_kohvi-200x300.jpg\" alt=\"\" width=\"143\" height=\"215\" srcset=\"https:\/\/www.fyysika.ee\/wp-content\/uploads\/2015\/09\/8133_tass_kohvi-200x300.jpg 200w, https:\/\/www.fyysika.ee\/wp-content\/uploads\/2015\/09\/8133_tass_kohvi.jpg 681w\" sizes=\"auto, (max-width: 143px) 100vw, 143px\" \/><\/a><strong>S\u00fcgisseminar toimus 17.-18. novembril Voore Puhkekeskuses<\/strong>, korraldajateks EFS f\u00fc\u00fcsika\u00f5petajate osakond ja T\u00dc koolif\u00fc\u00fcsika keskus. Seminari tegemist toetab HTM.<\/p>\n<p>Pakkusime pisut \u00fcldhuvitavat, palju praktiliselt kasulikku ja ohtralt suhtlemisv\u00f5imalusi.<\/p>\n<p>&nbsp;<\/p>\n<p>Seminari korraldustoimkond:<\/p>\n<p>Siim Oks<br \/>\nJaana Mihhaili\u0161ina<br \/>\nVirgi Roop<br \/>\nRiina Murulaid<br \/>\nKristel Uiboupin<br \/>\nKaido Reivelt<\/p>\n<p><strong>KAVA<\/strong><\/p>\n<table dir=\"ltr\" border=\"0\" cellspacing=\"5\" cellpadding=\"5\">\n<colgroup>\n<col width=\"100\" \/>\n<col width=\"333\" \/><\/colgroup>\n<tbody>\n<tr>\n<td colspan=\"2\" rowspan=\"1\" data-sheets-value=\"{&quot;1&quot;:2,&quot;2&quot;:&quot;Esimene p\u00e4ev, R 17.11&quot;}\"><strong>Esimene p\u00e4ev, R 17.11<\/strong><\/td>\n<\/tr>\n<tr>\n<td data-sheets-value=\"{&quot;1&quot;:3,&quot;3&quot;:0.4375}\" data-sheets-numberformat=\"[null,7,&quot;h:mm:ss&quot;,1]\">10:30:00<\/td>\n<td data-sheets-value=\"{&quot;1&quot;:2,&quot;2&quot;:&quot;Kogunemine, kohv ja suupisted&quot;}\">Kogunemine, kohv ja suupisted<\/td>\n<\/tr>\n<tr>\n<td data-sheets-value=\"{&quot;1&quot;:3,&quot;3&quot;:0.4583333333333333}\" data-sheets-numberformat=\"[null,7,&quot;h:mm:ss&quot;,1]\">11:00:00<\/td>\n<td data-sheets-value=\"{&quot;1&quot;:2,&quot;2&quot;:&quot;Tervitusk\u00f5ned&quot;}\">Tervitusk\u00f5ned<\/td>\n<\/tr>\n<tr>\n<td data-sheets-value=\"{&quot;1&quot;:3,&quot;3&quot;:0.46527777777777773}\" data-sheets-numberformat=\"[null,7,&quot;h:mm:ss&quot;,1]\">11:10:00<\/td>\n<td data-sheets-value=\"{&quot;1&quot;:2,&quot;2&quot;:&quot;Matti Selg (T\u00dc), Newtonist kvantmehaanikani&quot;}\">Matti Selg (T\u00dc), Newtonist kvantmehaanikani<\/td>\n<\/tr>\n<tr>\n<td data-sheets-value=\"{&quot;1&quot;:3,&quot;3&quot;:0.49999999999999994}\" data-sheets-numberformat=\"[null,7,&quot;h:mm:ss&quot;,1]\">12:00:00<\/td>\n<td data-sheets-value=\"{&quot;1&quot;:2,&quot;2&quot;:&quot;Peeter Tenjes (TO), Kosmosef\u00fc\u00fcsika, ESA ja Eesti&quot;}\">Peeter Tenjes (TO), Kosmosef\u00fc\u00fcsika, ESA ja Eesti<\/td>\n<\/tr>\n<tr>\n<td data-sheets-value=\"{&quot;1&quot;:3,&quot;3&quot;:0.5347222222222222}\" data-sheets-numberformat=\"[null,7,&quot;h:mm:ss&quot;,1]\">12:50:00<\/td>\n<td data-sheets-value=\"{&quot;1&quot;:2,&quot;2&quot;:&quot;L\u00f5una&quot;}\">L\u00f5una<\/td>\n<\/tr>\n<tr>\n<td data-sheets-value=\"{&quot;1&quot;:3,&quot;3&quot;:0.5625}\" data-sheets-numberformat=\"[null,7,&quot;h:mm:ss&quot;,1]\">13:30:00<\/td>\n<td data-sheets-value=\"{&quot;1&quot;:2,&quot;2&quot;:&quot;Eveli Raudla (Variku K), Kuidas uuritakse f\u00fc\u00fcsikaharidust laias maailmas&quot;}\">Eveli Raudla (Variku K), Kuidas uuritakse f\u00fc\u00fcsikaharidust laias maailmas<\/td>\n<\/tr>\n<tr>\n<td data-sheets-value=\"{&quot;1&quot;:3,&quot;3&quot;:0.5763888888888888}\" data-sheets-numberformat=\"[null,7,&quot;h:mm:ss&quot;,1]\">13:50:00<\/td>\n<td data-sheets-value=\"{&quot;1&quot;:2,&quot;2&quot;:&quot;Riina Murulaid, Kristel Uiboupin (T\u00dc KFK, Kanepi G), Mis toimub L\u00e4ti ja Leedu f\u00fc\u00fcsikahariduses?&quot;}\">Riina Murulaid, Kristel Uiboupin (T\u00dc KFK, Kanepi G), Mis toimub L\u00e4ti ja Leedu f\u00fc\u00fcsikahariduses?<\/td>\n<\/tr>\n<tr>\n<td data-sheets-value=\"{&quot;1&quot;:3,&quot;3&quot;:0.5902777777777777}\" data-sheets-numberformat=\"[null,7,&quot;h:mm:ss&quot;,1]\">14:10:00<\/td>\n<td data-sheets-value=\"{&quot;1&quot;:2,&quot;2&quot;:&quot;Jaan Paaver (HTG), Milleks meile \u00f5pikud, kui on juutuub?&quot;}\">Jaan Paaver (HTG), Milleks meile \u00f5pikud, kui on juutuub?<\/td>\n<\/tr>\n<tr>\n<td data-sheets-value=\"{&quot;1&quot;:3,&quot;3&quot;:0.611111111111111}\" data-sheets-numberformat=\"[null,7,&quot;h:mm:ss&quot;,1]\">14:40:00<\/td>\n<td data-sheets-value=\"{&quot;1&quot;:2,&quot;2&quot;:&quot;Kohvipaus&quot;}\">Kohvipaus<\/td>\n<\/tr>\n<tr>\n<td data-sheets-value=\"{&quot;1&quot;:3,&quot;3&quot;:0.6249999999999999}\" data-sheets-numberformat=\"[null,7,&quot;h:mm:ss&quot;,1]\">15:00:00<\/td>\n<td data-sheets-value=\"{&quot;1&quot;:2,&quot;2&quot;:&quot;Erkki Tempel (S\u00fctevaka), Kaido Reivelt (T\u00dc KFK), \u00d5pikutest&quot;}\">Erkki Tempel (S\u00fctevaka), Kaido Reivelt (T\u00dc KFK), \u00d5pikutest<\/td>\n<\/tr>\n<tr>\n<td data-sheets-value=\"{&quot;1&quot;:3,&quot;3&quot;:0.6458333333333333}\" data-sheets-numberformat=\"[null,7,&quot;h:mm:ss&quot;,1]\">15:30:00<\/td>\n<td data-sheets-value=\"{&quot;1&quot;:2,&quot;2&quot;:&quot;T\u00f6\u00f6toad I: Koit Timpmann (T\u00dc, Veeriku), \u00dcks v\u00e4ga hea katseseeria p\u00f5hikoolis vooluringi \u00f5petamiseks&quot;}\">T\u00f6\u00f6toad I: Koit Timpmann (T\u00dc, Veeriku), \u00dcks v\u00e4ga hea katseseeria p\u00f5hikoolis vooluringi \u00f5petamiseks<\/td>\n<\/tr>\n<tr>\n<td data-sheets-value=\"{&quot;1&quot;:3,&quot;3&quot;:0.6666666666666666}\" data-sheets-numberformat=\"[null,7,&quot;h:mm:ss&quot;,1]\">16:00:00<\/td>\n<td data-sheets-value=\"{&quot;1&quot;:2,&quot;2&quot;:&quot;Kohvipaus&quot;}\">Kohvipaus<\/td>\n<\/tr>\n<tr>\n<td data-sheets-value=\"{&quot;1&quot;:3,&quot;3&quot;:0.6805555555555555}\" data-sheets-numberformat=\"[null,7,&quot;h:mm:ss&quot;,1]\">16:20:00<\/td>\n<td data-sheets-value=\"{&quot;1&quot;:2,&quot;2&quot;:&quot;Riiklikud f\u00fc\u00fcsika tasemet\u00f6\u00f6d - asjaosaliste kommentaarid (Erkki Tempel, Kristel Uiboupin), e-koolikott (Erkki Tempel ja Riina Murulaid)&quot;}\">Riiklikud f\u00fc\u00fcsika tasemet\u00f6\u00f6d &#8211; asjaosaliste kommentaarid (Erkki Tempel, Kristel Uiboupin), e-koolikott (Erkki Tempel ja Riina Murulaid)<\/td>\n<\/tr>\n<tr>\n<td data-sheets-value=\"{&quot;1&quot;:3,&quot;3&quot;:0.6944444444444443}\" data-sheets-numberformat=\"[null,7,&quot;h:mm:ss&quot;,1]\">16:40:00<\/td>\n<td data-sheets-value=\"{&quot;1&quot;:2,&quot;2&quot;:&quot;K\u00e4rajad&quot;}\">K\u00e4rajad<\/td>\n<\/tr>\n<tr>\n<td data-sheets-value=\"{&quot;1&quot;:3,&quot;3&quot;:0.7569444444444443}\" data-sheets-numberformat=\"[null,7,&quot;h:mm:ss&quot;,1]\">18:10:00<\/td>\n<td data-sheets-value=\"{&quot;1&quot;:2,&quot;2&quot;:&quot;\u00d5htus\u00f6\u00f6k&quot;}\">\u00d5htus\u00f6\u00f6k<\/td>\n<\/tr>\n<tr>\n<td data-sheets-value=\"{&quot;1&quot;:3,&quot;3&quot;:0.7881944444444443}\" data-sheets-numberformat=\"[null,7,&quot;h:mm:ss&quot;,1]\">18:55:00<\/td>\n<td data-sheets-value=\"{&quot;1&quot;:2,&quot;2&quot;:&quot;T\u00e4hevaatlus, saunad, sumin&quot;}\">T\u00e4hevaatlus, saunad, sumin<\/td>\n<\/tr>\n<tr>\n<td colspan=\"2\" rowspan=\"1\" data-sheets-value=\"{&quot;1&quot;:2,&quot;2&quot;:&quot;Teine p\u00e4ev, L 18.11&quot;}\"><strong>Teine p\u00e4ev, L 18.11<\/strong><\/td>\n<\/tr>\n<tr>\n<td data-sheets-value=\"{&quot;1&quot;:3,&quot;3&quot;:0.375}\" data-sheets-numberformat=\"[null,7,&quot;h:mm:ss&quot;,1]\">9:00:00<\/td>\n<td data-sheets-value=\"{&quot;1&quot;:2,&quot;2&quot;:&quot;Hommikus\u00f6\u00f6k&quot;}\">Hommikus\u00f6\u00f6k<\/td>\n<\/tr>\n<tr>\n<td data-sheets-value=\"{&quot;1&quot;:3,&quot;3&quot;:0.4166666666666667}\" data-sheets-numberformat=\"[null,7,&quot;h:mm:ss&quot;,1]\">10:00:00<\/td>\n<td data-sheets-value=\"{&quot;1&quot;:2,&quot;2&quot;:&quot;Eerik S\u00e4re (Poska G), CERN 2017&quot;}\">Eerik S\u00e4re (Poska G), CERN 2017<\/td>\n<\/tr>\n<tr>\n<td data-sheets-value=\"{&quot;1&quot;:3,&quot;3&quot;:0.42708333333333337}\" data-sheets-numberformat=\"[null,7,&quot;h:mm:ss&quot;,1]\">10:15:00<\/td>\n<td data-sheets-value=\"{&quot;1&quot;:2,&quot;2&quot;:&quot;Heilo Altin (MT\u00dc Robootika, T\u00dc), Robootika ja loodusainete \u00f5petamine&quot;}\">Heilo Altin (MT\u00dc Robootika, T\u00dc), Robootika ja loodusainete \u00f5petamine<\/td>\n<\/tr>\n<tr>\n<td data-sheets-value=\"{&quot;1&quot;:3,&quot;3&quot;:0.44097222222222227}\" data-sheets-numberformat=\"[null,7,&quot;h:mm:ss&quot;,1]\">10:35:00<\/td>\n<td data-sheets-value=\"{&quot;1&quot;:2,&quot;2&quot;:&quot;Karoliine Kurvits (F\u00dcS), F\u00fc\u00fcsika \u00fcli\u00f5pilastelt f\u00fc\u00fcsika \u00f5petajatele - tudeng f\u00fc\u00fcsikatundi&quot;}\">Karoliine Kurvits (F\u00dcS), F\u00fc\u00fcsika \u00fcli\u00f5pilastelt f\u00fc\u00fcsika \u00f5petajatele &#8211; tudeng f\u00fc\u00fcsikatundi<\/td>\n<\/tr>\n<tr>\n<td data-sheets-value=\"{&quot;1&quot;:3,&quot;3&quot;:0.45138888888888895}\" data-sheets-numberformat=\"[null,7,&quot;h:mm:ss&quot;,1]\">10:50:00<\/td>\n<td data-sheets-value=\"{&quot;1&quot;:2,&quot;2&quot;:&quot;T\u00f6\u00f6toad II: Erkki Tempel (S\u00fctevaka), \u00d5llevahu kahanemine kui radioaktiivne lagunemine. Toomas Reimann (Reaalkool), Laseriga inimese kallal. Riina Murulaid (MHG), J\u00e4\u00e4tise sulamise kalorimeetriline uurimine. Eero Uustalu (T\u00dc), teema t\u00e4psustub&quot;}\">T\u00f6\u00f6toad II: Erkki Tempel (S\u00fctevaka), \u00d5llevahu kahanemine kui radioaktiivne lagunemine. Toomas Reimann (Reaalkool), Laseriga inimese kallal. Riina Murulaid (MHG), J\u00e4\u00e4tise sulamise kalorimeetriline uurimine. Eero Uustalu (T\u00dc), teema t\u00e4psustub<\/td>\n<\/tr>\n<tr>\n<td data-sheets-value=\"{&quot;1&quot;:3,&quot;3&quot;:0.5347222222222223}\" data-sheets-numberformat=\"[null,7,&quot;h:mm:ss&quot;,1]\">12:50:00<\/td>\n<td data-sheets-value=\"{&quot;1&quot;:2,&quot;2&quot;:&quot;Kokkuv\u00f5tted&quot;}\">Kokkuv\u00f5tted<\/td>\n<\/tr>\n<tr>\n<td data-sheets-value=\"{&quot;1&quot;:3,&quot;3&quot;:0.545138888888889}\" data-sheets-numberformat=\"[null,7,&quot;h:mm:ss&quot;,1]\">13:05:00<\/td>\n<td data-sheets-value=\"{&quot;1&quot;:2,&quot;2&quot;:&quot;L\u00f5unas\u00f6\u00f6k&quot;}\">L\u00f5unas\u00f6\u00f6k<\/td>\n<\/tr>\n<\/tbody>\n<\/table>\n<p>Fotod: Jaan Paaver<br \/>\n[lg_folder folder=&#8221;Voore2017\/&#8221; paging=&#8221;false&#8221;]<\/p>\n","protected":false},"excerpt":{"rendered":"<p>S\u00fcgisseminar toimus 17.-18. novembril Voore Puhkekeskuses, korraldajateks EFS f\u00fc\u00fcsika\u00f5petajate osakond ja T\u00dc koolif\u00fc\u00fcsika keskus. Seminari tegemist toetab HTM. Pakkusime pisut \u00fcldhuvitavat, palju praktiliselt kasulikku ja ohtralt suhtlemisv\u00f5imalusi. &nbsp; Seminari korraldustoimkond: Siim Oks Jaana Mihhaili\u0161ina Virgi Roop Riina Murulaid Kristel Uiboupin Kaido Reivelt KAVA Esimene p\u00e4ev, R 17.11 10:30:00 Kogunemine, kohv ja suupisted 11:00:00 Tervitusk\u00f5ned 11:10:00 [&hellip;]<\/p>\n","protected":false},"author":1,"featured_media":0,"parent":0,"menu_order":0,"comment_status":"closed","ping_status":"closed","template":"","meta":{"_genesis_hide_title":false,"_genesis_hide_breadcrumbs":false,"_genesis_hide_singular_image":false,"_genesis_hide_footer_widgets":false,"_genesis_custom_body_class":"","_genesis_custom_post_class":"","_genesis_layout":"","footnotes":""},"class_list":{"0":"post-476713","1":"page","2":"type-page","3":"status-publish","5":"entry"},"_links":{"self":[{"href":"https:\/\/www.fyysika.ee\/index.php?rest_route=\/wp\/v2\/pages\/476713","targetHints":{"allow":["GET"]}}],"collection":[{"href":"https:\/\/www.fyysika.ee\/index.php?rest_route=\/wp\/v2\/pages"}],"about":[{"href":"https:\/\/www.fyysika.ee\/index.php?rest_route=\/wp\/v2\/types\/page"}],"author":[{"embeddable":true,"href":"https:\/\/www.fyysika.ee\/index.php?rest_route=\/wp\/v2\/users\/1"}],"replies":[{"embeddable":true,"href":"https:\/\/www.fyysika.ee\/index.php?rest_route=%2Fwp%2Fv2%2Fcomments&post=476713"}],"version-history":[{"count":17,"href":"https:\/\/www.fyysika.ee\/index.php?rest_route=\/wp\/v2\/pages\/476713\/revisions"}],"predecessor-version":[{"id":690889,"href":"https:\/\/www.fyysika.ee\/index.php?rest_route=\/wp\/v2\/pages\/476713\/revisions\/690889"}],"wp:attachment":[{"href":"https:\/\/www.fyysika.ee\/index.php?rest_route=%2Fwp%2Fv2%2Fmedia&parent=476713"}],"curies":[{"name":"wp","href":"https:\/\/api.w.org\/{rel}","templated":true}]}}