{"id":52041,"date":"2015-02-26T20:48:51","date_gmt":"2015-02-26T17:48:51","guid":{"rendered":"http:\/\/www.fyysika.ee\/?page_id=52041"},"modified":"2016-11-11T14:43:37","modified_gmt":"2016-11-11T11:43:37","slug":"xlv-eesti-fuusikapaevad-ja-xxxvii-fuusikaopetajate-paevad","status":"publish","type":"page","link":"https:\/\/www.fyysika.ee\/?page_id=52041","title":{"rendered":"Eesti f\u00fc\u00fcsikap\u00e4evad ja f\u00fc\u00fcsika\u00f5petajate p\u00e4evad"},"content":{"rendered":"<p><strong>Eesti f\u00fc\u00fcsikap\u00e4evad ja f\u00fc\u00fcsika\u00f5petajate p\u00e4evad toimuvad igal aastal, tavaliselt m\u00e4rtsi l\u00f5pus.<\/strong><\/p>\n<p>Programmi kuuluvad \u00fclevaateettekanded, mis tutvustavad laiemalt nii f\u00fc\u00fcsika kui ka f\u00fc\u00fcsikaga piirnevate valdkondade arengut meil ja mujal maailmas, aga loomulikult ka meie f\u00fc\u00fcsikute viimase aja uurimistulemusi ning f\u00fc\u00fcsika \u00f5petamisega seonduvat. Valguse aastale kohaselt on eriti oodatud fotoonika hetkeseisu ja tulevikuv\u00e4ljavaateid k\u00e4sitlevad ettekanded. Oodatud on ka l\u00f5ppenud aastal valminud stendiettekanded.<\/p>\n<p>Reede, 20.03 on teaduse p\u00e4ev, laup\u00e4ev, 21.03 on f\u00fc\u00fcsikahariduse p\u00e4ev.<\/p>\n<p>Ettekandesoovid, kus on m\u00e4rgitud ettekande pealkiri, autorid koos asutustega, ettekandja, ettekande soovitav kestus ja liik (suuline v\u00f5i stendiettekanne), palume saata e-maili aadressile <a href=\"mailto:efs@fyysika.ee\">efs@fyysika.ee<\/a>. Ettekandesoovide esitamise t\u00e4htaeg on 15. veebruar 2015. Stendiettekannetel kasutatava stendi suurus on 1m x 1.4m.<\/p>\n<p>Traditsiooniliselt on EFS v\u00e4lja pannud preemia parimale stendiettekandele, mille esimene autor on \u00fcli\u00f5pilane (k.a. magistrant, doktorant). K\u00e4esoleval aastal ootab preemia ka parimat suulise ettekande teinud \u00fcli\u00f5pilast.<\/p>\n<p>Ettekannete sisukokkuv\u00f5tted avaldatakse Eesti F\u00fc\u00fcsika Seltsi elektroonilises aastaraamatus, mille esitlust toimub f\u00fc\u00fcsikap\u00e4evadel. Suuline ettekanne avaldatakse autorite soovi korral sealsamas pikema artiklina. Selleks tuleb esitada Piret Kuusele (<a href=\"mailto:piret.kuusk@ut.ee\">piret.kuusk@ut.ee<\/a>) ettekande eestikeelne tekst. Ootame ka varasemate f\u00fc\u00fcsikap\u00e4evade suuliste ettekannete veel avaldamata tekste, kui ettekandjad soovivad neid avaldada aastaraamatus.<\/p>\n<p>Sisukokkuv\u00f5tte pikkuseks on 1 lehek\u00fclg (ca 1800 t\u00e4heruumi). Selles peab sisalduma pealkiri, autorid ja nende t\u00f6\u00f6kohad. Artikli teksti palume esitada kas Word v\u00f5i .pdf failina, joonised soovitavalt .eps failina.<\/p>\n<p>F\u00fc\u00fcsikap\u00e4evade korraldustoimkond:<br \/>\nKaido Reivelt (<a href=\"mailto:kaido@fyysika.ee\">kaido@fyysika.ee<\/a>)<br \/>\nAile Tamm (<a href=\"mailto:aile.tamm@ut.ee\">aile.tamm@ut.ee<\/a>)<br \/>\nRiina Murulaid (<a href=\"riina.murulaid@gmail.com\">riina.murulaid@gmail.com<\/a>)<\/p>\n","protected":false},"excerpt":{"rendered":"<p>Eesti f\u00fc\u00fcsikap\u00e4evad ja f\u00fc\u00fcsika\u00f5petajate p\u00e4evad toimuvad igal aastal, tavaliselt m\u00e4rtsi l\u00f5pus. Programmi kuuluvad \u00fclevaateettekanded, mis tutvustavad laiemalt nii f\u00fc\u00fcsika kui ka f\u00fc\u00fcsikaga piirnevate valdkondade arengut meil ja mujal maailmas, aga loomulikult ka meie f\u00fc\u00fcsikute viimase aja uurimistulemusi ning f\u00fc\u00fcsika \u00f5petamisega seonduvat. Valguse aastale kohaselt on eriti oodatud fotoonika hetkeseisu ja tulevikuv\u00e4ljavaateid k\u00e4sitlevad ettekanded. Oodatud on [&hellip;]<\/p>\n","protected":false},"author":1,"featured_media":0,"parent":0,"menu_order":0,"comment_status":"open","ping_status":"closed","template":"","meta":{"_genesis_hide_title":false,"_genesis_hide_breadcrumbs":false,"_genesis_hide_singular_image":false,"_genesis_hide_footer_widgets":false,"_genesis_custom_body_class":"","_genesis_custom_post_class":"","_genesis_layout":"","footnotes":""},"class_list":{"0":"post-52041","1":"page","2":"type-page","3":"status-publish","5":"entry"},"_links":{"self":[{"href":"https:\/\/www.fyysika.ee\/index.php?rest_route=\/wp\/v2\/pages\/52041","targetHints":{"allow":["GET"]}}],"collection":[{"href":"https:\/\/www.fyysika.ee\/index.php?rest_route=\/wp\/v2\/pages"}],"about":[{"href":"https:\/\/www.fyysika.ee\/index.php?rest_route=\/wp\/v2\/types\/page"}],"author":[{"embeddable":true,"href":"https:\/\/www.fyysika.ee\/index.php?rest_route=\/wp\/v2\/users\/1"}],"replies":[{"embeddable":true,"href":"https:\/\/www.fyysika.ee\/index.php?rest_route=%2Fwp%2Fv2%2Fcomments&post=52041"}],"version-history":[{"count":0,"href":"https:\/\/www.fyysika.ee\/index.php?rest_route=\/wp\/v2\/pages\/52041\/revisions"}],"wp:attachment":[{"href":"https:\/\/www.fyysika.ee\/index.php?rest_route=%2Fwp%2Fv2%2Fmedia&parent=52041"}],"curies":[{"name":"wp","href":"https:\/\/api.w.org\/{rel}","templated":true}]}}