{"id":556342,"date":"2017-10-08T21:10:17","date_gmt":"2017-10-08T18:10:17","guid":{"rendered":"http:\/\/www.fyysika.ee\/?page_id=556342"},"modified":"2017-11-10T12:16:53","modified_gmt":"2017-11-10T09:16:53","slug":"2017-a-sugiskool","status":"publish","type":"page","link":"https:\/\/www.fyysika.ee\/?page_id=556342","title":{"rendered":"2017.a. s\u00fcgiskool"},"content":{"rendered":"<p>2017.a. EFS loodus- ja t\u00e4ppisteaduste s\u00fcgiskool toimus Voore Puhkeskuses 3.-5. novembril. Osalejaid oli 67.<\/p>\n<p>Korraldav toimkond:<\/p>\n<p>Moorits Mihkel Muru<br \/>\nKaroliine Kurvits<br \/>\nKaido Reivelt<\/p>\n<p><strong>KAVA<\/strong>:<\/p>\n<table border=\"0\" cellspacing=\"5\" cellpadding=\"5\">\n<colgroup>\n<col width=\"47\" \/>\n<col width=\"195\" \/>\n<col width=\"174\" \/><\/colgroup>\n<tbody>\n<tr>\n<td colspan=\"3\" rowspan=\"1\" data-sheets-value=\"{&quot;1&quot;:2,&quot;2&quot;:&quot;Reede, 03.11&quot;}\">Reede, 03.11<\/td>\n<\/tr>\n<tr>\n<td data-sheets-value=\"{&quot;1&quot;:3,&quot;3&quot;:0.5416666666666666}\" data-sheets-numberformat=\"[null,6,&quot;h:mm&quot;,1]\">13:00<\/td>\n<td colspan=\"2\" rowspan=\"1\" data-sheets-value=\"{&quot;1&quot;:2,&quot;2&quot;:&quot;Kogunemine, kohv&quot;}\">Kogunemine, kohv<\/td>\n<\/tr>\n<tr>\n<td data-sheets-value=\"{&quot;1&quot;:3,&quot;3&quot;:0.5833333333333334}\" data-sheets-numberformat=\"[null,6,&quot;h:mm&quot;,1]\">14:00<\/td>\n<td colspan=\"2\" rowspan=\"1\" data-sheets-value=\"{&quot;1&quot;:2,&quot;2&quot;:&quot;Avas\u00f5nad, tutvumine&quot;}\">Avas\u00f5nad, tutvumine<\/td>\n<\/tr>\n<tr>\n<td data-sheets-value=\"{&quot;1&quot;:3,&quot;3&quot;:0.6041666666666666}\" data-sheets-numberformat=\"[null,6,&quot;h:mm&quot;,1]\">14:30<\/td>\n<td colspan=\"2\" rowspan=\"1\" data-sheets-value=\"{&quot;1&quot;:2,&quot;2&quot;:&quot;Alo Peets: \\&quot;Praktiline k\u00fcberturvalisus\\&quot;&quot;}\">Alo Peets: &#8220;Praktiline k\u00fcberturvalisus&#8221;<\/td>\n<\/tr>\n<tr>\n<td data-sheets-value=\"{&quot;1&quot;:3,&quot;3&quot;:0.6458333333333334}\" data-sheets-numberformat=\"[null,6,&quot;h:mm&quot;,1]\">15:30<\/td>\n<td colspan=\"2\" rowspan=\"1\" data-sheets-value=\"{&quot;1&quot;:2,&quot;2&quot;:&quot;Mihkel Kree: \\&quot;F\u00fc\u00fcsika- ja matemaatikas\u00f5bra m\u00f5tteharjutused\\&quot;&quot;}\">Mihkel Kree: &#8220;F\u00fc\u00fcsika- ja matemaatikas\u00f5bra m\u00f5tteharjutused&#8221;<\/td>\n<\/tr>\n<tr>\n<td data-sheets-value=\"{&quot;1&quot;:3,&quot;3&quot;:0.6875}\" data-sheets-numberformat=\"[null,6,&quot;h:mm&quot;,1]\">16:30<\/td>\n<td colspan=\"2\" rowspan=\"1\" data-sheets-value=\"{&quot;1&quot;:2,&quot;2&quot;:&quot;Kohvipaus&quot;}\">Kohvipaus<\/td>\n<\/tr>\n<tr>\n<td data-sheets-value=\"{&quot;1&quot;:3,&quot;3&quot;:0.7083333333333334}\" data-sheets-numberformat=\"[null,6,&quot;h:mm&quot;,1]\">17:00<\/td>\n<td colspan=\"2\" rowspan=\"1\" data-sheets-value=\"{&quot;1&quot;:2,&quot;2&quot;:&quot;Jaan-Juhan Oidermaa: \\&quot;Kuidas p\u00e4\u00e4seda pildile?\\&quot;&quot;}\">Jaan-Juhan Oidermaa: &#8220;Kuidas p\u00e4\u00e4seda pildile?&#8221;<\/td>\n<\/tr>\n<tr>\n<td data-sheets-value=\"{&quot;1&quot;:3,&quot;3&quot;:0.75}\" data-sheets-numberformat=\"[null,6,&quot;h:mm&quot;,1]\">18:00<\/td>\n<td colspan=\"2\" rowspan=\"1\" data-sheets-value=\"{&quot;1&quot;:2,&quot;2&quot;:&quot;Joonatan Samuel: \\&quot;Masin\u00f5ppest\\&quot;&quot;}\">Joonatan Samuel: &#8220;Masin\u00f5ppest&#8221;<\/td>\n<\/tr>\n<tr>\n<td data-sheets-value=\"{&quot;1&quot;:3,&quot;3&quot;:0.7916666666666666}\" data-sheets-numberformat=\"[null,6,&quot;h:mm&quot;,1]\">19:00<\/td>\n<td colspan=\"2\" rowspan=\"1\" data-sheets-value=\"{&quot;1&quot;:2,&quot;2&quot;:&quot;\u00d5htus\u00f6\u00f6k&quot;}\">\u00d5htus\u00f6\u00f6k<\/td>\n<\/tr>\n<tr>\n<td data-sheets-value=\"{&quot;1&quot;:3,&quot;3&quot;:0.8333333333333334}\" data-sheets-numberformat=\"[null,6,&quot;h:mm&quot;,1]\">20:00<\/td>\n<td colspan=\"2\" rowspan=\"1\" data-sheets-value=\"{&quot;1&quot;:2,&quot;2&quot;:&quot;M\u00e4lum\u00e4ng&quot;}\">M\u00e4lum\u00e4ng<\/td>\n<\/tr>\n<tr>\n<td colspan=\"3\" rowspan=\"1\" data-sheets-value=\"{&quot;1&quot;:2,&quot;2&quot;:&quot;Laup\u00e4ev, 04.11&quot;}\">Laup\u00e4ev, 04.11<\/td>\n<\/tr>\n<tr>\n<td data-sheets-value=\"{&quot;1&quot;:3,&quot;3&quot;:0.375}\" data-sheets-numberformat=\"[null,6,&quot;h:mm&quot;,1]\">9:00<\/td>\n<td colspan=\"2\" rowspan=\"1\" data-sheets-value=\"{&quot;1&quot;:2,&quot;2&quot;:&quot;Hommikus\u00f6\u00f6k&quot;}\">Hommikus\u00f6\u00f6k<\/td>\n<\/tr>\n<tr>\n<td data-sheets-value=\"{&quot;1&quot;:3,&quot;3&quot;:0.4375}\" data-sheets-numberformat=\"[null,6,&quot;h:mm&quot;,1]\">10:30<\/td>\n<td colspan=\"2\" rowspan=\"1\" data-sheets-value=\"{&quot;1&quot;:2,&quot;2&quot;:&quot;Taavi Vanaveski: \\&quot;Amfetamiini m\u00f5ju hiirte metabolismile \\&quot;&quot;}\">Taavi Vanaveski: &#8220;Amfetamiini m\u00f5ju hiirte metabolismile &#8220;<\/td>\n<\/tr>\n<tr>\n<td data-sheets-value=\"{&quot;1&quot;:3,&quot;3&quot;:0.4791666666666667}\" data-sheets-numberformat=\"[null,6,&quot;h:mm&quot;,1]\">11:30<\/td>\n<td colspan=\"2\" rowspan=\"1\" data-sheets-value=\"{&quot;1&quot;:2,&quot;2&quot;:&quot;Riin Tamm: \\&quot;Kuidas panustan mina paremasse homsesse\\&quot;&quot;}\">Riin Tamm: &#8220;Kuidas panustan mina paremasse homsesse&#8221;<\/td>\n<\/tr>\n<tr>\n<td data-sheets-value=\"{&quot;1&quot;:3,&quot;3&quot;:0.5208333333333334}\" data-sheets-numberformat=\"[null,6,&quot;h:mm&quot;,1]\">12:30<\/td>\n<td colspan=\"2\" rowspan=\"1\" data-sheets-value=\"{&quot;1&quot;:2,&quot;2&quot;:&quot;Roland Matt: \\&quot;L\u00f5ksustatud ioonid ja kvantinformatsioon\\&quot;&quot;}\">Roland Matt: &#8220;L\u00f5ksustatud ioonid ja kvantinformatsioon&#8221;<\/td>\n<\/tr>\n<tr>\n<td data-sheets-value=\"{&quot;1&quot;:3,&quot;3&quot;:0.5625}\" data-sheets-numberformat=\"[null,6,&quot;h:mm&quot;,1]\">13:30<\/td>\n<td colspan=\"2\" rowspan=\"1\" data-sheets-value=\"{&quot;1&quot;:2,&quot;2&quot;:&quot;L\u00f5unas\u00f6\u00f6k&quot;}\">L\u00f5unas\u00f6\u00f6k<\/td>\n<\/tr>\n<tr>\n<td data-sheets-value=\"{&quot;1&quot;:3,&quot;3&quot;:0.6041666666666666}\" data-sheets-numberformat=\"[null,6,&quot;h:mm&quot;,1]\">14:30<\/td>\n<td colspan=\"2\" rowspan=\"1\" data-sheets-value=\"{&quot;1&quot;:2,&quot;2&quot;:&quot;Sulev Kuuse: \\&quot;GMO maastik\\&quot;&quot;}\">Sulev Kuuse: &#8220;GMO maastik&#8221;<\/td>\n<\/tr>\n<tr>\n<td data-sheets-value=\"{&quot;1&quot;:3,&quot;3&quot;:0.6458333333333334}\" data-sheets-numberformat=\"[null,6,&quot;h:mm&quot;,1]\">15:30<\/td>\n<td colspan=\"2\" rowspan=\"1\" data-sheets-value=\"{&quot;1&quot;:2,&quot;2&quot;:&quot;Orienteerumine&quot;}\">Orienteerumine<\/td>\n<\/tr>\n<tr>\n<td data-sheets-value=\"{&quot;1&quot;:3,&quot;3&quot;:0.7083333333333334}\" data-sheets-numberformat=\"[null,6,&quot;h:mm&quot;,1]\">17:00<\/td>\n<td colspan=\"2\" rowspan=\"1\" data-sheets-value=\"{&quot;1&quot;:2,&quot;2&quot;:&quot;Kohvipaus&quot;}\">Kohvipaus<\/td>\n<\/tr>\n<tr>\n<td data-sheets-value=\"{&quot;1&quot;:3,&quot;3&quot;:0.7291666666666666}\" data-sheets-numberformat=\"[null,6,&quot;h:mm&quot;,1]\">17:30<\/td>\n<td colspan=\"2\" rowspan=\"1\" data-sheets-value=\"{&quot;1&quot;:2,&quot;2&quot;:&quot;Andres Kuusk: \\&quot;Kuidas v\u00f5ita m\u00f5ttem\u00e4ngudes?\\&quot;&quot;}\">Andres Kuusk: &#8220;Kuidas v\u00f5ita m\u00f5ttem\u00e4ngudes?&#8221;<\/td>\n<\/tr>\n<tr>\n<td data-sheets-value=\"{&quot;1&quot;:3,&quot;3&quot;:0.8125}\" data-sheets-numberformat=\"[null,6,&quot;h:mm&quot;,1]\">19:30<\/td>\n<td colspan=\"2\" rowspan=\"1\" data-sheets-value=\"{&quot;1&quot;:2,&quot;2&quot;:&quot;\u00d5htus\u00f6\u00f6k&quot;}\">\u00d5htus\u00f6\u00f6k<\/td>\n<\/tr>\n<tr>\n<td data-sheets-value=\"{&quot;1&quot;:3,&quot;3&quot;:0.8541666666666666}\" data-sheets-numberformat=\"[null,6,&quot;h:mm&quot;,1]\">20:30<\/td>\n<td colspan=\"2\" rowspan=\"1\" data-sheets-value=\"{&quot;1&quot;:2,&quot;2&quot;:&quot;Filmi arutelu&quot;}\">Filmi arutelu<\/td>\n<\/tr>\n<tr>\n<td colspan=\"3\" rowspan=\"1\" data-sheets-value=\"{&quot;1&quot;:2,&quot;2&quot;:&quot;P\u00fchap\u00e4ev, 05.11&quot;}\">P\u00fchap\u00e4ev, 05.11<\/td>\n<\/tr>\n<tr>\n<td data-sheets-value=\"{&quot;1&quot;:3,&quot;3&quot;:0.375}\" data-sheets-numberformat=\"[null,6,&quot;h:mm&quot;,1]\">9:00<\/td>\n<td colspan=\"2\" rowspan=\"1\" data-sheets-value=\"{&quot;1&quot;:2,&quot;2&quot;:&quot;Hommikus\u00f6\u00f6k&quot;}\">Hommikus\u00f6\u00f6k<\/td>\n<\/tr>\n<tr>\n<td data-sheets-value=\"{&quot;1&quot;:3,&quot;3&quot;:0.4375}\" data-sheets-numberformat=\"[null,6,&quot;h:mm&quot;,1]\">10:30<\/td>\n<td colspan=\"2\" rowspan=\"1\" data-sheets-value=\"{&quot;1&quot;:2,&quot;2&quot;:&quot;Laurits Puust: \\&quot;Tark valgustus\\&quot;&quot;}\">Laurits Puust: &#8220;Tark valgustus&#8221;<\/td>\n<\/tr>\n<tr>\n<td data-sheets-value=\"{&quot;1&quot;:3,&quot;3&quot;:0.4791666666666667}\" data-sheets-numberformat=\"[null,6,&quot;h:mm&quot;,1]\">11:30<\/td>\n<td colspan=\"2\" rowspan=\"1\" data-sheets-value=\"{&quot;1&quot;:2,&quot;2&quot;:&quot;\u00d5pilaste 2017 a. uurimist\u00f6\u00f6de konkurssi ettekanded ja autasustamine\\n&quot;}\">\u00d5pilaste 2017 a. uurimist\u00f6\u00f6de konkurssi ettekanded ja autasustamine<\/td>\n<\/tr>\n<tr>\n<td data-sheets-value=\"{&quot;1&quot;:3,&quot;3&quot;:0.5416666666666666}\" data-sheets-numberformat=\"[null,6,&quot;h:mm&quot;,1]\">13:00<\/td>\n<td colspan=\"2\" rowspan=\"1\" data-sheets-value=\"{&quot;1&quot;:2,&quot;2&quot;:&quot;L\u00f5pp- ja t\u00e4nus\u00f5nad, kohv&quot;}\">L\u00f5pp- ja t\u00e4nus\u00f5nad, kohv<\/td>\n<\/tr>\n<\/tbody>\n<\/table>\n<p>Fotod: Karoliine Kurvits<br \/>\n[lg_folder folder=&#8221;Sygiskool2017\/&#8221; paging=&#8221;false&#8221;]<\/p>\n","protected":false},"excerpt":{"rendered":"<p>2017.a. EFS loodus- ja t\u00e4ppisteaduste s\u00fcgiskool toimus Voore Puhkeskuses 3.-5. novembril. Osalejaid oli 67. Korraldav toimkond: Moorits Mihkel Muru Karoliine Kurvits Kaido Reivelt KAVA: Reede, 03.11 13:00 Kogunemine, kohv 14:00 Avas\u00f5nad, tutvumine 14:30 Alo Peets: &#8220;Praktiline k\u00fcberturvalisus&#8221; 15:30 Mihkel Kree: &#8220;F\u00fc\u00fcsika- ja matemaatikas\u00f5bra m\u00f5tteharjutused&#8221; 16:30 Kohvipaus 17:00 Jaan-Juhan Oidermaa: &#8220;Kuidas p\u00e4\u00e4seda pildile?&#8221; 18:00 Joonatan Samuel: [&hellip;]<\/p>\n","protected":false},"author":1,"featured_media":0,"parent":0,"menu_order":0,"comment_status":"closed","ping_status":"closed","template":"","meta":{"_genesis_hide_title":false,"_genesis_hide_breadcrumbs":false,"_genesis_hide_singular_image":false,"_genesis_hide_footer_widgets":false,"_genesis_custom_body_class":"","_genesis_custom_post_class":"","_genesis_layout":"","footnotes":""},"class_list":{"0":"post-556342","1":"page","2":"type-page","3":"status-publish","5":"entry"},"_links":{"self":[{"href":"https:\/\/www.fyysika.ee\/index.php?rest_route=\/wp\/v2\/pages\/556342","targetHints":{"allow":["GET"]}}],"collection":[{"href":"https:\/\/www.fyysika.ee\/index.php?rest_route=\/wp\/v2\/pages"}],"about":[{"href":"https:\/\/www.fyysika.ee\/index.php?rest_route=\/wp\/v2\/types\/page"}],"author":[{"embeddable":true,"href":"https:\/\/www.fyysika.ee\/index.php?rest_route=\/wp\/v2\/users\/1"}],"replies":[{"embeddable":true,"href":"https:\/\/www.fyysika.ee\/index.php?rest_route=%2Fwp%2Fv2%2Fcomments&post=556342"}],"version-history":[{"count":6,"href":"https:\/\/www.fyysika.ee\/index.php?rest_route=\/wp\/v2\/pages\/556342\/revisions"}],"predecessor-version":[{"id":654352,"href":"https:\/\/www.fyysika.ee\/index.php?rest_route=\/wp\/v2\/pages\/556342\/revisions\/654352"}],"wp:attachment":[{"href":"https:\/\/www.fyysika.ee\/index.php?rest_route=%2Fwp%2Fv2%2Fmedia&parent=556342"}],"curies":[{"name":"wp","href":"https:\/\/api.w.org\/{rel}","templated":true}]}}