{"id":690892,"date":"2017-11-24T12:06:58","date_gmt":"2017-11-24T09:06:58","guid":{"rendered":"http:\/\/www.fyysika.ee\/?page_id=690892"},"modified":"2017-11-24T12:06:58","modified_gmt":"2017-11-24T09:06:58","slug":"voore-2011","status":"publish","type":"page","link":"https:\/\/www.fyysika.ee\/?page_id=690892","title":{"rendered":"Voore 2011"},"content":{"rendered":"<p><a href=\"http:\/\/www.fyysika.ee\/wp-content\/uploads\/2015\/09\/8133_tass_kohvi.jpg\"><img loading=\"lazy\" decoding=\"async\" class=\"alignleft wp-image-134465\" src=\"http:\/\/www.fyysika.ee\/wp-content\/uploads\/2015\/09\/8133_tass_kohvi-200x300.jpg\" alt=\"\" width=\"143\" height=\"215\" srcset=\"https:\/\/www.fyysika.ee\/wp-content\/uploads\/2015\/09\/8133_tass_kohvi-200x300.jpg 200w, https:\/\/www.fyysika.ee\/wp-content\/uploads\/2015\/09\/8133_tass_kohvi.jpg 681w\" sizes=\"auto, (max-width: 143px) 100vw, 143px\" \/><\/a><strong>S\u00fcgisseminar toimus 11.-12. novembril Voore Puhkekeskuses<\/strong>, korraldajateks EFS f\u00fc\u00fcsika\u00f5petajate osakond ja T\u00dc koolif\u00fc\u00fcsika keskus. Seminari tegemist toetab HTM.<\/p>\n<p>Pakkusime pisut \u00fcldhuvitavat, palju praktiliselt kasulikku ja ohtralt suhtlemisv\u00f5imalusi.<\/p>\n<p>&nbsp;<\/p>\n<p>&nbsp;<\/p>\n<p>&nbsp;<\/p>\n","protected":false},"excerpt":{"rendered":"<p>S\u00fcgisseminar toimus 11.-12. novembril Voore Puhkekeskuses, korraldajateks EFS f\u00fc\u00fcsika\u00f5petajate osakond ja T\u00dc koolif\u00fc\u00fcsika keskus. Seminari tegemist toetab HTM. Pakkusime pisut \u00fcldhuvitavat, palju praktiliselt kasulikku ja ohtralt suhtlemisv\u00f5imalusi. &nbsp; &nbsp; &nbsp;<\/p>\n","protected":false},"author":1,"featured_media":0,"parent":0,"menu_order":0,"comment_status":"closed","ping_status":"closed","template":"","meta":{"_genesis_hide_title":false,"_genesis_hide_breadcrumbs":false,"_genesis_hide_singular_image":false,"_genesis_hide_footer_widgets":false,"_genesis_custom_body_class":"","_genesis_custom_post_class":"","_genesis_layout":"","footnotes":""},"class_list":{"0":"post-690892","1":"page","2":"type-page","3":"status-publish","5":"entry"},"_links":{"self":[{"href":"https:\/\/www.fyysika.ee\/index.php?rest_route=\/wp\/v2\/pages\/690892","targetHints":{"allow":["GET"]}}],"collection":[{"href":"https:\/\/www.fyysika.ee\/index.php?rest_route=\/wp\/v2\/pages"}],"about":[{"href":"https:\/\/www.fyysika.ee\/index.php?rest_route=\/wp\/v2\/types\/page"}],"author":[{"embeddable":true,"href":"https:\/\/www.fyysika.ee\/index.php?rest_route=\/wp\/v2\/users\/1"}],"replies":[{"embeddable":true,"href":"https:\/\/www.fyysika.ee\/index.php?rest_route=%2Fwp%2Fv2%2Fcomments&post=690892"}],"version-history":[{"count":1,"href":"https:\/\/www.fyysika.ee\/index.php?rest_route=\/wp\/v2\/pages\/690892\/revisions"}],"predecessor-version":[{"id":690893,"href":"https:\/\/www.fyysika.ee\/index.php?rest_route=\/wp\/v2\/pages\/690892\/revisions\/690893"}],"wp:attachment":[{"href":"https:\/\/www.fyysika.ee\/index.php?rest_route=%2Fwp%2Fv2%2Fmedia&parent=690892"}],"curies":[{"name":"wp","href":"https:\/\/api.w.org\/{rel}","templated":true}]}}