{"id":719189,"date":"2018-04-10T22:51:57","date_gmt":"2018-04-10T19:51:57","guid":{"rendered":"http:\/\/www.fyysika.ee\/?page_id=719189"},"modified":"2018-05-15T13:42:25","modified_gmt":"2018-05-15T10:42:25","slug":"valguse-paev-2018","status":"publish","type":"page","link":"https:\/\/www.fyysika.ee\/?page_id=719189","title":{"rendered":"Valguse p\u00e4ev 2018"},"content":{"rendered":"<p><img loading=\"lazy\" decoding=\"async\" class=\"alignleft wp-image-719214\" src=\"http:\/\/www.fyysika.ee\/wp-content\/uploads\/2018\/04\/Rahvusvaheline-valguse-p\u00e4ev-187x300.jpg\" alt=\"\" width=\"170\" height=\"273\" srcset=\"https:\/\/www.fyysika.ee\/wp-content\/uploads\/2018\/04\/Rahvusvaheline-valguse-p\u00e4ev-187x300.jpg 187w, https:\/\/www.fyysika.ee\/wp-content\/uploads\/2018\/04\/Rahvusvaheline-valguse-p\u00e4ev-768x1233.jpg 768w, https:\/\/www.fyysika.ee\/wp-content\/uploads\/2018\/04\/Rahvusvaheline-valguse-p\u00e4ev-638x1024.jpg 638w\" sizes=\"auto, (max-width: 170px) 100vw, 170px\" \/>16. mai on UNESCO kuulutanud rahvusvaheliseks\u00a0<strong>valguse p\u00e4evaks<\/strong>. Sel puhul kutsume teaduse- ja tulevikuhuvilisi Tartu \u00dclikooli F\u00fc\u00fcsikumi (aadressil W.Ostwaldi tn.1, Tartus).<\/p>\n<p>R\u00e4\u00e4gime, seletame, katsetame, arutleme, n\u00e4itame, tutvustame, anname aru.<\/p>\n<p>S\u00fcndmuse paremaks korraldamiseks palume oma tulekust v\u00f5imalusel ette teada anda:<\/p>\n<p><a href=\"https:\/\/docs.google.com\/forms\/d\/e\/1FAIpQLSd1A9Nn-Xswk5yEWDi9Kp82FlUD0u09rm2sgsZr8XP5VtpVsw\/viewform\">Registreerumine.<\/a><\/p>\n<p>S\u00fcndmust toetab T\u00dc F\u00fc\u00fcsika Instituut.<\/p>\n<p><strong>KAVA (kirjeldusi vaata allpool)<br \/>\n<\/strong><\/p>\n<table>\n<tbody>\n<tr>\n<td width=\"118\"><strong>Aeg<\/strong><\/td>\n<td width=\"260\"><strong>Mis toimub (toimumise koht)<\/strong><\/td>\n<td width=\"283\"><strong>Mis toimub (toimumise koht)<\/strong><\/td>\n<\/tr>\n<tr>\n<td width=\"118\"><strong>\u00a012:15<\/strong><\/td>\n<td width=\"260\">Valgus (B103)<\/td>\n<td colspan=\"2\" width=\"285\">V\u00e4rvid (A105)<\/td>\n<\/tr>\n<tr>\n<td width=\"118\"><strong>\u00a013:15<\/strong><\/td>\n<td width=\"260\">Seiklusr\u00e4nnak fotoonikutega (B103)<\/td>\n<td colspan=\"2\" width=\"285\">UV fotograafia? (A105)<\/td>\n<\/tr>\n<tr>\n<td width=\"118\">\u00a0<strong>14:15<\/strong><\/td>\n<td width=\"260\">Nobeli loeng (A106)<\/td>\n<td colspan=\"2\" width=\"285\">Valgusteaduse teater (B103)<\/td>\n<\/tr>\n<tr>\n<td width=\"118\"><strong>\u00a015:15<\/strong><\/td>\n<td width=\"260\">Eesti on kosmoseriik (A106)<\/td>\n<td colspan=\"2\" width=\"285\">Valguse t\u00f6\u00f6 tuba (A105). Ilusa ilma korral ka p\u00e4ikesepalli lennutamine.<\/td>\n<\/tr>\n<tr>\n<td width=\"118\"><strong>\u00a016:15<\/strong><\/td>\n<td width=\"260\">F\u00fc\u00fcsika aasta 2018 (A106)<\/td>\n<td colspan=\"2\" width=\"285\">Varjud ja varjutused (A105)<\/td>\n<\/tr>\n<tr>\n<td width=\"118\">\u00a0<strong>17:15<\/strong><\/td>\n<td colspan=\"3\" width=\"544\">PAUS<\/td>\n<\/tr>\n<tr>\n<td width=\"118\">\u00a0<strong>18:15<\/strong><\/td>\n<td width=\"260\">EFS \u00fcldkogu (A106)<\/td>\n<td colspan=\"2\" width=\"285\"><\/td>\n<\/tr>\n<tr>\n<td width=\"118\">\u00a0<strong>19:30<\/strong><\/td>\n<td colspan=\"3\" width=\"544\">F\u00fc\u00fcsikumi Eksperimentaariumi avamine (A105)<\/td>\n<\/tr>\n<\/tbody>\n<\/table>\n<p><strong>Valgus<\/strong> N\u00e4gemine annab meile \u00fcmbritseva kohta tohutult informatsiooni. Asi l\u00e4heb veel p\u00f5nevamaks, kui vaatame ka valguse spektrit.<\/p>\n<p><strong>Seiklusr\u00e4nnak fotoonikutega<\/strong>\u00a0Fotoonika on \u00fcldm\u00f5iste tegevusalade kohta, mis h\u00f5lmavad rakendusi, kus valgust tekitatakse, t\u00f6\u00f6deldakse, l\u00fclitatakse, m\u00f5\u00f5detakse elektriliselt v\u00f5i manipuleeritakse muul viisil. Asugem koos tudengitega avastama, mida on v\u00f5imalik valgusega saavutada ja \u00e4ra teha. See on seiklus, mida on r\u00f5\u00f5m jagada.<\/p>\n<p><strong>V\u00e4rvid<\/strong> Maailm on v\u00e4rviline. Meile meeldib see. Aga miks on maailm v\u00e4rviline?\u00a0 Tartu \u00dclikooli \u00f5petajakoolituse \u00fcli\u00f5pilased selgitavad ja n\u00e4itavad ette.<\/p>\n<p><strong>UV fotograafia?<\/strong>\u00a0Suve l\u00e4henedes on \u00f5ige aeg r\u00e4\u00e4kida ultraviolettvalgusest. Teeme seda teistmoodi nurga alt &#8211; ehkki me ultraviolettvalgust ei n\u00e4e, on see meie \u00fcmber olemas ja sobivalt kohandatud kaamera suudab seda &#8220;n\u00e4ha&#8221;. Maailm paistab ultravalguses teistsugune. Aga milline? Ja miks? Tartu \u00dclikooli \u00f5petajakoolituse \u00fcli\u00f5pilased selgitavad ja n\u00e4itavad ette.<\/p>\n<p><strong>Varjud ja varjutused\u00a0<\/strong>Kus on valgus, sealt leiab ka varje. Paneme k\u00e4ed k\u00fclge ja proovime k\u00f5ik ise j\u00e4rele &#8211; kuidas varjud tekivad, kus nad algavad ja kus l\u00f5pevad. P\u00e4ikesekell, \u00f6\u00f6 ja p\u00e4ev, kuu- ja p\u00e4ikesevarjutused, pilved ja lennukid.\u00a0Tartu \u00dclikooli \u00f5petajakoolituse \u00fcli\u00f5pilased selgitavad.<\/p>\n<p><strong>Nobeli loeng<\/strong>\u00a0Ka piiritusel on piirid &#8211; aatomeid ja molekule me vaadata ei saa, olgu meie mikroskoop kuitahes hea. Aga kui kuidagi ei saa, siis &#8230; igatahes l\u00e4ks 2017.a. Nobeli auhind keemias teadlastele, kes l\u00f5id meetodi biomolekulide struktuuri m\u00e4\u00e4ramiseks. Lihtsamalt \u00f6eldes pildistamseks. Professor Arvi Freiberg peab avaliku loengu.<\/p>\n<p><strong>Eesti on kosmoseriik<\/strong>\u00a0Missiooni ESTCube-2 eesm\u00e4rk on tehnoloogia testimine. Testitakse orbiidi k\u00f5rguse langetamist plasma pidurdamise abil, elektrilise p\u00e4ikesepurje (E-sail) tehnoloogiat ja uudset satelliidi alams\u00fcsteemi lahendust. Saame ka teada, kuidas n\u00e4eme objekte satelliidi pardalt nende uusimate kaamerate<br \/>\nESEO ja IIS\u00a0abil. R\u00e4\u00e4givad Joosep Kivastik, Indrek S\u00fcnter, Hendrik Ehrpais, Joel Kuusk (T\u00dc TO).<\/p>\n<p><strong>Valgusteaduse teater\u00a0<\/strong>N\u00e4gemine annab meile \u00fcmbritseva kohta rohkem infot, kui k\u00f5ik teised meeled kokku. Aga paljugi j\u00e4\u00e4b igap\u00e4evase pilgu eest varjule. V\u00f5i ei oska me n\u00e4htut t\u00e4hele panna. V\u00f5i sellest aru saada. Vaatame koos Teadusbussiga!<\/p>\n<p><strong>Valguse t\u00f6\u00f6 tuba<\/strong> Paneme mobiiltelefoni pildi selle kohale h\u00f5ljuma. Ja k\u00fcsime mitu miksi.<\/p>\n<p><strong>F\u00fc\u00fcsika aasta 2018<\/strong> R\u00e4\u00e4gime asjadest, mis meie jaoks olulised. Eriti f\u00fc\u00fcsikahariduse hetkeseisust ja tulevikust.<\/p>\n<p><strong>F\u00fc\u00fcsikumi Eksperimentaariumi avamine<\/strong> Eksperimendid on k\u00f5ige vahetum moodus looduse uurimiseks. Eksperimentaarium on koht, kus on hea eksperimente teha. Tunneme r\u00f5\u00f5mu uute v\u00f5imaluste \u00fcle. Tort.<\/p>\n","protected":false},"excerpt":{"rendered":"<p>16. mai on UNESCO kuulutanud rahvusvaheliseks\u00a0valguse p\u00e4evaks. Sel puhul kutsume teaduse- ja tulevikuhuvilisi Tartu \u00dclikooli F\u00fc\u00fcsikumi (aadressil W.Ostwaldi tn.1, Tartus). R\u00e4\u00e4gime, seletame, katsetame, arutleme, n\u00e4itame, tutvustame, anname aru. S\u00fcndmuse paremaks korraldamiseks palume oma tulekust v\u00f5imalusel ette teada anda: Registreerumine. S\u00fcndmust toetab T\u00dc F\u00fc\u00fcsika Instituut. KAVA (kirjeldusi vaata allpool) Aeg Mis toimub (toimumise koht) Mis toimub [&hellip;]<\/p>\n","protected":false},"author":1,"featured_media":0,"parent":0,"menu_order":0,"comment_status":"closed","ping_status":"closed","template":"","meta":{"_genesis_hide_title":false,"_genesis_hide_breadcrumbs":false,"_genesis_hide_singular_image":false,"_genesis_hide_footer_widgets":false,"_genesis_custom_body_class":"","_genesis_custom_post_class":"","_genesis_layout":"full-width-content","footnotes":""},"class_list":{"0":"post-719189","1":"page","2":"type-page","3":"status-publish","5":"entry","6":"has-post-thumbnail"},"_links":{"self":[{"href":"https:\/\/www.fyysika.ee\/index.php?rest_route=\/wp\/v2\/pages\/719189","targetHints":{"allow":["GET"]}}],"collection":[{"href":"https:\/\/www.fyysika.ee\/index.php?rest_route=\/wp\/v2\/pages"}],"about":[{"href":"https:\/\/www.fyysika.ee\/index.php?rest_route=\/wp\/v2\/types\/page"}],"author":[{"embeddable":true,"href":"https:\/\/www.fyysika.ee\/index.php?rest_route=\/wp\/v2\/users\/1"}],"replies":[{"embeddable":true,"href":"https:\/\/www.fyysika.ee\/index.php?rest_route=%2Fwp%2Fv2%2Fcomments&post=719189"}],"version-history":[{"count":25,"href":"https:\/\/www.fyysika.ee\/index.php?rest_route=\/wp\/v2\/pages\/719189\/revisions"}],"predecessor-version":[{"id":719253,"href":"https:\/\/www.fyysika.ee\/index.php?rest_route=\/wp\/v2\/pages\/719189\/revisions\/719253"}],"wp:attachment":[{"href":"https:\/\/www.fyysika.ee\/index.php?rest_route=%2Fwp%2Fv2%2Fmedia&parent=719189"}],"curies":[{"name":"wp","href":"https:\/\/api.w.org\/{rel}","templated":true}]}}