{"id":719296,"date":"2019-02-24T20:45:32","date_gmt":"2019-02-24T17:45:32","guid":{"rendered":"http:\/\/www.fyysika.ee\/?page_id=719296"},"modified":"2019-04-25T21:55:08","modified_gmt":"2019-04-25T18:55:08","slug":"2019-a-fuusikapaevad","status":"publish","type":"page","link":"https:\/\/www.fyysika.ee\/?page_id=719296","title":{"rendered":"XLIX Eesti f\u00fc\u00fcsikap\u00e4evad ja XLI f\u00fc\u00fcsika\u00f5petajate p\u00e4evad"},"content":{"rendered":"\n<p>XLIX Eesti f\u00fc\u00fcsikap\u00e4evad ja XLI f\u00fc\u00fcsika\u00f5petajate p\u00e4evad toimuvad 26.-27. aprillil Tartus, T\u00dc F\u00fc\u00fcsikumis ja Tallinnas, Eesti Teaduste Akadeemia hoones. Koos seekordsete f\u00fc\u00fcsikap\u00e4evadega t\u00e4histame Eesti F\u00fc\u00fcsika Seltsi 30. aastap\u00e4eva.<br><\/p>\n\n\n\n<p><strong>Reede, 26. aprill on f\u00fc\u00fcsika\u00f5petajate p\u00e4ev<\/strong>, mis toimub Tartus, T\u00dc F\u00fc\u00fcsikumis. <strong>F\u00fc\u00fcsika\u00f5petajate p\u00e4eva kohta on info <a href=\"http:\/\/www.fyysika.ee\/vorgustik\/?page_id=1544\" target=\"_blank\" rel=\"noreferrer noopener\" aria-label=\" (opens in a new tab)\">f\u00fc\u00fcsika\u00f5petajate v\u00f5rgustiku kodulehel<\/a><\/strong>. Laup\u00e4eval, 27. aprillil r\u00e4\u00e4gime Tallinnas, Eesti Teaduste Akadeemia hoones (Kohtu 6) teadusest ja f\u00fc\u00fcsikaharidusest. <\/p>\n\n\n\n<p class=\"has-text-color has-vivid-red-color\">Registreerimine on selleks korraks suletud. Huvi korral v\u00f5tke kontakti Kaido Reivelt (kaido@fyysika.ee, 5143349).<\/p>\n\n\n\n<p>Tartust Tallinnasse ja tagasi s\u00f5itev buss v\u00e4ljub Tartust, Vanemuise alumisest parklast laup\u00e4eva hommikul 8.00. Tagasi v\u00e4ljub buss ca 18.00.<\/p>\n\n\n\n<p class=\"has-medium-font-size\"><strong>F\u00fc\u00fcsikap\u00e4evade KAVA, laup\u00e4eval 27.04. <\/strong><\/p>\n\n\n\n<p><strong>Tallinnas, Eesti Teaduste Akadeemia hoones.<\/strong><\/p>\n\n\n<table class=\"wp-block-table has-fixed-layout is-style-stripes\">\n<tbody valign=\"top\">\n<tr>\n<td width=\"88\">\n<p>10.30<\/p>\n<\/td>\n<td>\n<p>Kohv, kogunemine<\/p>\n<\/td>\n<\/tr>\n<tr>\n<td>\n<p>11.00<\/p>\n<\/td>\n<td>\n<p>Avas\u00f5nad<\/p>\n<\/td>\n<\/tr>\n<tr>\n<td>\n<p>11.15<\/p>\n<\/td>\n<td>\n<p>Kuumad teemad f\u00fc\u00fcsikas, 2018\/2019<br \/>Laur J\u00e4rv (T\u00dc FI), Urmas Nagel (KBFI)<\/p>\n<\/td>\n<\/tr>\n<tr>\n<td>\n<p>11.45<\/p>\n<\/td>\n<td>\n<p>K\u00fclalisloeng<\/p>\n<p>Jan Kaus<\/p>\n<p><strong>Aine ja laine, teos ja seos<\/strong><\/p>\n<\/td>\n<\/tr>\n<tr>\n<td>\n<p>12.15<\/p>\n<\/td>\n<td>\n<p>Sissejuhatus j\u00e4rgnevatesse paneelidesse.<br \/>K.Reivelt: kokkuv\u00f5te kooliharidusest<br \/>M.Raidal: kokkuv\u00f5te f\u00fc\u00fcsikateadust<\/p>\n<\/td>\n<\/tr>\n<tr>\n<td>12.45<\/td>\n<td>L\u00f5una<\/td>\n<\/tr>\n<tr>\n<td>\n<p>13.30<\/p>\n<\/td>\n<td>\n<p>Paneel I: f\u00fc\u00fcsikateadus Eestis 2039?<\/p>\n<p>Paneeli liikmed: L.J\u00e4rv (T\u00dcFI), A.Reinart (T\u00dcTO), J.Aaviksoo (TalTech), U.Nagel (KBFI), modereerib A.Hektor (EFS &amp; Teaduskoda)<\/p>\n<p>Eesm\u00e4rk on leida vastused k\u00fcsimustele:<\/p>\n<ul>\n<li>Kellele on Eestis vaja f\u00fc\u00fcsikateadust?<\/li>\n<li>Mille \u00fcle oleme uhked aastal 2019?<\/li>\n<li>Mille \u00fcle oleme uhked aastal 2039?<\/li>\n<\/ul>\n<p>Panelistid saavad alguses j\u00e4rgem\u00f6\u00f6da s\u00f5na ca 5 minutiliseks s\u00f5nav\u00f5tuks, millele j\u00e4rgneb arutelu koos k\u00fcsimustega saalist.<\/p>\n<\/td>\n<\/tr>\n<tr>\n<td>\n<p>15.00<\/p>\n<\/td>\n<td>\n<p>Kohvipaus<\/p>\n<\/td>\n<\/tr>\n<tr>\n<td>\n<p>15.30<\/p>\n<\/td>\n<td>\n<p>Paneel II: f\u00fc\u00fcsikaharidus Eestis 2039<\/p>\n<p>Paneeli liikmed: K.Tarkpea (T\u00dcFI), Mart Noorma (T\u00dcTO), Mario Kadastik (KBFI, ENTA), Moorits Mihkel Muru (F\u00dcS), Jaan Kalda (TalTech), T\u00f5nu Laas (TL\u00dc), modereerib Kaido Reivelt (EFS).<\/p>\n<p>K\u00fcsime:<\/p>\n<ul>\n<li>Kellele on Eestis vaja f\u00fc\u00fcsikat? Millist lisandv\u00e4\u00e4rtust see annab?<\/li>\n<li>Mis toimub f\u00fc\u00fcsikahariduses, Eestis ja laias maailmas, millised on trendid?<\/li>\n<li>Millised on Eesti \u00fclikoolide v\u00f5imalused neid trende p\u00f6\u00f6rata?<\/li>\n<\/ul>\n<\/td>\n<\/tr>\n<tr>\n<td>\n<p>17.00<\/p>\n<\/td>\n<td>\n<p>Eesti F\u00fc\u00fcsika Selts aastal 2019: v\u00f5imalused ja v\u00e4ljakutsed. L\u00f5petamine.<\/p>\n<\/td>\n<\/tr>\n<tr>\n<td>\n<p>18.00<\/p>\n<\/td>\n<td>\n<p>Buss v\u00e4ljub Tartu poole.<\/p>\n<\/td>\n<\/tr>\n<\/tbody>\n<\/table>\n\n\n<p><\/p>\n","protected":false},"excerpt":{"rendered":"<p>XLIX Eesti f\u00fc\u00fcsikap\u00e4evad ja XLI f\u00fc\u00fcsika\u00f5petajate p\u00e4evad toimuvad 26.-27. aprillil Tartus, T\u00dc F\u00fc\u00fcsikumis ja Tallinnas, Eesti Teaduste Akadeemia hoones. Koos seekordsete f\u00fc\u00fcsikap\u00e4evadega t\u00e4histame Eesti F\u00fc\u00fcsika Seltsi 30. aastap\u00e4eva. Reede, 26. aprill on f\u00fc\u00fcsika\u00f5petajate p\u00e4ev, mis toimub Tartus, T\u00dc F\u00fc\u00fcsikumis. F\u00fc\u00fcsika\u00f5petajate p\u00e4eva kohta on info f\u00fc\u00fcsika\u00f5petajate v\u00f5rgustiku kodulehel. Laup\u00e4eval, 27. aprillil r\u00e4\u00e4gime Tallinnas, Eesti Teaduste Akadeemia [&hellip;]<\/p>\n","protected":false},"author":1,"featured_media":0,"parent":0,"menu_order":0,"comment_status":"closed","ping_status":"closed","template":"","meta":{"_genesis_hide_title":false,"_genesis_hide_breadcrumbs":false,"_genesis_hide_singular_image":false,"_genesis_hide_footer_widgets":false,"_genesis_custom_body_class":"","_genesis_custom_post_class":"","_genesis_layout":"","footnotes":""},"class_list":{"0":"post-719296","1":"page","2":"type-page","3":"status-publish","5":"entry"},"_links":{"self":[{"href":"https:\/\/www.fyysika.ee\/index.php?rest_route=\/wp\/v2\/pages\/719296","targetHints":{"allow":["GET"]}}],"collection":[{"href":"https:\/\/www.fyysika.ee\/index.php?rest_route=\/wp\/v2\/pages"}],"about":[{"href":"https:\/\/www.fyysika.ee\/index.php?rest_route=\/wp\/v2\/types\/page"}],"author":[{"embeddable":true,"href":"https:\/\/www.fyysika.ee\/index.php?rest_route=\/wp\/v2\/users\/1"}],"replies":[{"embeddable":true,"href":"https:\/\/www.fyysika.ee\/index.php?rest_route=%2Fwp%2Fv2%2Fcomments&post=719296"}],"version-history":[{"count":34,"href":"https:\/\/www.fyysika.ee\/index.php?rest_route=\/wp\/v2\/pages\/719296\/revisions"}],"predecessor-version":[{"id":719355,"href":"https:\/\/www.fyysika.ee\/index.php?rest_route=\/wp\/v2\/pages\/719296\/revisions\/719355"}],"wp:attachment":[{"href":"https:\/\/www.fyysika.ee\/index.php?rest_route=%2Fwp%2Fv2%2Fmedia&parent=719296"}],"curies":[{"name":"wp","href":"https:\/\/api.w.org\/{rel}","templated":true}]}}