{"id":719489,"date":"2022-10-16T23:53:16","date_gmt":"2022-10-16T20:53:16","guid":{"rendered":"https:\/\/www.fyysika.ee\/?page_id=719489"},"modified":"2022-11-09T17:36:29","modified_gmt":"2022-11-09T14:36:29","slug":"li-fuusikapaevad","status":"publish","type":"page","link":"https:\/\/www.fyysika.ee\/?page_id=719489","title":{"rendered":"LI F\u00fc\u00fcsikap\u00e4evad"},"content":{"rendered":"\n<p><strong>LI Eesti f\u00fc\u00fcsikap\u00e4evad toimusid 28. \u2013 29. oktoobril Nelij\u00e4rve Puhkekeskuses.\u00a0<\/strong><\/p>\n\n\n\n<p>KAVA<\/p>\n\n\n\n<p><strong>Reede, 28.10<\/strong><\/p>\n\n\n\n<figure class=\"wp-block-table\"><table><tbody><tr><td>13:30<\/td><td>Saabumine, kohv<\/td><\/tr><tr><td>14:30<\/td><td>Tervitused, info<\/td><\/tr><tr><td>14:45<\/td><td>Erko Jakobson (T\u00dc TO) Mida n\u00e4itavad kliimaprojektsioonid Eesti kohta?<\/td><\/tr><tr><td>15:15<\/td><td>Taavi Rep\u00e4n (T\u00dc FI) Kaasaegsed arvutuslikud ja masin\u00f5ppe meetodid nano-optika kontekstis<\/td><\/tr><tr><td>15:45<\/td><td>Els Heinsalu (KBFI) Keeled l\u00e4bi komplekss\u00fcsteemide teooria prisma<\/td><\/tr><tr><td>16:15<\/td><td>Kohvipaus<\/td><\/tr><tr><td>16:45<\/td><td>Rainer P\u00e4rna (T\u00dc FI) MAX IV s\u00fcnkrotron allikas ja selle rakendamine materjalide uuringuteks<\/td><\/tr><tr><td>17:15<\/td><td>Toomas Daniel Viskus (T\u00dc) Aatomkihtsadestatud tahkiskeskkondade varieeruva stabiilsusega takistusl\u00fclituslik k\u00e4itumine<\/td><\/tr><tr><td>17:30<\/td><td>Hans Tiismus (TT\u00dc EMI) &#8220;Magnetmaterjalide ja elektrimasinate 3D printimine&#8221;<\/td><\/tr><tr><td>18:00<\/td><td>R\u00e4\u00e4gime Eesti F\u00fc\u00fcsika Seltsist<\/td><\/tr><tr><td>19:00<\/td><td>\u00d5htus\u00f6\u00f6k<\/td><\/tr><tr><td>20:00<\/td><td>Saun ja sumin<\/td><\/tr><\/tbody><\/table><\/figure>\n\n\n\n<p><strong>Laup\u00e4ev, 29.10<\/strong><\/p>\n\n\n\n<figure class=\"wp-block-table\"><table><tbody><tr><td>8:30<\/td><td>Hommikus\u00f6\u00f6k<\/td><\/tr><tr><td>9:30<\/td><td>Jaan Kalda (TT\u00dc) Kuidas levib viirus mastaabivabadel v\u00f5rgustikel? Superlevitajate rollist ja isesihtivatest r\u00fcnnakutest<\/td><\/tr><tr><td>10:00<\/td><td>K\u00e4tlin Tiigi (PERH) F\u00fc\u00fcsikute roll haigla t\u00f6\u00f6s<\/td><\/tr><tr><td>10:30<\/td><td>Mihkel Pajusalu (T\u00dc TO) Kosmosetehnoloogia arendamine Eestis ideest m\u00fc\u00fcdava tooteni f\u00fc\u00fcsiku vaatepunktist<\/td><\/tr><tr><td>11:00<\/td><td>Kohvipaus<\/td><\/tr><tr><td>11:30<\/td><td>Johannes Heinsoo (IQM Quantum Computers) P\u00f5imitus \u00fclijuhtidest kvantarvutis<\/td><\/tr><tr><td>12:15<\/td><td>Laurits Leedj\u00e4rv (T\u00dc TO) Tuhat ja \u00fcks planeeti Arieli pilgu all<\/td><\/tr><tr><td>12:40<\/td><td>Kaarel Paal (TT\u00dc) Purjeka f\u00fc\u00fcsikalineolemus ja purjeprojekt<\/td><\/tr><tr><td>13:00<\/td><td>Dmitri Kartofelev (TT\u00dc KI) Elastse keele v\u00f5nkumine, p\u00f5rkumine ja h\u00f5\u00f5rdumine vastu statsionaarse barj\u00e4\u00e4ri pinda<\/td><\/tr><tr><td>13:30<\/td><td>L\u00d5PP<\/td><\/tr><\/tbody><\/table><\/figure>\n\n\n\n<p>F\u00fc\u00fcsikap\u00e4evade korraldustoimkond:<br>Kaido Reivelt (<a href=\"mailto:kaido@fyysika.ee\">kaido@fyysika.ee<\/a>)<br>Moorits Mihkel Muru (<a href=\"mailto:moorits.mihkel.muru@ut.ee\">moorits.mihkel.muru@ut.ee<\/a>)<br>Annabel Hiiu (<a href=\"mailto:annabel.hiiu@gmail.com\">annabel.hiiu@gmail.com<\/a>)&nbsp;<\/p>\n\n\n\n<p>F\u00fc\u00fcsikap\u00e4evad piltidel<\/p>\n\n\n\n<p><a href=\"https:\/\/photos.app.goo.gl\/ZFNKuVK6o26QvnSZ8\">https:\/\/photos.app.goo.gl\/ZFNKuVK6o26QvnSZ8<\/a><\/p>\n","protected":false},"excerpt":{"rendered":"<p>LI Eesti f\u00fc\u00fcsikap\u00e4evad toimusid 28. \u2013 29. oktoobril Nelij\u00e4rve Puhkekeskuses.\u00a0 KAVA Reede, 28.10 13:30 Saabumine, kohv 14:30 Tervitused, info 14:45 Erko Jakobson (T\u00dc TO) Mida n\u00e4itavad kliimaprojektsioonid Eesti kohta? 15:15 Taavi Rep\u00e4n (T\u00dc FI) Kaasaegsed arvutuslikud ja masin\u00f5ppe meetodid nano-optika kontekstis 15:45 Els Heinsalu (KBFI) Keeled l\u00e4bi komplekss\u00fcsteemide teooria prisma 16:15 Kohvipaus 16:45 Rainer P\u00e4rna [&hellip;]<\/p>\n","protected":false},"author":1,"featured_media":0,"parent":0,"menu_order":0,"comment_status":"closed","ping_status":"closed","template":"","meta":{"_genesis_hide_title":false,"_genesis_hide_breadcrumbs":false,"_genesis_hide_singular_image":false,"_genesis_hide_footer_widgets":false,"_genesis_custom_body_class":"","_genesis_custom_post_class":"","_genesis_layout":"","footnotes":""},"class_list":{"0":"post-719489","1":"page","2":"type-page","3":"status-publish","5":"entry"},"_links":{"self":[{"href":"https:\/\/www.fyysika.ee\/index.php?rest_route=\/wp\/v2\/pages\/719489","targetHints":{"allow":["GET"]}}],"collection":[{"href":"https:\/\/www.fyysika.ee\/index.php?rest_route=\/wp\/v2\/pages"}],"about":[{"href":"https:\/\/www.fyysika.ee\/index.php?rest_route=\/wp\/v2\/types\/page"}],"author":[{"embeddable":true,"href":"https:\/\/www.fyysika.ee\/index.php?rest_route=\/wp\/v2\/users\/1"}],"replies":[{"embeddable":true,"href":"https:\/\/www.fyysika.ee\/index.php?rest_route=%2Fwp%2Fv2%2Fcomments&post=719489"}],"version-history":[{"count":13,"href":"https:\/\/www.fyysika.ee\/index.php?rest_route=\/wp\/v2\/pages\/719489\/revisions"}],"predecessor-version":[{"id":719516,"href":"https:\/\/www.fyysika.ee\/index.php?rest_route=\/wp\/v2\/pages\/719489\/revisions\/719516"}],"wp:attachment":[{"href":"https:\/\/www.fyysika.ee\/index.php?rest_route=%2Fwp%2Fv2%2Fmedia&parent=719489"}],"curies":[{"name":"wp","href":"https:\/\/api.w.org\/{rel}","templated":true}]}}