{"id":719535,"date":"2023-10-29T13:05:21","date_gmt":"2023-10-29T10:05:21","guid":{"rendered":"https:\/\/www.fyysika.ee\/?page_id=719535"},"modified":"2023-10-29T19:55:31","modified_gmt":"2023-10-29T16:55:31","slug":"fuusikaopetajate-osakond","status":"publish","type":"page","link":"https:\/\/www.fyysika.ee\/?page_id=719535","title":{"rendered":"F\u00fc\u00fcsika\u00f5petajate osakond"},"content":{"rendered":"\n<p>F\u00fc\u00fcsika\u00f5petajate osakonna eesm\u00e4rgiks on koondada k\u00f5iki Eesti f\u00fc\u00fcsika\u00f5petajaid, aktiivselt toetada f\u00fc\u00fcsika\u00f5petajaid nende igap\u00e4evat\u00f6\u00f6s ning esindada neid riiklikul tasandil.<\/p>\n\n\n\n<hr class=\"wp-block-separator\"\/>\n\n\n\n<p>Juhatus:<br>Eveli Raudla (esinaine)<br>Rauno Neito<br>Jaan Paaver<br>Ingrid R\u00f5igas (laekur)<br>Erkki Tempel<br>Agnes Vask<\/p>\n\n\n\n<p>F\u00fc\u00fcsika\u00f5petajate osakonnaga saab kontakti meiliaadressil <strong>fo@fyysika.ee<\/strong>.<\/p>\n\n\n\n<p>Jooksvat infot f\u00fc\u00fcsika\u00f5petajate osakonna tegevuse kohta leiab f\u00fc\u00fcsika\u00f5petajate v\u00f5rgustiku lehelt: <a href=\"https:\/\/fyysika.ee\/vorgustik\">https:\/\/fyysika.ee\/vorgustik<\/a><\/p>\n\n\n\n<p>F\u00fc\u00fcsika\u00f5petajate osakonna liikmemaks on 20 eurot. Liikmemaks tasutakse osakonna arvele EE812200221066412262 saajaks tuleks m\u00e4rkida EESTI F\u00dc\u00dcSIKA SELTS ja selgituseks &#8220;\/nimi\/ FO liikmemaks&#8221;.<\/p>\n\n\n\n<p>EFS f\u00fc\u00fcsika\u00f5petajate list (modereeritav) <strong>kool.fyysika@lists.ut.ee<\/strong>. <br>Listi liikmeks saamiseks tuleks sisestada oma andmed aadressile <a href=\"https:\/\/lists.ut.ee\/wws\/subscribe\/kool.fyysika?previous_action=info\">https:\/\/lists.ut.ee\/wws\/subscribe\/kool.fyysika?previous_action=info<\/a>. <br>Listist lahkumine on k\u00e4ib l\u00e4bi selle veebilehe <a href=\"https:\/\/lists.ut.ee\/wws\/signoff\/kool.fyysika\">https:\/\/lists.ut.ee\/wws\/signoff\/kool.fyysika<\/a><\/p>\n","protected":false},"excerpt":{"rendered":"<p>F\u00fc\u00fcsika\u00f5petajate osakonna eesm\u00e4rgiks on koondada k\u00f5iki Eesti f\u00fc\u00fcsika\u00f5petajaid, aktiivselt toetada f\u00fc\u00fcsika\u00f5petajaid nende igap\u00e4evat\u00f6\u00f6s ning esindada neid riiklikul tasandil. Juhatus:Eveli Raudla (esinaine)Rauno NeitoJaan PaaverIngrid R\u00f5igas (laekur)Erkki TempelAgnes Vask F\u00fc\u00fcsika\u00f5petajate osakonnaga saab kontakti meiliaadressil fo@fyysika.ee. Jooksvat infot f\u00fc\u00fcsika\u00f5petajate osakonna tegevuse kohta leiab f\u00fc\u00fcsika\u00f5petajate v\u00f5rgustiku lehelt: https:\/\/fyysika.ee\/vorgustik F\u00fc\u00fcsika\u00f5petajate osakonna liikmemaks on 20 eurot. Liikmemaks tasutakse osakonna arvele EE812200221066412262 [&hellip;]<\/p>\n","protected":false},"author":1,"featured_media":0,"parent":0,"menu_order":0,"comment_status":"closed","ping_status":"closed","template":"","meta":{"_genesis_hide_title":false,"_genesis_hide_breadcrumbs":false,"_genesis_hide_singular_image":false,"_genesis_hide_footer_widgets":false,"_genesis_custom_body_class":"","_genesis_custom_post_class":"","_genesis_layout":"","footnotes":""},"class_list":{"0":"post-719535","1":"page","2":"type-page","3":"status-publish","5":"entry"},"_links":{"self":[{"href":"https:\/\/www.fyysika.ee\/index.php?rest_route=\/wp\/v2\/pages\/719535","targetHints":{"allow":["GET"]}}],"collection":[{"href":"https:\/\/www.fyysika.ee\/index.php?rest_route=\/wp\/v2\/pages"}],"about":[{"href":"https:\/\/www.fyysika.ee\/index.php?rest_route=\/wp\/v2\/types\/page"}],"author":[{"embeddable":true,"href":"https:\/\/www.fyysika.ee\/index.php?rest_route=\/wp\/v2\/users\/1"}],"replies":[{"embeddable":true,"href":"https:\/\/www.fyysika.ee\/index.php?rest_route=%2Fwp%2Fv2%2Fcomments&post=719535"}],"version-history":[{"count":4,"href":"https:\/\/www.fyysika.ee\/index.php?rest_route=\/wp\/v2\/pages\/719535\/revisions"}],"predecessor-version":[{"id":719557,"href":"https:\/\/www.fyysika.ee\/index.php?rest_route=\/wp\/v2\/pages\/719535\/revisions\/719557"}],"wp:attachment":[{"href":"https:\/\/www.fyysika.ee\/index.php?rest_route=%2Fwp%2Fv2%2Fmedia&parent=719535"}],"curies":[{"name":"wp","href":"https:\/\/api.w.org\/{rel}","templated":true}]}}