{"id":719539,"date":"2023-10-29T13:18:52","date_gmt":"2023-10-29T10:18:52","guid":{"rendered":"https:\/\/www.fyysika.ee\/?page_id=719539"},"modified":"2025-09-20T12:16:13","modified_gmt":"2025-09-20T09:16:13","slug":"efs-liikmetele-ja-liikmeks-saamise-kord","status":"publish","type":"page","link":"https:\/\/www.fyysika.ee\/?page_id=719539","title":{"rendered":"EFS liikmetele ja liikmeks saamise kord"},"content":{"rendered":"\n<p><strong>EFS liikmeks astumiseks tuleb esitada vastavasisuline vabas vormis taotlus Eesti F\u00fc\u00fcsika Seltsi juhatusele v\u00f5i Seltsi osakonna juhatusele. <\/strong>Aadressiks v\u00f5iks m\u00e4rkida<\/p>\n\n\n\n<p>V\u00e4ljav\u00f5te p\u00f5hikirjast:<\/p>\n\n\n\n<p>3.1 \u00dchingu liikmeks v\u00f5ib olla iga f\u00fc\u00fcsiline v\u00f5i juriidiline isik, kes tunnistab ning t\u00e4idab k\u00e4esolevat p\u00f5hikirja. \u00dchingu liikmed jagunevad tegevliikmeteks ja auliikmeteks. \u00dchingu liikmed v\u00f5ivad olla ka \u00fche v\u00f5i mitme \u00dchingu osakonna liikmed.<\/p>\n\n\n\n<p>3.2 \u00dchingu auliikmeteks valitakse isikuid, kes on silma paistnud f\u00fc\u00fcsika v\u00f5i \u00dchingu tegevuse edendamisel.<\/p>\n\n\n\n<p>3.3 \u00dchingu tegevliikmeks astuda soovija peab esitama avalduse \u00dchingu tegevliikmeks vastuv\u00f5tmise kohta kas \u00dchingu juhatusele v\u00f5i \u00dchingu osakonna juhatusele.<\/p>\n\n\n\n<p>3.4 \u00dchingu juhatus on kohustatud \u00fchingu tegevliikmeks astuda soovija avalduse l\u00e4bi vaatama, otsustama tema vastuv\u00f5tmise \u00dchingu liikmeks ning oma otsusest kirjalikult teada andma hiljemalt \u00fche kuu jooksul, arvates avalduse saabumise kuup\u00e4evast. Otsus \u00fchingu tegevliikmeks vastuv\u00f5tmisest keeldumise kohta peab olema p\u00f5hjendatud.<\/p>\n\n\n\n<p>3.5 \u00dchingu osakonnad korraldavad tegevliikmeteks astuda soovijate avalduste l\u00e4bivaatamist vastavalt oma p\u00f5hikirjale. Osakondade otsused tegevliikmete vastuv\u00f5tmise kohta vaatab l\u00e4bi ja kinnitab ka \u00dchingu juhatus.<\/p>\n\n\n\n<p>3.6 \u00dchingu liikmeskonnast v\u00e4ljaastumiseks omal soovil esitab \u00dchingu liige kirjaliku avalduse \u00dchingu v\u00f5i \u00dchingu osakonna juhatusele. \u00dchingu v\u00f5i \u00dchingu osakonna juhatus on kohustatud avalduse l\u00e4bi vaatama \u00fche kuu jooksul, arvates avalduse laekumise kuup\u00e4evast. Liige loetakse \u00fchingust v\u00e4lja astunuks omal soovil juhatuse otsuse tegemise kuup\u00e4evast alates.<\/p>\n\n\n\n<p>3.7 Liikme \u00fchingust v\u00e4ljaarvamise k\u00fcsimuse \u00fcle otsustab \u00dchingu v\u00f5i \u00dchingu osakonna juhatuse ettepanekul liikmete \u00fcldkoosolek. V\u00e4ljaarvamise aluseks v\u00f5ib olla \u00dchingu p\u00f5hikirja punktides 4.2-4.3 nimetatud kohustuste t\u00e4itmata j\u00e4tmine v\u00f5i tahtlik eiramine, samuti \u00dchingu maine kahjustamine olulisel m\u00e4\u00e4ral.<\/p>\n\n\n\n<p>Seltsi auliikmed<br>Henn K\u00e4\u00e4mbre<br>Karl Rebane<br>Harald Keres<br>Jaan Einasto<br>Piret Kuusk<\/p>\n\n\n\n<h1 class=\"wp-block-heading\">Liikmete arvestuse ja liikmemaksude tasumise kord<\/h1>\n\n\n\n<p>Seltsi osakonnad kehtestavad oma liikmemaksu suuruse ja selle tasumise korra ise.<\/p>\n\n\n\n<p>K\u00f5igile teistele on Seltsi liikmemaksu suurus 25 EUR, pension\u00e4ridele\/\u00f5ppuritele 10 EUR aastas. Seltsi auliikmed on liikmemaksu tasumisest vabastatud. <\/p>\n\n\n\n<p>Seltsi liikmemaksu on v\u00f5imalik ka tasuda panga\u00fclekandega. Pangarekvisiidid: EE052200001120073071 Swedbank.<strong> Liikmemaksu tasumisel m\u00e4rkige kindlasti selgitusse \u00e4ra, et tegemist on liikmemaksuga<\/strong>.<\/p>\n\n\n\n<p><\/p>\n","protected":false},"excerpt":{"rendered":"<p>EFS liikmeks astumiseks tuleb esitada vastavasisuline vabas vormis taotlus Eesti F\u00fc\u00fcsika Seltsi juhatusele v\u00f5i Seltsi osakonna juhatusele. Aadressiks v\u00f5iks m\u00e4rkida V\u00e4ljav\u00f5te p\u00f5hikirjast: 3.1 \u00dchingu liikmeks v\u00f5ib olla iga f\u00fc\u00fcsiline v\u00f5i juriidiline isik, kes tunnistab ning t\u00e4idab k\u00e4esolevat p\u00f5hikirja. \u00dchingu liikmed jagunevad tegevliikmeteks ja auliikmeteks. \u00dchingu liikmed v\u00f5ivad olla ka \u00fche v\u00f5i mitme \u00dchingu osakonna liikmed. [&hellip;]<\/p>\n","protected":false},"author":1,"featured_media":0,"parent":0,"menu_order":0,"comment_status":"closed","ping_status":"closed","template":"","meta":{"_genesis_hide_title":false,"_genesis_hide_breadcrumbs":false,"_genesis_hide_singular_image":false,"_genesis_hide_footer_widgets":false,"_genesis_custom_body_class":"","_genesis_custom_post_class":"","_genesis_layout":"","footnotes":""},"class_list":{"0":"post-719539","1":"page","2":"type-page","3":"status-publish","5":"entry"},"_links":{"self":[{"href":"https:\/\/www.fyysika.ee\/index.php?rest_route=\/wp\/v2\/pages\/719539","targetHints":{"allow":["GET"]}}],"collection":[{"href":"https:\/\/www.fyysika.ee\/index.php?rest_route=\/wp\/v2\/pages"}],"about":[{"href":"https:\/\/www.fyysika.ee\/index.php?rest_route=\/wp\/v2\/types\/page"}],"author":[{"embeddable":true,"href":"https:\/\/www.fyysika.ee\/index.php?rest_route=\/wp\/v2\/users\/1"}],"replies":[{"embeddable":true,"href":"https:\/\/www.fyysika.ee\/index.php?rest_route=%2Fwp%2Fv2%2Fcomments&post=719539"}],"version-history":[{"count":5,"href":"https:\/\/www.fyysika.ee\/index.php?rest_route=\/wp\/v2\/pages\/719539\/revisions"}],"predecessor-version":[{"id":719756,"href":"https:\/\/www.fyysika.ee\/index.php?rest_route=\/wp\/v2\/pages\/719539\/revisions\/719756"}],"wp:attachment":[{"href":"https:\/\/www.fyysika.ee\/index.php?rest_route=%2Fwp%2Fv2%2Fmedia&parent=719539"}],"curies":[{"name":"wp","href":"https:\/\/api.w.org\/{rel}","templated":true}]}}