{"id":719547,"date":"2023-10-29T13:26:07","date_gmt":"2023-10-29T10:26:07","guid":{"rendered":"https:\/\/www.fyysika.ee\/?page_id=719547"},"modified":"2025-01-19T23:36:02","modified_gmt":"2025-01-19T20:36:02","slug":"liikmete-arvestuse-ja-liikmemaksude-tasumise-kord","status":"publish","type":"page","link":"https:\/\/www.fyysika.ee\/?page_id=719547","title":{"rendered":"Liikmete arvestuse ja liikmemaksude tasumise kord"},"content":{"rendered":"\n<p>Liikmemaksu suurus on 25 EUR, pension\u00e4ridele\/\u00f5ppuritele 10 EUR aastas. Seltsi auliikmed on liikmemaksu tasumisest vabastatud. Liikmemaksu on v\u00f5imalik ka tasuda panga\u00fclekandega. Pangarekvisiidid: EE052200001120073071 Swedbank. <strong>Liikmemaksu tasumisel m\u00e4rkige kindlasti selgitusse \u00e4ra, et tegemist on liikmemaksuga<\/strong>.<\/p>\n\n\n\n<ul class=\"wp-block-list\"><li>Euroopa F\u00fc\u00fcsika\u00fchingule (EF\u00dc) edastatakse andmed ainult nende EFS liikmete kohta, kes on t\u00e4htaegselt tasunud liikmemaksu.<\/li><li>Jooksva aasta liikmemaksu tasumise t\u00e4htaeg on 30. juuni.<\/li><li>Juhatus korraldab meeldetuletuste saatmise liikmemaksu tasumiseks, kusjuures meeldetuletused saadetakse reeglina v\u00e4lja elektroonilise kirjaga.<\/li><\/ul>\n","protected":false},"excerpt":{"rendered":"<p>Liikmemaksu suurus on 25 EUR, pension\u00e4ridele\/\u00f5ppuritele 10 EUR aastas. Seltsi auliikmed on liikmemaksu tasumisest vabastatud. Liikmemaksu on v\u00f5imalik ka tasuda panga\u00fclekandega. Pangarekvisiidid: EE052200001120073071 Swedbank. Liikmemaksu tasumisel m\u00e4rkige kindlasti selgitusse \u00e4ra, et tegemist on liikmemaksuga. Euroopa F\u00fc\u00fcsika\u00fchingule (EF\u00dc) edastatakse andmed ainult nende EFS liikmete kohta, kes on t\u00e4htaegselt tasunud liikmemaksu. Jooksva aasta liikmemaksu tasumise t\u00e4htaeg on [&hellip;]<\/p>\n","protected":false},"author":1,"featured_media":0,"parent":0,"menu_order":0,"comment_status":"closed","ping_status":"closed","template":"","meta":{"_genesis_hide_title":false,"_genesis_hide_breadcrumbs":false,"_genesis_hide_singular_image":false,"_genesis_hide_footer_widgets":false,"_genesis_custom_body_class":"","_genesis_custom_post_class":"","_genesis_layout":"","footnotes":""},"class_list":{"0":"post-719547","1":"page","2":"type-page","3":"status-publish","5":"entry"},"_links":{"self":[{"href":"https:\/\/www.fyysika.ee\/index.php?rest_route=\/wp\/v2\/pages\/719547","targetHints":{"allow":["GET"]}}],"collection":[{"href":"https:\/\/www.fyysika.ee\/index.php?rest_route=\/wp\/v2\/pages"}],"about":[{"href":"https:\/\/www.fyysika.ee\/index.php?rest_route=\/wp\/v2\/types\/page"}],"author":[{"embeddable":true,"href":"https:\/\/www.fyysika.ee\/index.php?rest_route=\/wp\/v2\/users\/1"}],"replies":[{"embeddable":true,"href":"https:\/\/www.fyysika.ee\/index.php?rest_route=%2Fwp%2Fv2%2Fcomments&post=719547"}],"version-history":[{"count":4,"href":"https:\/\/www.fyysika.ee\/index.php?rest_route=\/wp\/v2\/pages\/719547\/revisions"}],"predecessor-version":[{"id":719676,"href":"https:\/\/www.fyysika.ee\/index.php?rest_route=\/wp\/v2\/pages\/719547\/revisions\/719676"}],"wp:attachment":[{"href":"https:\/\/www.fyysika.ee\/index.php?rest_route=%2Fwp%2Fv2%2Fmedia&parent=719547"}],"curies":[{"name":"wp","href":"https:\/\/api.w.org\/{rel}","templated":true}]}}