{"id":2281,"date":"2022-02-13T14:55:38","date_gmt":"2022-02-13T12:55:38","guid":{"rendered":"https:\/\/www.fyysika.ee\/vorgustik\/?page_id=2281"},"modified":"2022-09-13T12:22:59","modified_gmt":"2022-09-13T09:22:59","slug":"fuusikaopetajate-suvekool-2022","status":"publish","type":"page","link":"https:\/\/www.fyysika.ee\/vorgustik\/?page_id=2281","title":{"rendered":"F\u00fc\u00fcsika\u00f5petajate suvekool 2022"},"content":{"rendered":"<p>F\u00fc\u00fcsika\u00f5petajate suvekool toimus 8.-9. augustil <a href=\"https:\/\/www.setotalu.ee\/\">Setomaa Turismitalus.<\/a><\/p>\n<p>P\u00c4EVAKAVA<\/p>\n<p><strong>8. august<\/strong><\/p>\n<p>10.00 Saabumine ja kohanemine, suupisted.<\/p>\n<p>11.00 Tervitus. Ma ei ole sellega n\u00f5us.<\/p>\n<p>11.10 Loeng \u201eTehisp\u00e4ike: miks, kuidas ja millal?<span style=\"font-size: 1rem;\">\u201c<\/span><span style=\"font-size: 1rem;\">\u00a0Indrek J\u00f5gi (T\u00dc FI)<\/span><\/p>\n<p>12.00 Loeng \u201eFilamendid ja 4MOST<span style=\"font-size: 1rem;\">\u201c<\/span><span style=\"font-size: 1rem;\">, Elmo Tempel (T\u00dc TO)<\/span><\/p>\n<p>13.00 L\u00f5una.<\/p>\n<p>14.00 EFS FO, kokkuv\u00f5te ja uus juhatus.<\/p>\n<p>15.00 T\u00f6\u00f6toad I<\/p>\n<ol>\n<li style=\"list-style-type: none;\">\n<ol>\n<li>Liivalosside teooria ja praktika. Jaan Paaver (HTG) <a href=\"http:\/\/www.fyysika.ee\/vorgustik\/wp-content\/uploads\/2022\/09\/Liiv.pdf\">T\u00f6\u00f6leht.<\/a><\/li>\n<li><a style=\"color: #000000;\" href=\"https:\/\/mondo.org.ee\/kliima\/\">Mondo Kliimakool.<\/a> j\u00e4i \u00e4ra.<\/li>\n<li>Kuidas erinevad j\u00f5uimpulss ja impulss? Praktikum Vernier nutivankritega.<br \/>\nReivo Maasik (Tallinna Reaalkool)<\/li>\n<li>P\u00e4ikeseauto. Rauno Neito<\/li>\n<li><a href=\"https:\/\/praktikal.ee\/\">Praktikal.<\/a> Kaido Reivelt<\/li>\n<\/ol>\n<\/li>\n<\/ol>\n<p>16.00 Paus, joogid ja suupisted.<br \/>\nTorni k\u00f5rguse m\u00f5\u00f5tmise vabatahtlik ja tasuta t\u00f6\u00f6tuba k\u00f5igile soovijaile. Jaan Paaver (HTG) <a href=\"http:\/\/www.fyysika.ee\/vorgustik\/wp-content\/uploads\/2022\/09\/Torn.pdf\">T\u00f6\u00f6leht.<\/a><\/p>\n<p>17.30 T\u00f6\u00f6toad II.<\/p>\n<p>18.30 \u00d5htus\u00f6\u00f6k.<\/p>\n<p>19.30 Seltskondlik loodusvaatlus ja sumin saunas.<\/p>\n<p><strong>9. august<\/strong><\/p>\n<p>9.00 Hommikus\u00f6\u00f6k.<\/p>\n<p>9. 50 P\u00e4eva k\u00e4ivitamine. V\u00e4ga l\u00fchikesed vastused kahele t\u00e4htsale k\u00fcsimusele<br \/>\n(Ei, need ei ole \u00f5petajate puudus ja v\u00e4ike palk.)<\/p>\n<p>10.00 <a href=\"https:\/\/laeend.ee\/\">Lae end<\/a> on Praktikal.<\/p>\n<p>10.45 \u00dche f\u00fc\u00fcsika \u00fclesande lugu.<\/p>\n<p>11.45 T\u00f6\u00f6toad III.<\/p>\n<p>12.45 L\u00f5una.<\/p>\n<p>Kojus\u00f5it.<\/p>\n","protected":false},"excerpt":{"rendered":"<p>F\u00fc\u00fcsika\u00f5petajate suvekool toimus 8.-9. augustil Setomaa Turismitalus. P\u00c4EVAKAVA 8. august 10.00 Saabumine ja kohanemine, suupisted. 11.00 Tervitus. Ma ei ole sellega n\u00f5us. 11.10 Loeng \u201eTehisp\u00e4ike: miks, kuidas ja millal?\u201c\u00a0Indrek J\u00f5gi (T\u00dc FI) 12.00 Loeng \u201eFilamendid ja 4MOST\u201c, Elmo Tempel (T\u00dc TO) 13.00 L\u00f5una. 14.00 EFS FO, kokkuv\u00f5te ja uus juhatus. 15.00 T\u00f6\u00f6toad I Liivalosside teooria &hellip; <\/p>\n<p class=\"link-more\"><a href=\"https:\/\/www.fyysika.ee\/vorgustik\/?page_id=2281\" class=\"more-link\">Loe edasi<span class=\"screen-reader-text\"> &#8220;F\u00fc\u00fcsika\u00f5petajate suvekool 2022&#8221;<\/span><\/a><\/p>\n","protected":false},"author":1,"featured_media":0,"parent":0,"menu_order":0,"comment_status":"closed","ping_status":"closed","template":"","meta":[],"_links":{"self":[{"href":"https:\/\/www.fyysika.ee\/vorgustik\/index.php?rest_route=\/wp\/v2\/pages\/2281"}],"collection":[{"href":"https:\/\/www.fyysika.ee\/vorgustik\/index.php?rest_route=\/wp\/v2\/pages"}],"about":[{"href":"https:\/\/www.fyysika.ee\/vorgustik\/index.php?rest_route=\/wp\/v2\/types\/page"}],"author":[{"embeddable":true,"href":"https:\/\/www.fyysika.ee\/vorgustik\/index.php?rest_route=\/wp\/v2\/users\/1"}],"replies":[{"embeddable":true,"href":"https:\/\/www.fyysika.ee\/vorgustik\/index.php?rest_route=%2Fwp%2Fv2%2Fcomments&post=2281"}],"version-history":[{"count":20,"href":"https:\/\/www.fyysika.ee\/vorgustik\/index.php?rest_route=\/wp\/v2\/pages\/2281\/revisions"}],"predecessor-version":[{"id":2315,"href":"https:\/\/www.fyysika.ee\/vorgustik\/index.php?rest_route=\/wp\/v2\/pages\/2281\/revisions\/2315"}],"wp:attachment":[{"href":"https:\/\/www.fyysika.ee\/vorgustik\/index.php?rest_route=%2Fwp%2Fv2%2Fmedia&parent=2281"}],"curies":[{"name":"wp","href":"https:\/\/api.w.org\/{rel}","templated":true}]}}