{"id":2335,"date":"2023-03-18T21:43:23","date_gmt":"2023-03-18T19:43:23","guid":{"rendered":"https:\/\/www.fyysika.ee\/vorgustik\/?page_id=2335"},"modified":"2023-03-18T21:52:01","modified_gmt":"2023-03-18T19:52:01","slug":"2335-2","status":"publish","type":"page","link":"https:\/\/www.fyysika.ee\/vorgustik\/?page_id=2335","title":{"rendered":"Eesti F\u00fc\u00fcsika Seltsi f\u00fc\u00fcsika\u00f5petajate osakond"},"content":{"rendered":"<p style=\"text-align: center;\"><strong>P\u00f5hikiri<\/strong><\/p>\n<p><strong>1.<\/strong> Eesti F\u00fc\u00fcsika Seltsi (EFS) f\u00fc\u00fcsika\u00f5petajate osakond (FO) \u00fchendab ja esindab Eesti f\u00fc\u00fcsika\u00f5petajaid, f\u00fc\u00fcsika\u00f5petajate \u00f5petajaid ja k\u00f5iki, kes tunnevad end olevat f\u00fc\u00fcsika\u00f5petajate kogukonna ja v\u00f5rgustiku liige.<br \/>\nEFS FO missioon on hoida ja arendada kvaliteetset f\u00fc\u00fcsikaharidust Eestis ning toetada Eesti f\u00fc\u00fcsika\u00f5petajate professionaalset arengut.<br \/>\n<strong>2.<\/strong> EFS FO k\u00f5rgeim organ on liikmete \u00fcldkoosolek. \u00dcldkoosolek (\u00fcldkogu) toimub hea tava j\u00e4rgi kord aastas nendel \u00fcritustel, kuhu on oodata palju FO liikmeid (suvekoolid, koolif\u00fc\u00fcsika seminarid, suured koolitused, f\u00fc\u00fcsikap\u00e4evad vms).<br \/>\n<strong>3.<\/strong> \u00dcldkogul valitakse FO juhatus. Kui \u00fcldkogu ei otsusta teisiti, on juhatuses v\u00e4hemalt viis liiget ja see valitakse kolmeks aastaks. Juhatus valib esimehe ja laekuri.<br \/>\n<strong>4.<\/strong> FO juhatus esindab osakonda ja korraldab osakonna igap\u00e4evast tegevust. Selleks teatab FO juhatus liikmetele \u00fcldkogu toimumise aja ja koha, peab arvestust liikmete ja liikmemaksude \u00fcle ning annab liikmetele ja EFS-ile osakonna tegevusest aru.<\/p>\n<p style=\"text-align: right;\"><em>L\u00e4bi arutatud ja heaks kiidetud EFS FO juhatuse koosolekul 18.3.2023<\/em><\/p>\n","protected":false},"excerpt":{"rendered":"<p>P\u00f5hikiri 1. Eesti F\u00fc\u00fcsika Seltsi (EFS) f\u00fc\u00fcsika\u00f5petajate osakond (FO) \u00fchendab ja esindab Eesti f\u00fc\u00fcsika\u00f5petajaid, f\u00fc\u00fcsika\u00f5petajate \u00f5petajaid ja k\u00f5iki, kes tunnevad end olevat f\u00fc\u00fcsika\u00f5petajate kogukonna ja v\u00f5rgustiku liige. EFS FO missioon on hoida ja arendada kvaliteetset f\u00fc\u00fcsikaharidust Eestis ning toetada Eesti f\u00fc\u00fcsika\u00f5petajate professionaalset arengut. 2. EFS FO k\u00f5rgeim organ on liikmete \u00fcldkoosolek. \u00dcldkoosolek (\u00fcldkogu) toimub hea &hellip; <\/p>\n<p class=\"link-more\"><a href=\"https:\/\/www.fyysika.ee\/vorgustik\/?page_id=2335\" class=\"more-link\">Loe edasi<span class=\"screen-reader-text\"> &#8220;Eesti F\u00fc\u00fcsika Seltsi f\u00fc\u00fcsika\u00f5petajate osakond&#8221;<\/span><\/a><\/p>\n","protected":false},"author":2,"featured_media":0,"parent":0,"menu_order":0,"comment_status":"closed","ping_status":"closed","template":"","meta":[],"_links":{"self":[{"href":"https:\/\/www.fyysika.ee\/vorgustik\/index.php?rest_route=\/wp\/v2\/pages\/2335"}],"collection":[{"href":"https:\/\/www.fyysika.ee\/vorgustik\/index.php?rest_route=\/wp\/v2\/pages"}],"about":[{"href":"https:\/\/www.fyysika.ee\/vorgustik\/index.php?rest_route=\/wp\/v2\/types\/page"}],"author":[{"embeddable":true,"href":"https:\/\/www.fyysika.ee\/vorgustik\/index.php?rest_route=\/wp\/v2\/users\/2"}],"replies":[{"embeddable":true,"href":"https:\/\/www.fyysika.ee\/vorgustik\/index.php?rest_route=%2Fwp%2Fv2%2Fcomments&post=2335"}],"version-history":[{"count":9,"href":"https:\/\/www.fyysika.ee\/vorgustik\/index.php?rest_route=\/wp\/v2\/pages\/2335\/revisions"}],"predecessor-version":[{"id":2345,"href":"https:\/\/www.fyysika.ee\/vorgustik\/index.php?rest_route=\/wp\/v2\/pages\/2335\/revisions\/2345"}],"wp:attachment":[{"href":"https:\/\/www.fyysika.ee\/vorgustik\/index.php?rest_route=%2Fwp%2Fv2%2Fmedia&parent=2335"}],"curies":[{"name":"wp","href":"https:\/\/api.w.org\/{rel}","templated":true}]}}