{"id":2579,"date":"2025-09-16T08:47:16","date_gmt":"2025-09-16T05:47:16","guid":{"rendered":"https:\/\/www.fyysika.ee\/vorgustik\/?page_id=2579"},"modified":"2025-12-23T08:09:25","modified_gmt":"2025-12-23T06:09:25","slug":"fuusikaopetajate-sugisseminar-2025","status":"publish","type":"page","link":"https:\/\/www.fyysika.ee\/vorgustik\/?page_id=2579","title":{"rendered":"F\u00fc\u00fcsika\u00f5petajate s\u00fcgisseminar 2025"},"content":{"rendered":"<p><strong>I p\u00e4ev (14.11)<\/strong><\/p>\n<p><strong>10:30-11:00<\/strong> Saabumine.<\/p>\n<p><strong>11:00 <\/strong>Kuidas me teame, millest t\u00e4hed tehtud on? (Kaido Reivelt, T\u00dc).<\/p>\n<p><strong>12:00<\/strong> <a href=\"https:\/\/drive.google.com\/file\/d\/19l5Cb9BG7w-evAWL3XPlhMGUMESoEfyO\/view?usp=sharing\">Radioaktiivsete j\u00e4\u00e4tmete k\u00e4itlemine<\/a> (Karin Muru, Keskkonnaamet; Maria Leier, Keskkonnaministeerium).<\/p>\n<p><strong>13:00<\/strong> Kohvipaus.<\/p>\n<p><strong>13:15<\/strong> T\u00f6\u00f6toad I.<\/p>\n<ul>\n<li><a href=\"http:\/\/www.fyysika.ee\/vorgustik\/wp-content\/uploads\/2025\/12\/10kl-kiirendusega-liikuva-keha-kaal_Maasik_Reimann.pdf\">Kiikumise f\u00fc\u00fcsika!<\/a> Kuidas praktiliselt m\u00e4\u00e4rata kiirendusega liikuva keha kaalu ilma liftita koolihoones (Toomas Reimann ja Reivo Maasik, Tallinna Reaalkool).<\/li>\n<li><a href=\"http:\/\/www.fyysika.ee\/vorgustik\/wp-content\/uploads\/2025\/12\/Vonkeringid_Voore_Erkki_Soika.pdf\">V\u00f5nkeringid<\/a> (Erkki Soika, Gustav Adolfi G\u00fcmnaasium\/TL\u00dc).<\/li>\n<li>Kuu p\u00f6\u00f6rlemisperioodi m\u00e4\u00e4ramine Apollo missioonide piltide j\u00e4rgi (Vladislav-Veniamin Pust\u00f5nski, TalTech). <a href=\"http:\/\/www.fyysika.ee\/vorgustik\/wp-content\/uploads\/2025\/12\/Kuu-poorlemisperioodi-maaramine.pdf\">Kuu p\u00f6\u00f6rlemisperioodi m\u00e4\u00e4ramine.<\/a> <a href=\"https:\/\/drive.google.com\/file\/d\/1CgR-6A14utv0xH54UtndmOqjzdbms0xJ\/view?usp=sharing\">Slaidid<\/a>. <a href=\"http:\/\/www.fyysika.ee\/vorgustik\/wp-content\/uploads\/2025\/12\/Moon-rotation.xlsx\">Moon rotation (Exceli tabel)<\/a>.<\/li>\n<li>Radioaktiivse kiirguse m\u00f5\u00f5tmine (Eero Uustalu, TalTech).<\/li>\n<li>Telefoni massi m\u00e4\u00e4ramine Physics Toolboxi rakendusi kasutades (Agnes Vask, Tartu Tamme G\u00fcmnaasium)..<\/li>\n<li>Elektronist elektrikitarrini (Kaido Reivelt, T\u00dc)<\/li>\n<li>TI kasutamine \u00f5ppet\u00f6\u00f6s (Erkki Tempel, S\u00fctevaka Humanitaarg\u00fcmnaasium).<\/li>\n<\/ul>\n<p><strong>14:15<\/strong> L\u00f5una<\/p>\n<p><strong>15:15<\/strong> <span style=\"font-size: 1rem;\">L\u00fchiettekanded:<\/span><\/p>\n<p>\u00d5petajad MaxLab`is (Daniel Kaasik, Riina Murulaid).<br \/>\nLae end programm f\u00fc\u00fcsika\u00f5petajatele (\u201eLae end\u201c programmi vilistlased).<br \/>\nFO juhatus annab (viimast korda) aru (Eveli Raudla).<br \/>\nValime uue juhatuse.<\/p>\n<p><strong>16:45<\/strong>\u00a0<a href=\"https:\/\/drive.google.com\/file\/d\/1iw7n2DHoS8rJ3rUjA3xkzgsWfJiGSlNO\/view?usp=sharing\">F\u00fc\u00fcsika \u00f5petamisest \u00fclikoolis<\/a> (Tiia R\u00fc\u00fctmann, TalTech).<\/p>\n<p><strong>17:45<\/strong> Kohvipaus.<\/p>\n<p><strong>18:00<\/strong> T\u00f6\u00f6toad II.<\/p>\n<p><strong>19:00<\/strong> \u00d5htus\u00f6\u00f6k, loodusvaatlused, sumin ja saun.<\/p>\n<p><strong>II p\u00e4ev (15.11)<\/strong><\/p>\n<p><strong>9:00<\/strong> Hommikus\u00f6\u00f6k ja oodatud tervitus k\u00f5igile, kes on esimese p\u00e4eva vastu pidasid.<\/p>\n<p><strong>10:00<\/strong> L\u00fchiettekanded:<\/p>\n<ul>\n<li>E-hindamisvahendid abiks \u00f5petajatele III ja IV kooliastmes (Reelika Rohtla, HARNO).<\/li>\n<li>Uued \u00f5ppematerjalid (Jaana Mihaili\u0161ina, Riina Murulaid, Eveli Raudla, Kaido Reivelt, Anton Leppik).<\/li>\n<\/ul>\n<p><strong>11:00<\/strong> <a href=\"http:\/\/www.fyysika.ee\/vorgustik\/wp-content\/uploads\/2025\/12\/Kvantkeemia2_Peeter_Burk.pdf\">Kvantkeemia<\/a> (Peeter Burk, T\u00dc).<\/p>\n<p><strong>12:00<\/strong> T\u00f6\u00f6toad III.<\/p>\n<p><strong>13:00<\/strong> L\u00f5una ja kojus\u00f5it.<\/p>\n","protected":false},"excerpt":{"rendered":"<p>I p\u00e4ev (14.11) 10:30-11:00 Saabumine. 11:00 Kuidas me teame, millest t\u00e4hed tehtud on? (Kaido Reivelt, T\u00dc). 12:00 Radioaktiivsete j\u00e4\u00e4tmete k\u00e4itlemine (Karin Muru, Keskkonnaamet; Maria Leier, Keskkonnaministeerium). 13:00 Kohvipaus. 13:15 T\u00f6\u00f6toad I. Kiikumise f\u00fc\u00fcsika! Kuidas praktiliselt m\u00e4\u00e4rata kiirendusega liikuva keha kaalu ilma liftita koolihoones (Toomas Reimann ja Reivo Maasik, Tallinna Reaalkool). V\u00f5nkeringid (Erkki Soika, Gustav Adolfi &hellip; <\/p>\n<p class=\"link-more\"><a href=\"https:\/\/www.fyysika.ee\/vorgustik\/?page_id=2579\" class=\"more-link\">Loe edasi<span class=\"screen-reader-text\"> &#8220;F\u00fc\u00fcsika\u00f5petajate s\u00fcgisseminar 2025&#8221;<\/span><\/a><\/p>\n","protected":false},"author":2,"featured_media":0,"parent":0,"menu_order":0,"comment_status":"closed","ping_status":"closed","template":"","meta":[],"_links":{"self":[{"href":"https:\/\/www.fyysika.ee\/vorgustik\/index.php?rest_route=\/wp\/v2\/pages\/2579"}],"collection":[{"href":"https:\/\/www.fyysika.ee\/vorgustik\/index.php?rest_route=\/wp\/v2\/pages"}],"about":[{"href":"https:\/\/www.fyysika.ee\/vorgustik\/index.php?rest_route=\/wp\/v2\/types\/page"}],"author":[{"embeddable":true,"href":"https:\/\/www.fyysika.ee\/vorgustik\/index.php?rest_route=\/wp\/v2\/users\/2"}],"replies":[{"embeddable":true,"href":"https:\/\/www.fyysika.ee\/vorgustik\/index.php?rest_route=%2Fwp%2Fv2%2Fcomments&post=2579"}],"version-history":[{"count":16,"href":"https:\/\/www.fyysika.ee\/vorgustik\/index.php?rest_route=\/wp\/v2\/pages\/2579\/revisions"}],"predecessor-version":[{"id":2623,"href":"https:\/\/www.fyysika.ee\/vorgustik\/index.php?rest_route=\/wp\/v2\/pages\/2579\/revisions\/2623"}],"wp:attachment":[{"href":"https:\/\/www.fyysika.ee\/vorgustik\/index.php?rest_route=%2Fwp%2Fv2%2Fmedia&parent=2579"}],"curies":[{"name":"wp","href":"https:\/\/api.w.org\/{rel}","templated":true}]}}